{"id":8321,"date":"2022-03-29T17:06:10","date_gmt":"2022-03-29T15:06:10","guid":{"rendered":"https:\/\/elkarhezi.eus\/behebarrua\/"},"modified":"2022-03-29T17:07:53","modified_gmt":"2022-03-29T15:07:53","slug":"behebarrua","status":"publish","type":"page","link":"https:\/\/elkarhezi.eus\/es\/behebarrua\/","title":{"rendered":"BEHEBARRUA"},"content":{"rendered":"<p><div class=\"et_d4_element et_pb_section et_pb_section_0  et_pb_css_mix_blend_mode et_section_regular et_block_section\" >\n\t\t\t\t\n\t\t\t\t\n\t\t\t\t\n\t\t\t\t\n\t\t\t\t\n\t\t\t\t\n\t\t\t\t<div class=\"et_d4_element et_pb_row et_pb_row_0  et_pb_css_mix_blend_mode et_block_row\">\n\t\t\t\t<div class=\"et_d4_element et_pb_column_4_4 et_pb_column et_pb_column_0  et_pb_css_mix_blend_mode et-last-child et_block_column\">\n\t\t\t\t\n\t\t\t\t\n\t\t\t\t\n\t\t\t\t\n\t\t\t\t<div class=\"et_pb_module et_d4_element et_pb_image et_pb_image_0\">\n\t\t\t\t\n\t\t\t\t\n\t\t\t\t\n\t\t\t\t\n\t\t\t\t<span class=\"et_pb_image_wrap \"><img loading=\"lazy\" decoding=\"async\" width=\"2560\" height=\"471\" src=\"https:\/\/elkarhezi.eus\/wp-content\/uploads\/2022\/03\/behebarrua_Mesa-de-trabajo-2-1-scaled.jpg\" alt=\"\" title=\"behebarrua_Mesa de trabajo 2\" srcset=\"https:\/\/elkarhezi.eus\/wp-content\/uploads\/2022\/03\/behebarrua_Mesa-de-trabajo-2-1-scaled.jpg 2560w, https:\/\/elkarhezi.eus\/wp-content\/uploads\/2022\/03\/behebarrua_Mesa-de-trabajo-2-1-1280x236.jpg 1280w, https:\/\/elkarhezi.eus\/wp-content\/uploads\/2022\/03\/behebarrua_Mesa-de-trabajo-2-1-980x180.jpg 980w, https:\/\/elkarhezi.eus\/wp-content\/uploads\/2022\/03\/behebarrua_Mesa-de-trabajo-2-1-480x88.jpg 480w\" sizes=\"(min-width: 0px) and (max-width: 480px) 480px, (min-width: 481px) and (max-width: 980px) 980px, (min-width: 981px) and (max-width: 1280px) 1280px, (min-width: 1281px) 2560px, 100vw\" class=\"wp-image-8209\" \/><\/span>\n\t\t\t<\/div>\n\t\t\t<\/div>\n\t\t\t\t\n\t\t\t\t\n\t\t\t\t\n\t\t\t\t\n\t\t\t<\/div>\n\t\t\t\t\n\t\t\t\t\n\t\t\t<\/div><div class=\"et_d4_element et_pb_section et_pb_section_1  et_pb_css_mix_blend_mode et_section_regular et_block_section\" >\n\t\t\t\t\n\t\t\t\t\n\t\t\t\t\n\t\t\t\t\n\t\t\t\t\n\t\t\t\t\n\t\t\t\t<div class=\"et_d4_element et_pb_row et_pb_row_1  et_pb_css_mix_blend_mode et_block_row\">\n\t\t\t\t<div class=\"et_d4_element et_pb_column_3_5 et_pb_column et_pb_column_1  et_pb_css_mix_blend_mode et_block_column\">\n\t\t\t\t\n\t\t\t\t\n\t\t\t\t\n\t\t\t\t\n\t\t\t\t<div class=\"et_pb_module et_d4_element et_pb_text et_pb_text_0  et_pb_text_align_left et_pb_bg_layout_light\">\n\t\t\t\t\n\t\t\t\t\n\t\t\t\t\n\t\t\t\t\n\t\t\t\t<div class=\"et_pb_text_inner\"><p>Un territorio en el que es posible so\u00f1ar, reinterpretar, moldear, crear, construir, con la fragilidad de un reci\u00e9n nacido, pero con la fortaleza de ser un espacio org\u00e1nico y vivo.<\/p>\n<p>Un nuevo h\u00e1bitat en el que los participantes sonr\u00eden ante los retos, se refugian, donde la cultura, el arte y la filosof\u00eda florecen nuevos mimbres. Mimbres para tejer una nueva forma de entender la vida y la educaci\u00f3n en torno a valores como la ecolog\u00eda, la equidad, el feminismo y la solidaridad.<\/p>\n<p><span style=\"font-weight: 400;\">\u00a0<\/span><\/p><\/div>\n\t\t\t<\/div>\n\t\t\t<\/div><div class=\"et_d4_element et_pb_column_2_5 et_pb_column et_pb_column_2  et_pb_css_mix_blend_mode et-last-child et_block_column\">\n\t\t\t\t\n\t\t\t\t\n\t\t\t\t\n\t\t\t\t\n\t\t\t\t<div class=\"et_pb_module et_d4_element et_pb_image et_pb_image_1\">\n\t\t\t\t\n\t\t\t\t\n\t\t\t\t\n\t\t\t\t\n\t\t\t\t<span class=\"et_pb_image_wrap \"><img loading=\"lazy\" decoding=\"async\" width=\"3520\" height=\"2481\" src=\"https:\/\/elkarhezi.eus\/wp-content\/uploads\/2022\/03\/n042_ElkarHezi_Ezstigunea_20200203_Pagina_60.png\" alt=\"\" title=\"n042_ElkarHezi_Ezstigunea_20200203_P\u00e1gina_60\" srcset=\"https:\/\/elkarhezi.eus\/wp-content\/uploads\/2022\/03\/n042_ElkarHezi_Ezstigunea_20200203_Pagina_60.png 3520w, https:\/\/elkarhezi.eus\/wp-content\/uploads\/2022\/03\/n042_ElkarHezi_Ezstigunea_20200203_Pagina_60-1280x902.png 1280w, https:\/\/elkarhezi.eus\/wp-content\/uploads\/2022\/03\/n042_ElkarHezi_Ezstigunea_20200203_Pagina_60-980x691.png 980w, https:\/\/elkarhezi.eus\/wp-content\/uploads\/2022\/03\/n042_ElkarHezi_Ezstigunea_20200203_Pagina_60-480x338.png 480w\" sizes=\"(min-width: 0px) and (max-width: 480px) 480px, (min-width: 481px) and (max-width: 980px) 980px, (min-width: 981px) and (max-width: 1280px) 1280px, (min-width: 1281px) 3520px, 100vw\" class=\"wp-image-8211\" \/><\/span>\n\t\t\t<\/div>\n\t\t\t<\/div>\n\t\t\t\t\n\t\t\t\t\n\t\t\t\t\n\t\t\t\t\n\t\t\t<\/div><div class=\"et_d4_element et_pb_row et_pb_row_2  et_pb_css_mix_blend_mode et_block_row\">\n\t\t\t\t<div class=\"et_d4_element et_pb_column_4_4 et_pb_column et_pb_column_3  et_pb_css_mix_blend_mode et-last-child et_block_column\">\n\t\t\t\t\n\t\t\t\t\n\t\t\t\t\n\t\t\t\t\n\t\t\t\t<div class=\"et_pb_module et_d4_element et_pb_testimonial et_pb_testimonial_0  et_pb_css_mix_blend_mode clearfix  et_pb_text_align_left et_pb_bg_layout_light et_block_module et_pb_testimonial_no_image\">\n\t\t\t\t\n\t\t\t\t\n\t\t\t\t\n\t\t\t\t\n\t\t\t\t<div style=\"background-image:url(https:\/\/elkarhezi.eus\/wp-content\/uploads\/2022\/03\/narrazio_guztiak.jpg)\" class=\"et_pb_testimonial_portrait\"><\/div>\n\t\t\t\t<div class=\"et_pb_testimonial_description\">\n\t\t\t\t\t<div class=\"et_pb_testimonial_description_inner\"><div class=\"et_pb_testimonial_content\"><p><i><span style=\"font-weight: 400;\">\u201c...<\/span><\/i><i><span style=\"font-weight: 400;\"><b>atartean<\/b> nengoela, amak altzoan hartu ninduen, eta emeki esan zidan...\u201d<\/span><\/i><\/p><\/div><\/div>\n\t\t\t\t\t<span class=\"et_pb_testimonial_author\">Joseba Sarrionandia, \u201cNarrazio guztiak (1979-1990)\u201d<\/span>\n\t\t\t\t\t<p class=\"et_pb_testimonial_meta\"><\/p>\n\t\t\t\t<\/div>\n\t\t\t<\/div>\n\t\t\t<\/div>\n\t\t\t\t\n\t\t\t\t\n\t\t\t\t\n\t\t\t\t\n\t\t\t<\/div>\n\t\t\t\t\n\t\t\t\t\n\t\t\t<\/div><\/p>\n","protected":false},"excerpt":{"rendered":"","protected":false},"author":3,"featured_media":8210,"parent":0,"menu_order":0,"comment_status":"closed","ping_status":"closed","template":"","meta":{"_et_pb_use_builder":"on","_et_pb_old_content":"","_et_gb_content_width":"","footnotes":""},"class_list":["post-8321","page","type-page","status-publish","has-post-thumbnail","hentry"],"_links":{"self":[{"href":"https:\/\/elkarhezi.eus\/es\/wp-json\/wp\/v2\/pages\/8321","targetHints":{"allow":["GET"]}}],"collection":[{"href":"https:\/\/elkarhezi.eus\/es\/wp-json\/wp\/v2\/pages"}],"about":[{"href":"https:\/\/elkarhezi.eus\/es\/wp-json\/wp\/v2\/types\/page"}],"author":[{"embeddable":true,"href":"https:\/\/elkarhezi.eus\/es\/wp-json\/wp\/v2\/users\/3"}],"replies":[{"embeddable":true,"href":"https:\/\/elkarhezi.eus\/es\/wp-json\/wp\/v2\/comments?post=8321"}],"version-history":[{"count":1,"href":"https:\/\/elkarhezi.eus\/es\/wp-json\/wp\/v2\/pages\/8321\/revisions"}],"predecessor-version":[{"id":8323,"href":"https:\/\/elkarhezi.eus\/es\/wp-json\/wp\/v2\/pages\/8321\/revisions\/8323"}],"wp:featuredmedia":[{"embeddable":true,"href":"https:\/\/elkarhezi.eus\/es\/wp-json\/wp\/v2\/media\/8210"}],"wp:attachment":[{"href":"https:\/\/elkarhezi.eus\/es\/wp-json\/wp\/v2\/media?parent=8321"}],"curies":[{"name":"wp","href":"https:\/\/api.w.org\/{rel}","templated":true}]}}