{"id":8304,"date":"2022-03-25T10:39:09","date_gmt":"2022-03-25T09:39:09","guid":{"rendered":"https:\/\/elkarhezi.eus\/izan\/"},"modified":"2022-03-25T10:39:09","modified_gmt":"2022-03-25T09:39:09","slug":"izan","status":"publish","type":"page","link":"https:\/\/elkarhezi.eus\/es\/behebarrua\/izan\/","title":{"rendered":"IZAN"},"content":{"rendered":"<p><div class=\"et_d4_element et_pb_section et_pb_section_0  et_pb_css_mix_blend_mode et_section_regular et_block_section\" >\n\t\t\t\t\n\t\t\t\t\n\t\t\t\t\n\t\t\t\t\n\t\t\t\t\n\t\t\t\t\n\t\t\t\t<div class=\"et_d4_element et_pb_row et_pb_row_0  et_pb_css_mix_blend_mode et_block_row\">\n\t\t\t\t<div class=\"et_d4_element et_pb_column_4_4 et_pb_column et_pb_column_0  et_pb_css_mix_blend_mode et-last-child et_block_column\">\n\t\t\t\t\n\t\t\t\t\n\t\t\t\t\n\t\t\t\t\n\t\t\t\t<div class=\"et_pb_module et_d4_element et_pb_image et_pb_image_0\">\n\t\t\t\t\n\t\t\t\t\n\t\t\t\t\n\t\t\t\t\n\t\t\t\t<span class=\"et_pb_image_wrap \"><img loading=\"lazy\" decoding=\"async\" width=\"2481\" height=\"626\" src=\"https:\/\/elkarhezi.eus\/wp-content\/uploads\/2022\/03\/IZAN-.jpg\" alt=\"\" title=\"IZAN\" srcset=\"https:\/\/elkarhezi.eus\/wp-content\/uploads\/2022\/03\/IZAN-.jpg 2481w, https:\/\/elkarhezi.eus\/wp-content\/uploads\/2022\/03\/IZAN--1280x323.jpg 1280w, https:\/\/elkarhezi.eus\/wp-content\/uploads\/2022\/03\/IZAN--980x247.jpg 980w, https:\/\/elkarhezi.eus\/wp-content\/uploads\/2022\/03\/IZAN--480x121.jpg 480w\" sizes=\"(min-width: 0px) and (max-width: 480px) 480px, (min-width: 481px) and (max-width: 980px) 980px, (min-width: 981px) and (max-width: 1280px) 1280px, (min-width: 1281px) 2481px, 100vw\" class=\"wp-image-8220\" \/><\/span>\n\t\t\t<\/div>\n\t\t\t<\/div>\n\t\t\t\t\n\t\t\t\t\n\t\t\t\t\n\t\t\t\t\n\t\t\t<\/div>\n\t\t\t\t\n\t\t\t\t\n\t\t\t<\/div><div class=\"et_d4_element et_pb_section et_pb_section_1  et_pb_css_mix_blend_mode et_section_regular et_block_section\" >\n\t\t\t\t\n\t\t\t\t\n\t\t\t\t\n\t\t\t\t\n\t\t\t\t\n\t\t\t\t\n\t\t\t\t<div class=\"et_d4_element et_pb_row et_pb_row_1  et_pb_css_mix_blend_mode et_block_row\">\n\t\t\t\t<div class=\"et_d4_element et_pb_column_3_5 et_pb_column et_pb_column_1  et_pb_css_mix_blend_mode et_block_column\">\n\t\t\t\t\n\t\t\t\t\n\t\t\t\t\n\t\t\t\t\n\t\t\t\t<div class=\"et_pb_module et_d4_element et_pb_text et_pb_text_0  et_pb_text_align_left et_pb_bg_layout_light\">\n\t\t\t\t\n\t\t\t\t\n\t\t\t\t\n\t\t\t\t\n\t\t\t\t<div class=\"et_pb_text_inner\"><p><b>Ni\u00f1as\/os y j\u00f3venes plenos de SER: abiertas\/os, atentas\/os, sensibles, profundas\/os y aut\u00e9nticas\/os.<\/b><\/p>\n<ul>\n<li style=\"font-weight: 400;\" aria-level=\"1\"><span style=\"font-weight: 400;\">La interioridad es la dimensi\u00f3n m\u00e1s profunda y espec\u00edfica del ser humano.\u00a0<\/span>\n<ul>\n<li style=\"font-weight: 400;\" aria-level=\"2\"><span style=\"font-weight: 400;\">Es el \u00e1mbito inefable e intangible que incluye pensamientos, creencias, valores, emociones, sentimientos, anhelos\u2026\u00a0<\/span><\/li>\n<li style=\"font-weight: 400;\" aria-level=\"2\"><span style=\"font-weight: 400;\">Es el \u00e1mbito del misterio que nos invita a continuas exploraciones.\u00a0<\/span><\/li>\n<\/ul>\n<\/li>\n<\/ul>\n<ul>\n<li style=\"font-weight: 400;\" aria-level=\"1\"><span style=\"font-weight: 400;\">El proceso de interiorizaci\u00f3n es el tiempo\/espacio dedicados al cultivo de esta dimensi\u00f3n. Para ello ofrecemos apoyos y recursos espec\u00edficos (como el caso del Mindfulness) que ayudan a:<\/span>\n<ul>\n<li style=\"font-weight: 400;\" aria-level=\"2\"><span style=\"font-weight: 400;\">Potenciar la capacidad de silencio y atenci\u00f3n plena.<\/span><\/li>\n<li style=\"font-weight: 400;\" aria-level=\"2\"><span style=\"font-weight: 400;\">Desvelar el espacio intuitivo y a desarrollar una nueva manera de ser m\u00e1s libre, despierta, cimentada, consciente, creativa y aut\u00e9ntica.<\/span><\/li>\n<\/ul>\n<\/li>\n<\/ul><\/div>\n\t\t\t<\/div><div class=\"et_pb_module et_d4_element et_pb_text et_pb_text_1  et_pb_text_align_left et_pb_bg_layout_light\">\n\t\t\t\t\n\t\t\t\t\n\t\t\t\t\n\t\t\t\t\n\t\t\t\t<div class=\"et_pb_text_inner\"><blockquote>\n<p><span style=\"font-weight: 400;\">\u2612Un Rinc\u00f3n \u00edntimo y tranquilo para experimentar el espacio interior.<\/span><\/p>\n<p><span style=\"font-weight: 400;\">\u2612 Un Rinc\u00f3n para el desarrollo del autoconocimiento.<\/span><\/p>\n<p><span style=\"font-weight: 400;\">\u2612 Un Rinc\u00f3n para la lectura personal.<\/span><\/p>\n<p><span style=\"font-weight: 400;\">\u2612 Un Umbral para los espacios EREIN y EKIN.<\/span><\/p>\n<\/blockquote><\/div>\n\t\t\t<\/div>\n\t\t\t<\/div><div class=\"et_d4_element et_pb_column_2_5 et_pb_column et_pb_column_2  et_pb_css_mix_blend_mode et-last-child et_block_column\">\n\t\t\t\t\n\t\t\t\t\n\t\t\t\t\n\t\t\t\t\n\t\t\t\t<div class=\"et_pb_with_border et_pb_module et_d4_element et_pb_image et_pb_image_1\">\n\t\t\t\t\n\t\t\t\t\n\t\t\t\t\n\t\t\t\t\n\t\t\t\t<span class=\"et_pb_image_wrap \"><img loading=\"lazy\" decoding=\"async\" width=\"3520\" height=\"2481\" src=\"https:\/\/elkarhezi.eus\/wp-content\/uploads\/2022\/03\/n042_ElkarHezi_Ezstigunea_20200203_Pagina_50.png\" alt=\"\" title=\"n042_ElkarHezi_Ezstigunea_20200203_P\u00e1gina_50\" srcset=\"https:\/\/elkarhezi.eus\/wp-content\/uploads\/2022\/03\/n042_ElkarHezi_Ezstigunea_20200203_Pagina_50.png 3520w, https:\/\/elkarhezi.eus\/wp-content\/uploads\/2022\/03\/n042_ElkarHezi_Ezstigunea_20200203_Pagina_50-1280x902.png 1280w, https:\/\/elkarhezi.eus\/wp-content\/uploads\/2022\/03\/n042_ElkarHezi_Ezstigunea_20200203_Pagina_50-980x691.png 980w, https:\/\/elkarhezi.eus\/wp-content\/uploads\/2022\/03\/n042_ElkarHezi_Ezstigunea_20200203_Pagina_50-480x338.png 480w\" sizes=\"(min-width: 0px) and (max-width: 480px) 480px, (min-width: 481px) and (max-width: 980px) 980px, (min-width: 981px) and (max-width: 1280px) 1280px, (min-width: 1281px) 3520px, 100vw\" class=\"wp-image-8224\" \/><\/span>\n\t\t\t<\/div>\n\t\t\t<\/div>\n\t\t\t\t\n\t\t\t\t\n\t\t\t\t\n\t\t\t\t\n\t\t\t<\/div><div class=\"et_d4_element et_pb_row et_pb_row_2  et_pb_css_mix_blend_mode et_block_row\">\n\t\t\t\t<div class=\"et_d4_element et_pb_column_4_4 et_pb_column et_pb_column_3  et_pb_css_mix_blend_mode et-last-child et_block_column\">\n\t\t\t\t\n\t\t\t\t\n\t\t\t\t\n\t\t\t\t\n\t\t\t\t<div class=\"et_pb_module et_d4_element et_pb_testimonial et_pb_testimonial_0  et_pb_css_mix_blend_mode clearfix  et_pb_text_align_left et_pb_bg_layout_light et_block_module et_pb_testimonial_no_image\">\n\t\t\t\t\n\t\t\t\t\n\t\t\t\t\n\t\t\t\t\n\t\t\t\t<div style=\"background-image:url(https:\/\/elkarhezi.eus\/wp-content\/uploads\/2022\/03\/paulo.jpg)\" class=\"et_pb_testimonial_portrait\"><\/div>\n\t\t\t\t<div class=\"et_pb_testimonial_description\">\n\t\t\t\t\t<div class=\"et_pb_testimonial_description_inner\"><div class=\"et_pb_testimonial_content\"><p><i><span style=\"font-weight: 400;\">\u201cLo que el hombre (ser humano) habla y escribe, y c\u00f3mo habla y escribe, es todo expresi\u00f3n objetiva de su <\/span><\/i><b><i>esp\u00edritu<\/i><\/b><i><span style=\"font-weight: 400;\">\u201d<\/span><\/i><\/p><\/div><\/div>\n\t\t\t\t\t<span class=\"et_pb_testimonial_author\">Paulo Freire, pedagogo liberador, \u201cPedagog\u00eda del Oprimido\u201d<\/span>\n\t\t\t\t\t<p class=\"et_pb_testimonial_meta\"><\/p>\n\t\t\t\t<\/div>\n\t\t\t<\/div>\n\t\t\t<\/div>\n\t\t\t\t\n\t\t\t\t\n\t\t\t\t\n\t\t\t\t\n\t\t\t<\/div>\n\t\t\t\t\n\t\t\t\t\n\t\t\t<\/div><div class=\"et_d4_element et_pb_section et_pb_section_2  et_pb_css_mix_blend_mode et_section_regular et_block_section\" >\n\t\t\t\t\n\t\t\t\t\n\t\t\t\t\n\t\t\t\t\n\t\t\t\t\n\t\t\t\t\n\t\t\t\t<div class=\"et_d4_element et_pb_row et_pb_row_3  et_pb_css_mix_blend_mode et_block_row\">\n\t\t\t\t<div class=\"et_d4_element et_pb_column_4_4 et_pb_column et_pb_column_4  et_pb_css_mix_blend_mode et-last-child et_block_column et_pb_column_empty\">\n\t\t\t\t\n\t\t\t\t\n\t\t\t\t\n\t\t\t\t\n\t\t\t\t\n\t\t\t<\/div>\n\t\t\t\t\n\t\t\t\t\n\t\t\t\t\n\t\t\t\t\n\t\t\t<\/div>\n\t\t\t\t\n\t\t\t\t\n\t\t\t<\/div><\/p>\n","protected":false},"excerpt":{"rendered":"","protected":false},"author":3,"featured_media":8221,"parent":8321,"menu_order":0,"comment_status":"closed","ping_status":"closed","template":"","meta":{"_et_pb_use_builder":"on","_et_pb_old_content":"","_et_gb_content_width":"","footnotes":""},"class_list":["post-8304","page","type-page","status-publish","has-post-thumbnail","hentry"],"_links":{"self":[{"href":"https:\/\/elkarhezi.eus\/es\/wp-json\/wp\/v2\/pages\/8304","targetHints":{"allow":["GET"]}}],"collection":[{"href":"https:\/\/elkarhezi.eus\/es\/wp-json\/wp\/v2\/pages"}],"about":[{"href":"https:\/\/elkarhezi.eus\/es\/wp-json\/wp\/v2\/types\/page"}],"author":[{"embeddable":true,"href":"https:\/\/elkarhezi.eus\/es\/wp-json\/wp\/v2\/users\/3"}],"replies":[{"embeddable":true,"href":"https:\/\/elkarhezi.eus\/es\/wp-json\/wp\/v2\/comments?post=8304"}],"version-history":[{"count":0,"href":"https:\/\/elkarhezi.eus\/es\/wp-json\/wp\/v2\/pages\/8304\/revisions"}],"up":[{"embeddable":true,"href":"https:\/\/elkarhezi.eus\/es\/wp-json\/wp\/v2\/pages\/8321"}],"wp:featuredmedia":[{"embeddable":true,"href":"https:\/\/elkarhezi.eus\/es\/wp-json\/wp\/v2\/media\/8221"}],"wp:attachment":[{"href":"https:\/\/elkarhezi.eus\/es\/wp-json\/wp\/v2\/media?parent=8304"}],"curies":[{"name":"wp","href":"https:\/\/api.w.org\/{rel}","templated":true}]}}