{"id":8303,"date":"2022-03-25T10:38:22","date_gmt":"2022-03-25T09:38:22","guid":{"rendered":"https:\/\/elkarhezi.eus\/erein\/"},"modified":"2022-03-25T10:40:36","modified_gmt":"2022-03-25T09:40:36","slug":"erein","status":"publish","type":"page","link":"https:\/\/elkarhezi.eus\/es\/behebarrua\/erein\/","title":{"rendered":"EREIN"},"content":{"rendered":"<p><div class=\"et_d4_element et_pb_section et_pb_section_0  et_pb_css_mix_blend_mode et_section_regular et_block_section\" >\n\t\t\t\t\n\t\t\t\t\n\t\t\t\t\n\t\t\t\t\n\t\t\t\t\n\t\t\t\t\n\t\t\t\t<div class=\"et_d4_element et_pb_row et_pb_row_0  et_pb_css_mix_blend_mode et_block_row\">\n\t\t\t\t<div class=\"et_d4_element et_pb_column_4_4 et_pb_column et_pb_column_0  et_pb_css_mix_blend_mode et-last-child et_block_column\">\n\t\t\t\t\n\t\t\t\t\n\t\t\t\t\n\t\t\t\t\n\t\t\t\t<div class=\"et_pb_module et_d4_element et_pb_image et_pb_image_0\">\n\t\t\t\t\n\t\t\t\t\n\t\t\t\t\n\t\t\t\t\n\t\t\t\t<span class=\"et_pb_image_wrap \"><img loading=\"lazy\" decoding=\"async\" width=\"2481\" height=\"624\" src=\"https:\/\/elkarhezi.eus\/wp-content\/uploads\/2022\/03\/EREIN-.jpg\" alt=\"\" title=\"EREIN\" srcset=\"https:\/\/elkarhezi.eus\/wp-content\/uploads\/2022\/03\/EREIN-.jpg 2481w, https:\/\/elkarhezi.eus\/wp-content\/uploads\/2022\/03\/EREIN--1280x322.jpg 1280w, https:\/\/elkarhezi.eus\/wp-content\/uploads\/2022\/03\/EREIN--980x246.jpg 980w, https:\/\/elkarhezi.eus\/wp-content\/uploads\/2022\/03\/EREIN--480x121.jpg 480w\" sizes=\"(min-width: 0px) and (max-width: 480px) 480px, (min-width: 481px) and (max-width: 980px) 980px, (min-width: 981px) and (max-width: 1280px) 1280px, (min-width: 1281px) 2481px, 100vw\" class=\"wp-image-8216\" \/><\/span>\n\t\t\t<\/div>\n\t\t\t<\/div>\n\t\t\t\t\n\t\t\t\t\n\t\t\t\t\n\t\t\t\t\n\t\t\t<\/div>\n\t\t\t\t\n\t\t\t\t\n\t\t\t<\/div><div class=\"et_d4_element et_pb_section et_pb_section_1  et_pb_css_mix_blend_mode et_section_regular et_block_section\" >\n\t\t\t\t\n\t\t\t\t\n\t\t\t\t\n\t\t\t\t\n\t\t\t\t\n\t\t\t\t\n\t\t\t\t<div class=\"et_d4_element et_pb_row et_pb_row_1  et_pb_css_mix_blend_mode et_block_row\">\n\t\t\t\t<div class=\"et_d4_element et_pb_column_3_5 et_pb_column et_pb_column_1  et_pb_css_mix_blend_mode et_block_column\">\n\t\t\t\t\n\t\t\t\t\n\t\t\t\t\n\t\t\t\t\n\t\t\t\t<div class=\"et_pb_module et_d4_element et_pb_text et_pb_text_0  et_pb_text_align_left et_pb_bg_layout_light\">\n\t\t\t\t\n\t\t\t\t\n\t\t\t\t\n\t\t\t\t\n\t\t\t\t<div class=\"et_pb_text_inner\"><p style=\"text-align: justify;\"><b>\u00bfQU\u00c9 ES?<\/b><span style=\"font-weight: 400;\"> Cuando hablamos de Estimulaci\u00f3n Temprana hablamos de alimentaci\u00f3n cerebral, de crecimiento neuronal. Uno de los objetivos ser\u00e1 conseguir una organizaci\u00f3n neurol\u00f3gica adecuada.<\/span><\/p>\n<p style=\"text-align: justify;\"><span style=\"font-weight: 400;\">El cerebro crece con el uso. Por lo tanto, debemos alimentarlo <\/span><b>ofreci\u00e9ndole una rica y gran variedad de OPORTUNIDADES<\/b><span style=\"font-weight: 400;\"> para desarrollar al m\u00e1ximo las funciones y las dimensiones de la inteligencia que nos definen como seres humanos.<\/span><\/p>\n<p style=\"text-align: justify;\">\u00a0<span style=\"font-weight: 400;\">Tambi\u00e9n tiene como objetivo la prevenci\u00f3n, permitiendo evitar o reconducir las dificultades que puedan presentarse en el proceso educativo.<\/span><\/p>\n<p style=\"text-align: justify;\"><b>\u00bfPARA QU\u00c9?<\/b><span style=\"font-weight: 400;\"> La inteligencia abarca mucho m\u00e1s que los aspectos meramente\u00a0 cognitivos, intelectuales o acad\u00e9micos. En consecuencia, debemos ofrecer oportunidades para desarrollar la capacidad de analizar la realidad que nos rodea, imaginar c\u00f3mo deber\u00eda ser y actuar en su transformaci\u00f3n. Es decir, para ser capaces de dar una respuesta eficaz y adecuada a los problemas que se nos presentar\u00e1n en la vida.<\/span><\/p>\n<p style=\"text-align: justify;\"><b>\u00bfCU\u00c1NDO?<\/b><span style=\"font-weight: 400;\"> El momento privilegiado de construcci\u00f3n del cerebro es entre 0 y 6 a\u00f1os. La etapa en la que el cerebro tiene m\u00e1s plasticidad, m\u00e1s circuitos neuronales y se crea gran parte de la red del sistema nervioso. Al mismo tiempo, el entorno del ni\u00f1o\/ni\u00f1a en ese periodo influir\u00e1 en el n\u00famero de interconexiones neuronales que tendr\u00e1 en la edad adulta.<\/span><\/p>\n<p style=\"text-align: justify;\"><b>\u00bfC\u00d3MO?<\/b><span style=\"font-weight: 400;\"> Aplicando programas concretos que cumplen tres leyes: frecuencia, intensidad y duraci\u00f3n. A trav\u00e9s de ellos ofreceremos la posibilidad de desarrollar la movilidad, la atenci\u00f3n, la memoria, la seguridad, la motivaci\u00f3n, la afectividad\u2026<\/span><\/p><\/div>\n\t\t\t<\/div>\n\t\t\t<\/div><div class=\"et_d4_element et_pb_column_2_5 et_pb_column et_pb_column_2  et_pb_css_mix_blend_mode et-last-child et_block_column\">\n\t\t\t\t\n\t\t\t\t\n\t\t\t\t\n\t\t\t\t\n\t\t\t\t<div class=\"et_pb_with_border et_pb_module et_d4_element et_pb_image et_pb_image_1\">\n\t\t\t\t\n\t\t\t\t\n\t\t\t\t\n\t\t\t\t\n\t\t\t\t<span class=\"et_pb_image_wrap \"><img loading=\"lazy\" decoding=\"async\" width=\"3520\" height=\"2481\" src=\"https:\/\/elkarhezi.eus\/wp-content\/uploads\/2022\/03\/n042_ElkarHezi_Ezstigunea_20200203_Pagina_64.png\" alt=\"\" title=\"n042_ElkarHezi_Ezstigunea_20200203_P\u00e1gina_64\" srcset=\"https:\/\/elkarhezi.eus\/wp-content\/uploads\/2022\/03\/n042_ElkarHezi_Ezstigunea_20200203_Pagina_64.png 3520w, https:\/\/elkarhezi.eus\/wp-content\/uploads\/2022\/03\/n042_ElkarHezi_Ezstigunea_20200203_Pagina_64-1280x902.png 1280w, https:\/\/elkarhezi.eus\/wp-content\/uploads\/2022\/03\/n042_ElkarHezi_Ezstigunea_20200203_Pagina_64-980x691.png 980w, https:\/\/elkarhezi.eus\/wp-content\/uploads\/2022\/03\/n042_ElkarHezi_Ezstigunea_20200203_Pagina_64-480x338.png 480w\" sizes=\"(min-width: 0px) and (max-width: 480px) 480px, (min-width: 481px) and (max-width: 980px) 980px, (min-width: 981px) and (max-width: 1280px) 1280px, (min-width: 1281px) 3520px, 100vw\" class=\"wp-image-8226\" \/><\/span>\n\t\t\t<\/div><div class=\"et_pb_module et_d4_element et_pb_text et_pb_text_1  et_pb_text_align_left et_pb_bg_layout_light\">\n\t\t\t\t\n\t\t\t\t\n\t\t\t\t\n\t\t\t\t\n\t\t\t\t<div class=\"et_pb_text_inner\"><p>&nbsp;<\/p>\n<p>&nbsp;<\/p>\n<blockquote>\n<p><b>PROGRAMA DE DESARROLLO B\u00c1SICO<\/b><\/p>\n<p><span style=\"font-weight: 400;\">PROGRAMA ENCICLOP\u00c9DICO<\/span><\/p>\n<p><span style=\"font-weight: 400;\">PROGRAMA MUSICAL<\/span><\/p>\n<p><span style=\"font-weight: 400;\">PROGRAMA MATEM\u00c1TICO<\/span><\/p>\n<p><span style=\"font-weight: 400;\">PROGRAMA DE LECTURA<\/span><\/p>\n<\/blockquote><\/div>\n\t\t\t<\/div>\n\t\t\t<\/div>\n\t\t\t\t\n\t\t\t\t\n\t\t\t\t\n\t\t\t\t\n\t\t\t<\/div>\n\t\t\t\t\n\t\t\t\t\n\t\t\t<\/div><div class=\"et_d4_element et_pb_section et_pb_section_2  et_pb_css_mix_blend_mode et_section_regular et_block_section\" >\n\t\t\t\t\n\t\t\t\t\n\t\t\t\t\n\t\t\t\t\n\t\t\t\t\n\t\t\t\t\n\t\t\t\t<div class=\"et_d4_element et_pb_row et_pb_row_2  et_pb_css_mix_blend_mode et_block_row\">\n\t\t\t\t<div class=\"et_d4_element et_pb_column_4_4 et_pb_column et_pb_column_3  et_pb_css_mix_blend_mode et-last-child et_block_column et_pb_column_empty\">\n\t\t\t\t\n\t\t\t\t\n\t\t\t\t\n\t\t\t\t\n\t\t\t\t\n\t\t\t<\/div>\n\t\t\t\t\n\t\t\t\t\n\t\t\t\t\n\t\t\t\t\n\t\t\t<\/div>\n\t\t\t\t\n\t\t\t\t\n\t\t\t<\/div><\/p>\n","protected":false},"excerpt":{"rendered":"","protected":false},"author":3,"featured_media":8217,"parent":8321,"menu_order":0,"comment_status":"closed","ping_status":"closed","template":"","meta":{"_et_pb_use_builder":"on","_et_pb_old_content":"","_et_gb_content_width":"","footnotes":""},"class_list":["post-8303","page","type-page","status-publish","has-post-thumbnail","hentry"],"_links":{"self":[{"href":"https:\/\/elkarhezi.eus\/es\/wp-json\/wp\/v2\/pages\/8303","targetHints":{"allow":["GET"]}}],"collection":[{"href":"https:\/\/elkarhezi.eus\/es\/wp-json\/wp\/v2\/pages"}],"about":[{"href":"https:\/\/elkarhezi.eus\/es\/wp-json\/wp\/v2\/types\/page"}],"author":[{"embeddable":true,"href":"https:\/\/elkarhezi.eus\/es\/wp-json\/wp\/v2\/users\/3"}],"replies":[{"embeddable":true,"href":"https:\/\/elkarhezi.eus\/es\/wp-json\/wp\/v2\/comments?post=8303"}],"version-history":[{"count":1,"href":"https:\/\/elkarhezi.eus\/es\/wp-json\/wp\/v2\/pages\/8303\/revisions"}],"predecessor-version":[{"id":8306,"href":"https:\/\/elkarhezi.eus\/es\/wp-json\/wp\/v2\/pages\/8303\/revisions\/8306"}],"up":[{"embeddable":true,"href":"https:\/\/elkarhezi.eus\/es\/wp-json\/wp\/v2\/pages\/8321"}],"wp:featuredmedia":[{"embeddable":true,"href":"https:\/\/elkarhezi.eus\/es\/wp-json\/wp\/v2\/media\/8217"}],"wp:attachment":[{"href":"https:\/\/elkarhezi.eus\/es\/wp-json\/wp\/v2\/media?parent=8303"}],"curies":[{"name":"wp","href":"https:\/\/api.w.org\/{rel}","templated":true}]}}