{"id":7865,"date":"2022-01-12T10:26:31","date_gmt":"2022-01-12T09:26:31","guid":{"rendered":"https:\/\/elkarhezi.eus\/proyectos\/estimulacion-temprana\/"},"modified":"2022-01-12T10:26:36","modified_gmt":"2022-01-12T09:26:36","slug":"estimulacion-temprana","status":"publish","type":"page","link":"https:\/\/elkarhezi.eus\/es\/proyectos\/estimulacion-temprana\/","title":{"rendered":"ESTIMULACI\u00d3N TEMPRANA"},"content":{"rendered":"<p><div class=\"et_d4_element et_pb_section et_pb_section_0  et_pb_css_mix_blend_mode et_section_regular et_block_section\" >\n\t\t\t\t\n\t\t\t\t\n\t\t\t\t\n\t\t\t\t\n\t\t\t\t\n\t\t\t\t\n\t\t\t\t<div class=\"et_d4_element et_pb_row et_pb_row_0  et_pb_css_mix_blend_mode et_block_row\">\n\t\t\t\t<div class=\"et_d4_element et_pb_column_1_2 et_pb_column et_pb_column_0  et_pb_css_mix_blend_mode et_block_column\">\n\t\t\t\t\n\t\t\t\t\n\t\t\t\t\n\t\t\t\t\n\t\t\t\t<div class=\"et_pb_module et_d4_element et_pb_text et_pb_text_0  et_pb_text_align_left et_pb_bg_layout_light\">\n\t\t\t\t\n\t\t\t\t\n\t\t\t\t\n\t\t\t\t\n\t\t\t\t<div class=\"et_pb_text_inner\"><p>La estimulaci\u00f3n temprana es un conjunto de actividades dirigidas a ni\u00f1os y ni\u00f1as de 0 a 6 a\u00f1os. Siendo el cerebro un \u00f3rgano que crece con el uso, la estimulaci\u00f3n es su alimentaci\u00f3n. La buena relaci\u00f3n y la creaci\u00f3n de un clima afectivo son imprescindibles para orientar adecuadamente el programa.<\/p>\n<p>Actualmente trabajamos en el Programa F\u00edsico B\u00e1sico y en los Bits Enciclop\u00e9dicos.<\/p>\n<p>A trav\u00e9s de los Bits estimulamos el cerebro del alumnado ayudando a crear enlaces neuronales.<\/p>\n<p>Mediante el programa f\u00edsico trabajamos el desarrollo conjunto e igualitario de los dos hemisferios cerebrales, la convergencia y enfoque ocular, la coordinaci\u00f3n oculo-manual y la lateralidad. Adem\u00e1s, la interiorizaci\u00f3n de normas, l\u00edmites y valores contribuye al desarrollo psicosocial de los ni\u00f1os y ni\u00f1as. Todo esto lo trabajamos, entre otras cosas, a trav\u00e9s de ejercicios de arrastre y cuatro patas.<\/p>\n<p>Tambi\u00e9n tiene un car\u00e1cter preventivo, permitiendo prevenir las dificultades que puedan surgir en el proceso de aprendizaje o suavizar las ya existentes. Como la lateralidad cruzada y la convergencia ocular incorrecta.<\/p><\/div>\n\t\t\t<\/div>\n\t\t\t<\/div><div class=\"et_d4_element et_pb_column_1_2 et_pb_column et_pb_column_1  et_pb_css_mix_blend_mode et-last-child et_block_column\">\n\t\t\t\t\n\t\t\t\t\n\t\t\t\t\n\t\t\t\t\n\t\t\t\t<div class=\"et_pb_with_border et_pb_module et_d4_element et_pb_image et_pb_image_0\">\n\t\t\t\t\n\t\t\t\t\n\t\t\t\t\n\t\t\t\t\n\t\t\t\t<span class=\"et_pb_image_wrap \"><img loading=\"lazy\" decoding=\"async\" width=\"1700\" height=\"2560\" src=\"https:\/\/elkarhezi.eus\/wp-content\/uploads\/2021\/03\/dragos-gontariu-54VAb3f1z6w-unsplash-scaled.jpg\" alt=\"\" title=\"\" srcset=\"https:\/\/elkarhezi.eus\/wp-content\/uploads\/2021\/03\/dragos-gontariu-54VAb3f1z6w-unsplash-scaled.jpg 1700w, https:\/\/elkarhezi.eus\/wp-content\/uploads\/2021\/03\/dragos-gontariu-54VAb3f1z6w-unsplash-1280x1928.jpg 1280w, https:\/\/elkarhezi.eus\/wp-content\/uploads\/2021\/03\/dragos-gontariu-54VAb3f1z6w-unsplash-980x1476.jpg 980w, https:\/\/elkarhezi.eus\/wp-content\/uploads\/2021\/03\/dragos-gontariu-54VAb3f1z6w-unsplash-480x723.jpg 480w\" sizes=\"(min-width: 0px) and (max-width: 480px) 480px, (min-width: 481px) and (max-width: 980px) 980px, (min-width: 981px) and (max-width: 1280px) 1280px, (min-width: 1281px) 1700px, 100vw\" class=\"wp-image-6554\" \/><\/span>\n\t\t\t<\/div>\n\t\t\t<\/div>\n\t\t\t\t\n\t\t\t\t\n\t\t\t\t\n\t\t\t\t\n\t\t\t<\/div><div class=\"et_d4_element et_pb_row et_pb_row_1  et_pb_css_mix_blend_mode et_block_row\">\n\t\t\t\t<div class=\"et_d4_element et_pb_column_1_3 et_pb_column et_pb_column_2  et_pb_css_mix_blend_mode et_block_column\">\n\t\t\t\t\n\t\t\t\t\n\t\t\t\t\n\t\t\t\t\n\t\t\t\t<div class=\"et_pb_with_border et_pb_module et_d4_element et_pb_code et_pb_code_0\">\n\t\t\t\t\n\t\t\t\t\n\t\t\t\t\n\t\t\t\t\n\t\t\t\t<div class=\"et_pb_code_inner\"><iframe loading=\"lazy\" width=\"560\" height=\"315\" src=\"https:\/\/www.youtube.com\/embed\/5PLarhErB5Q\" title=\"YouTube video player\" frameborder=\"0\" allow=\"accelerometer; autoplay; clipboard-write; encrypted-media; gyroscope; picture-in-picture\" allowfullscreen><\/iframe><\/div>\n\t\t\t<\/div>\n\t\t\t<\/div><div class=\"et_d4_element et_pb_column_1_3 et_pb_column et_pb_column_3  et_pb_css_mix_blend_mode et_block_column\">\n\t\t\t\t\n\t\t\t\t\n\t\t\t\t\n\t\t\t\t\n\t\t\t\t<div class=\"et_pb_with_border et_pb_module et_d4_element et_pb_code et_pb_code_1\">\n\t\t\t\t\n\t\t\t\t\n\t\t\t\t\n\t\t\t\t\n\t\t\t\t<div class=\"et_pb_code_inner\"><iframe loading=\"lazy\" width=\"560\" height=\"315\" src=\"https:\/\/www.youtube.com\/embed\/QZFWXJJDyvc\" title=\"YouTube video player\" frameborder=\"0\" allow=\"accelerometer; autoplay; clipboard-write; encrypted-media; gyroscope; picture-in-picture\" allowfullscreen><\/iframe><\/div>\n\t\t\t<\/div>\n\t\t\t<\/div><div class=\"et_d4_element et_pb_column_1_3 et_pb_column et_pb_column_4  et_pb_css_mix_blend_mode et-last-child et_block_column\">\n\t\t\t\t\n\t\t\t\t\n\t\t\t\t\n\t\t\t\t\n\t\t\t\t<div class=\"et_pb_module et_d4_element et_pb_code et_pb_code_2\">\n\t\t\t\t\n\t\t\t\t\n\t\t\t\t\n\t\t\t\t\n\t\t\t\t<div class=\"et_pb_code_inner\"><iframe loading=\"lazy\" width=\"560\" height=\"315\" src=\"https:\/\/www.youtube.com\/embed\/5t_1bvHHLSg\" title=\"YouTube video player\" frameborder=\"0\" allow=\"accelerometer; autoplay; clipboard-write; encrypted-media; gyroscope; picture-in-picture\" allowfullscreen><\/iframe><\/div>\n\t\t\t<\/div>\n\t\t\t<\/div>\n\t\t\t\t\n\t\t\t\t\n\t\t\t\t\n\t\t\t\t\n\t\t\t<\/div><div class=\"et_pb_with_border et_d4_element et_pb_row et_pb_row_2  et_pb_css_mix_blend_mode et_block_row\">\n\t\t\t\t<div class=\"et_d4_element et_pb_column_4_4 et_pb_column et_pb_column_5  et_pb_css_mix_blend_mode et-last-child et_block_column\">\n\t\t\t\t\n\t\t\t\t\n\t\t\t\t\n\t\t\t\t\n\t\t\t\t<div class=\"et_pb_module et_d4_element et_pb_post_nav_0 et_pb_posts_nav nav-single et_block_module\">\n\t\t\t\t\n\t\t\t<\/div>\n\t\t\t<\/div>\n\t\t\t\t\n\t\t\t\t\n\t\t\t\t\n\t\t\t\t\n\t\t\t<\/div>\n\t\t\t\t\n\t\t\t\t\n\t\t\t<\/div><div class=\"et_d4_element et_pb_section et_pb_section_1  et_pb_css_mix_blend_mode et_section_regular et_block_section\" >\n\t\t\t\t\n\t\t\t\t\n\t\t\t\t\n\t\t\t\t\n\t\t\t\t\n\t\t\t\t\n\t\t\t\t\n\t\t\t\t\n\t\t\t\t\n\t\t\t<\/div><\/p>\n","protected":false},"excerpt":{"rendered":"","protected":false},"author":3,"featured_media":5350,"parent":4425,"menu_order":0,"comment_status":"closed","ping_status":"closed","template":"template-orokorra-fullwidth.php","meta":{"_et_pb_use_builder":"on","_et_pb_old_content":"","_et_gb_content_width":"","footnotes":""},"class_list":["post-7865","page","type-page","status-publish","has-post-thumbnail","hentry"],"_links":{"self":[{"href":"https:\/\/elkarhezi.eus\/es\/wp-json\/wp\/v2\/pages\/7865","targetHints":{"allow":["GET"]}}],"collection":[{"href":"https:\/\/elkarhezi.eus\/es\/wp-json\/wp\/v2\/pages"}],"about":[{"href":"https:\/\/elkarhezi.eus\/es\/wp-json\/wp\/v2\/types\/page"}],"author":[{"embeddable":true,"href":"https:\/\/elkarhezi.eus\/es\/wp-json\/wp\/v2\/users\/3"}],"replies":[{"embeddable":true,"href":"https:\/\/elkarhezi.eus\/es\/wp-json\/wp\/v2\/comments?post=7865"}],"version-history":[{"count":2,"href":"https:\/\/elkarhezi.eus\/es\/wp-json\/wp\/v2\/pages\/7865\/revisions"}],"predecessor-version":[{"id":7867,"href":"https:\/\/elkarhezi.eus\/es\/wp-json\/wp\/v2\/pages\/7865\/revisions\/7867"}],"up":[{"embeddable":true,"href":"https:\/\/elkarhezi.eus\/es\/wp-json\/wp\/v2\/pages\/4425"}],"wp:featuredmedia":[{"embeddable":true,"href":"https:\/\/elkarhezi.eus\/es\/wp-json\/wp\/v2\/media\/5350"}],"wp:attachment":[{"href":"https:\/\/elkarhezi.eus\/es\/wp-json\/wp\/v2\/media?parent=7865"}],"curies":[{"name":"wp","href":"https:\/\/api.w.org\/{rel}","templated":true}]}}