{"id":5790,"date":"2020-07-28T13:06:41","date_gmt":"2020-07-28T11:06:41","guid":{"rendered":"https:\/\/elkarhezi.eus\/plan-covid-19-elkar-hezi\/"},"modified":"2020-07-28T13:13:46","modified_gmt":"2020-07-28T11:13:46","slug":"plan-covid-19-elkar-hezi","status":"publish","type":"page","link":"https:\/\/elkarhezi.eus\/es\/plan-covid-19-elkar-hezi\/","title":{"rendered":"PLAN COVID 19 Elkar Hezi"},"content":{"rendered":"<div class=\"et_d4_element et_pb_section et_pb_section_0  et_pb_css_mix_blend_mode et_section_regular et_block_section\" >\n\t\t\t\t\n\t\t\t\t\n\t\t\t\t\n\t\t\t\t\n\t\t\t\t\n\t\t\t\t\n\t\t\t\t<div class=\"et_d4_element et_pb_row et_pb_row_0  et_pb_css_mix_blend_mode et_block_row\">\n\t\t\t\t<div class=\"et_d4_element et_pb_column_4_4 et_pb_column et_pb_column_0  et_pb_css_mix_blend_mode et-last-child et_block_column\">\n\t\t\t\t\n\t\t\t\t\n\t\t\t\t\n\t\t\t\t\n\t\t\t\t<div class=\"et_pb_module et_d4_element et_pb_text et_pb_text_0  et_pb_text_align_left et_pb_bg_layout_light\">\n\t\t\t\t\n\t\t\t\t\n\t\t\t\t\n\t\t\t\t\n\t\t\t\t<div class=\"et_pb_text_inner\"><h3>PLAN de actuaci\u00f3n del&nbsp; centro frente a la COVID 19<\/h3>\n<h4>Los detalles sobre los 3 escenarios que se han planificado ser\u00e1n presentados en la reuni\u00f3n que se celebrar\u00e1 el 3 de SEPTIEMBRE. Para poder organizar el encuentro garantizando&nbsp; todas las medidas de seguridad, es necesario que los participantes confirmen su asistencia rellenando el formulario.<\/h4>\n<h4>&nbsp;<\/h4><\/div>\n\t\t\t<\/div><div class=\"et_pb_button_module_wrapper et_pb_button_0_wrapper  et_pb_module \">\n\t\t\t\t<a class=\"et_pb_button et_d4_element et_pb_button_0 et_pb_bg_layout_light et_block_module\" href=\"https:\/\/docs.google.com\/forms\/d\/e\/1FAIpQLScW56Z153VCsh3jC2mqm9g_lrv1Ge0XgUVOEuAg7-eeO5c-iQ\/viewform\" target=\"_blank\">Participa en la reuni\u00f3n del 3 de SEPTIEMBRE<\/a>\n\t\t\t<\/div><div class=\"et_pb_module et_d4_element et_pb_image et_pb_image_0\">\n\t\t\t\t\n\t\t\t\t\n\t\t\t\t\n\t\t\t\t\n\t\t\t\t<a href=\"https:\/\/elkarhezi.eus\/wp-content\/uploads\/2020\/07\/2B.jpg\" target=\"_blank\"><span class=\"et_pb_image_wrap \"><img decoding=\"async\" src=\"https:\/\/elkarhezi.eus\/wp-content\/uploads\/2020\/07\/1A.jpg\" alt=\"\" title=\"\" class=\"wp-image-5774\" \/><\/span><\/a>\n\t\t\t<\/div>\n\t\t\t<\/div>\n\t\t\t\t\n\t\t\t\t\n\t\t\t\t\n\t\t\t\t\n\t\t\t<\/div>\n\t\t\t\t\n\t\t\t\t\n\t\t\t<\/div>\n","protected":false},"excerpt":{"rendered":"","protected":false},"author":3,"featured_media":5813,"parent":0,"menu_order":0,"comment_status":"closed","ping_status":"closed","template":"template-orokorra-fullwidth.php","meta":{"_et_pb_use_builder":"off","_et_pb_old_content":"","_et_gb_content_width":"","footnotes":""},"class_list":["post-5790","page","type-page","status-publish","has-post-thumbnail","hentry"],"_links":{"self":[{"href":"https:\/\/elkarhezi.eus\/es\/wp-json\/wp\/v2\/pages\/5790","targetHints":{"allow":["GET"]}}],"collection":[{"href":"https:\/\/elkarhezi.eus\/es\/wp-json\/wp\/v2\/pages"}],"about":[{"href":"https:\/\/elkarhezi.eus\/es\/wp-json\/wp\/v2\/types\/page"}],"author":[{"embeddable":true,"href":"https:\/\/elkarhezi.eus\/es\/wp-json\/wp\/v2\/users\/3"}],"replies":[{"embeddable":true,"href":"https:\/\/elkarhezi.eus\/es\/wp-json\/wp\/v2\/comments?post=5790"}],"version-history":[{"count":4,"href":"https:\/\/elkarhezi.eus\/es\/wp-json\/wp\/v2\/pages\/5790\/revisions"}],"predecessor-version":[{"id":5795,"href":"https:\/\/elkarhezi.eus\/es\/wp-json\/wp\/v2\/pages\/5790\/revisions\/5795"}],"wp:featuredmedia":[{"embeddable":true,"href":"https:\/\/elkarhezi.eus\/es\/wp-json\/wp\/v2\/media\/5813"}],"wp:attachment":[{"href":"https:\/\/elkarhezi.eus\/es\/wp-json\/wp\/v2\/media?parent=5790"}],"curies":[{"name":"wp","href":"https:\/\/api.w.org\/{rel}","templated":true}]}}