{"id":4389,"date":"2019-02-25T16:35:43","date_gmt":"2019-02-25T15:35:43","guid":{"rendered":"https:\/\/elkarhezi.eus\/noticias\/"},"modified":"2020-11-10T16:17:33","modified_gmt":"2020-11-10T15:17:33","slug":"noticias","status":"publish","type":"page","link":"https:\/\/elkarhezi.eus\/es\/noticias\/","title":{"rendered":"Noticias"},"content":{"rendered":"<div class=\"et_d4_element et_pb_section et_pb_section_0  et_pb_css_mix_blend_mode et_section_regular et_block_section\" >\n\t\t\t\t\n\t\t\t\t\n\t\t\t\t\n\t\t\t\t\n\t\t\t\t\n\t\t\t\t\n\t\t\t\t<div class=\"et_d4_element et_pb_row et_pb_row_0  et_pb_css_mix_blend_mode et_block_row\">\n\t\t\t\t<div class=\"et_d4_element et_pb_column_1_3 et_pb_column et_pb_column_0  et_pb_css_mix_blend_mode et_block_column et_pb_column_empty\">\n\t\t\t\t\n\t\t\t\t\n\t\t\t\t\n\t\t\t\t\n\t\t\t\t\n\t\t\t<\/div><div class=\"et_d4_element et_pb_column_1_3 et_pb_column et_pb_column_1  et_pb_css_mix_blend_mode et_block_column et_pb_column_empty\">\n\t\t\t\t\n\t\t\t\t\n\t\t\t\t\n\t\t\t\t\n\t\t\t\t\n\t\t\t<\/div><div class=\"et_d4_element et_pb_column_1_3 et_pb_column et_pb_column_2  et_pb_css_mix_blend_mode et-last-child et_block_column\">\n\t\t\t\t\n\t\t\t\t\n\t\t\t\t\n\t\t\t\t\n\t\t\t\t<div class=\"et_pb_module et_d4_element et_pb_sidebar_0 et_pb_widget_area clearfix et_pb_widget_area_right et_pb_bg_layout_light et_pb_sidebar_no_border\">\n\t\t\t\t\n\t\t\t\t\n\t\t\t\t\n\t\t\t\t\n\t\t\t\t<div id=\"newsletterwidget-3\" class=\"et_pb_widget widget_newsletterwidget\"><h4 class=\"widgettitle\">\u00bfQuieres recibir noticias de Elkar Hezi?<\/h4><div class=\"tnp tnp-subscription tnp-widget\">\n<form method=\"post\" action=\"https:\/\/elkarhezi.eus\/wp-admin\/admin-ajax.php?action=tnp&amp;na=s\">\n<input type=\"hidden\" name=\"nr\" value=\"widget\">\n<input type=\"hidden\" name=\"nlang\" value=\"es\">\n<div class=\"tnp-field tnp-field-email\"><label for=\"tnp-1\">Email<\/label>\n<input class=\"tnp-email\" type=\"email\" name=\"ne\" id=\"tnp-1\" value=\"\" placeholder=\"\" required><\/div>\n<div class=\"tnp-field tnp-privacy-field\"><label><input type=\"checkbox\" name=\"ny\" required class=\"tnp-privacy\"> <a target=\"_blank\" href=\"https:\/\/elkarhezi.eus\/pribatasun-politika\/\">Continuando, se acepta la pol\u00edtica de privacidad.<\/a><\/label><\/div><div class=\"tnp-field tnp-field-button\" style=\"text-align: left\"><input class=\"tnp-submit\" type=\"submit\" value=\"Subscr\u00edbete\" style=\"\">\n<\/div>\n<\/form>\n<\/div>\n<\/div>\n\t\t\t<\/div>\n\t\t\t<\/div>\n\t\t\t\t\n\t\t\t\t\n\t\t\t\t\n\t\t\t\t\n\t\t\t<\/div><div class=\"et_d4_element et_pb_row et_pb_row_1  et_pb_css_mix_blend_mode et_block_row\">\n\t\t\t\t<div class=\"et_d4_element et_pb_column_4_4 et_pb_column et_pb_column_3  et_pb_css_mix_blend_mode et-last-child et_block_column\">\n\t\t\t\t\n\t\t\t\t\n\t\t\t\t\n\t\t\t\t\n\t\t\t\t<div class=\"et_pb_module et_d4_element et_pb_blog_0  et_pb_css_mix_blend_mode et_pb_blog_grid_wrapper et_pb_bg_layout_light\">\n\t\t\t\t\t<div class=\"et_pb_blog_grid clearfix \">\n\t\t\t\t\t\n\t\t\t\t\t\n\t\t\t\t\t\n\t\t\t\t\t\n\t\t\t\t\t<div class=\"et_pb_ajax_pagination_container\">\n\t\t\t\t\t\t<div class=\"et_pb_salvattore_content\" data-columns>\n\t\t\t<article id=\"post-14265\" class=\"et_pb_post clearfix et_pb_blog_item_0_0 post-14265 post type-post status-publish format-standard has-post-thumbnail hentry category-newsletter-es category-noticia-destacada category-sin-categorizar\">\n\n\t\t\t\t<div class=\"et_pb_image_container\"><a href=\"https:\/\/elkarhezi.eus\/es\/dbh-1eko-ikasleak-balmasedako-zubizarra-ikastolarekin-elkarlanean-ari-dira\/\" class=\"entry-featured-image-url\"><img loading=\"lazy\" decoding=\"async\" src=\"https:\/\/elkarhezi.eus\/wp-content\/uploads\/2026\/03\/IMG20260313121648-400x250.jpg\" alt=\"El alumnado de 1\u00ba de DBH est\u00e1 colaborando con la ikastola Zubizarra de Balmaseda\" class=\"\" srcset=\"https:\/\/elkarhezi.eus\/wp-content\/uploads\/2026\/03\/IMG20260313121648-scaled.jpg 479w, https:\/\/elkarhezi.eus\/wp-content\/uploads\/2026\/03\/IMG20260313121648-400x250.jpg 480w \" sizes=\"(max-width:479px) 479px, 100vw \"  width=\"400\" height=\"250\" \/><\/a><\/div>\n\t\t\t\t\t\t\t\t\t\t\t\t\t\t<h2 class=\"entry-title\">\n\t\t\t\t\t\t\t\t\t\t\t\t\t<a href=\"https:\/\/elkarhezi.eus\/es\/dbh-1eko-ikasleak-balmasedako-zubizarra-ikastolarekin-elkarlanean-ari-dira\/\">El alumnado de 1\u00ba de DBH est\u00e1 colaborando con la ikastola Zubizarra de Balmaseda<\/a>\n\t\t\t\t\t\t\t\t\t\t\t<\/h2>\n\t\t\t\t\n\t\t\t\t\t<p class=\"post-meta\"><span class=\"published\">Mar 24, 2026<\/span> | <a href=\"https:\/\/elkarhezi.eus\/es\/category\/newsletter-es\/\" rel=\"tag\">newsletter<\/a>, <a href=\"https:\/\/elkarhezi.eus\/es\/category\/noticia-destacada\/\" rel=\"tag\">noticia destacada<\/a>, <a href=\"https:\/\/elkarhezi.eus\/es\/category\/sin-categorizar\/\" rel=\"tag\">Noticias<\/a><\/p><div class=\"post-content\"><div class=\"post-content-inner\"><\/div><\/div>\t\t\t\n\t\t\t<\/article>\n\t\t\t\t\n\t\t\t<article id=\"post-14252\" class=\"et_pb_post clearfix et_pb_blog_item_0_1 post-14252 post type-post status-publish format-standard has-post-thumbnail hentry category-newsletter-es category-noticia-destacada category-sin-categorizar\">\n\n\t\t\t\t<div class=\"et_pb_image_container\"><a href=\"https:\/\/elkarhezi.eus\/es\/felipe-uriarteren-marmotarenak-liburua-ezagutzeko-aukera-izan-dute-lh-4-mailako-ikasleek\/\" class=\"entry-featured-image-url\"><img loading=\"lazy\" decoding=\"async\" src=\"https:\/\/elkarhezi.eus\/wp-content\/uploads\/2026\/03\/IMG-20260317-WA0002-400x250.jpg\" alt=\"El alumnado de 4\u00ba de Primaria ha tenido la oportunidad de conocer el libro \u201cMarmotarenak\u201d de Felipe Uriarte\" class=\"\" srcset=\"https:\/\/elkarhezi.eus\/wp-content\/uploads\/2026\/03\/IMG-20260317-WA0002.jpg 479w, https:\/\/elkarhezi.eus\/wp-content\/uploads\/2026\/03\/IMG-20260317-WA0002-400x250.jpg 480w \" sizes=\"(max-width:479px) 479px, 100vw \"  width=\"400\" height=\"250\" \/><\/a><\/div>\n\t\t\t\t\t\t\t\t\t\t\t\t\t\t<h2 class=\"entry-title\">\n\t\t\t\t\t\t\t\t\t\t\t\t\t<a href=\"https:\/\/elkarhezi.eus\/es\/felipe-uriarteren-marmotarenak-liburua-ezagutzeko-aukera-izan-dute-lh-4-mailako-ikasleek\/\">El alumnado de 4\u00ba de Primaria ha tenido la oportunidad de conocer el libro \u201cMarmotarenak\u201d de Felipe Uriarte<\/a>\n\t\t\t\t\t\t\t\t\t\t\t<\/h2>\n\t\t\t\t\n\t\t\t\t\t<p class=\"post-meta\"><span class=\"published\">Mar 19, 2026<\/span> | <a href=\"https:\/\/elkarhezi.eus\/es\/category\/newsletter-es\/\" rel=\"tag\">newsletter<\/a>, <a href=\"https:\/\/elkarhezi.eus\/es\/category\/noticia-destacada\/\" rel=\"tag\">noticia destacada<\/a>, <a href=\"https:\/\/elkarhezi.eus\/es\/category\/sin-categorizar\/\" rel=\"tag\">Noticias<\/a><\/p><div class=\"post-content\"><div class=\"post-content-inner\"><\/div><\/div>\t\t\t\n\t\t\t<\/article>\n\t\t\t\t\n\t\t\t<article id=\"post-14238\" class=\"et_pb_post clearfix et_pb_blog_item_0_2 post-14238 post type-post status-publish format-standard has-post-thumbnail hentry category-newsletter-es category-noticia-destacada category-sin-categorizar\">\n\n\t\t\t\t<div class=\"et_pb_image_container\"><a href=\"https:\/\/elkarhezi.eus\/es\/elkar-heziko-ikasleak-gailendu-dira-viii-filosofia-olinpiadan-bideogintza-kategorian\/\" class=\"entry-featured-image-url\"><img loading=\"lazy\" decoding=\"async\" src=\"https:\/\/elkarhezi.eus\/wp-content\/uploads\/2026\/03\/n770_Argazkia-400x250.jpg\" alt=\"El alumnado de Elkar Hezi ha destacado en la VIII Olimpiada de Filosof\u00eda en la categor\u00eda de creaci\u00f3n audiovisual\" class=\"\" srcset=\"https:\/\/elkarhezi.eus\/wp-content\/uploads\/2026\/03\/n770_Argazkia.jpg 479w, https:\/\/elkarhezi.eus\/wp-content\/uploads\/2026\/03\/n770_Argazkia-400x250.jpg 480w \" sizes=\"(max-width:479px) 479px, 100vw \"  width=\"400\" height=\"250\" \/><\/a><\/div>\n\t\t\t\t\t\t\t\t\t\t\t\t\t\t<h2 class=\"entry-title\">\n\t\t\t\t\t\t\t\t\t\t\t\t\t<a href=\"https:\/\/elkarhezi.eus\/es\/elkar-heziko-ikasleak-gailendu-dira-viii-filosofia-olinpiadan-bideogintza-kategorian\/\">El alumnado de Elkar Hezi ha destacado en la VIII Olimpiada de Filosof\u00eda en la categor\u00eda de creaci\u00f3n audiovisual<\/a>\n\t\t\t\t\t\t\t\t\t\t\t<\/h2>\n\t\t\t\t\n\t\t\t\t\t<p class=\"post-meta\"><span class=\"published\">Mar 16, 2026<\/span> | <a href=\"https:\/\/elkarhezi.eus\/es\/category\/newsletter-es\/\" rel=\"tag\">newsletter<\/a>, <a href=\"https:\/\/elkarhezi.eus\/es\/category\/noticia-destacada\/\" rel=\"tag\">noticia destacada<\/a>, <a href=\"https:\/\/elkarhezi.eus\/es\/category\/sin-categorizar\/\" rel=\"tag\">Noticias<\/a><\/p><div class=\"post-content\"><div class=\"post-content-inner\"><\/div><\/div>\t\t\t\n\t\t\t<\/article>\n\t\t\t\t\n\t\t\t<article id=\"post-14227\" class=\"et_pb_post clearfix et_pb_blog_item_0_3 post-14227 post type-post status-publish format-standard has-post-thumbnail hentry category-newsletter-es category-noticia-destacada category-sin-categorizar\">\n\n\t\t\t\t<div class=\"et_pb_image_container\"><a href=\"https:\/\/elkarhezi.eus\/es\/mugikortasuna-eta-emozioen-kudeaketa-hizpide-lh5eko-ikasleen-saioetan\/\" class=\"entry-featured-image-url\"><img loading=\"lazy\" decoding=\"async\" src=\"https:\/\/elkarhezi.eus\/wp-content\/uploads\/2026\/03\/IMG-20260306-WA0003-400x250.jpg\" alt=\"Movilidad y gesti\u00f3n de las emociones, temas tratados en las sesiones de 5\u00ba de Primaria\" class=\"\" srcset=\"https:\/\/elkarhezi.eus\/wp-content\/uploads\/2026\/03\/IMG-20260306-WA0003.jpg 479w, https:\/\/elkarhezi.eus\/wp-content\/uploads\/2026\/03\/IMG-20260306-WA0003-400x250.jpg 480w \" sizes=\"(max-width:479px) 479px, 100vw \"  width=\"400\" height=\"250\" \/><\/a><\/div>\n\t\t\t\t\t\t\t\t\t\t\t\t\t\t<h2 class=\"entry-title\">\n\t\t\t\t\t\t\t\t\t\t\t\t\t<a href=\"https:\/\/elkarhezi.eus\/es\/mugikortasuna-eta-emozioen-kudeaketa-hizpide-lh5eko-ikasleen-saioetan\/\">Movilidad y gesti\u00f3n de las emociones, temas tratados en las sesiones de 5\u00ba de Primaria<\/a>\n\t\t\t\t\t\t\t\t\t\t\t<\/h2>\n\t\t\t\t\n\t\t\t\t\t<p class=\"post-meta\"><span class=\"published\">Mar 8, 2026<\/span> | <a href=\"https:\/\/elkarhezi.eus\/es\/category\/newsletter-es\/\" rel=\"tag\">newsletter<\/a>, <a href=\"https:\/\/elkarhezi.eus\/es\/category\/noticia-destacada\/\" rel=\"tag\">noticia destacada<\/a>, <a href=\"https:\/\/elkarhezi.eus\/es\/category\/sin-categorizar\/\" rel=\"tag\">Noticias<\/a><\/p><div class=\"post-content\"><div class=\"post-content-inner\"><\/div><\/div>\t\t\t\n\t\t\t<\/article>\n\t\t\t\t\n\t\t\t<article id=\"post-14216\" class=\"et_pb_post clearfix et_pb_blog_item_0_4 post-14216 post type-post status-publish format-standard has-post-thumbnail hentry category-newsletter-es category-noticia-destacada category-sin-categorizar\">\n\n\t\t\t\t<div class=\"et_pb_image_container\"><a href=\"https:\/\/elkarhezi.eus\/es\/lehen-gizakiak-ezagutzen-historiaurreko-abentura\/\" class=\"entry-featured-image-url\"><img loading=\"lazy\" decoding=\"async\" src=\"https:\/\/elkarhezi.eus\/wp-content\/uploads\/2026\/03\/1000197626-400x250.jpg\" alt=\"Conociendo a los primeros seres humanos: una aventura en la Prehistoria\" class=\"\" srcset=\"https:\/\/elkarhezi.eus\/wp-content\/uploads\/2026\/03\/1000197626-scaled.jpg 479w, https:\/\/elkarhezi.eus\/wp-content\/uploads\/2026\/03\/1000197626-400x250.jpg 480w \" sizes=\"(max-width:479px) 479px, 100vw \"  width=\"400\" height=\"250\" \/><\/a><\/div>\n\t\t\t\t\t\t\t\t\t\t\t\t\t\t<h2 class=\"entry-title\">\n\t\t\t\t\t\t\t\t\t\t\t\t\t<a href=\"https:\/\/elkarhezi.eus\/es\/lehen-gizakiak-ezagutzen-historiaurreko-abentura\/\">Conociendo a los primeros seres humanos: una aventura en la Prehistoria<\/a>\n\t\t\t\t\t\t\t\t\t\t\t<\/h2>\n\t\t\t\t\n\t\t\t\t\t<p class=\"post-meta\"><span class=\"published\">Mar 6, 2026<\/span> | <a href=\"https:\/\/elkarhezi.eus\/es\/category\/newsletter-es\/\" rel=\"tag\">newsletter<\/a>, <a href=\"https:\/\/elkarhezi.eus\/es\/category\/noticia-destacada\/\" rel=\"tag\">noticia destacada<\/a>, <a href=\"https:\/\/elkarhezi.eus\/es\/category\/sin-categorizar\/\" rel=\"tag\">Noticias<\/a><\/p><div class=\"post-content\"><div class=\"post-content-inner\"><\/div><\/div>\t\t\t\n\t\t\t<\/article>\n\t\t\t\t\n\t\t\t<article id=\"post-14199\" class=\"et_pb_post clearfix et_pb_blog_item_0_5 post-14199 post type-post status-publish format-standard has-post-thumbnail hentry category-newsletter-es category-noticia-destacada category-sin-categorizar\">\n\n\t\t\t\t<div class=\"et_pb_image_container\"><a href=\"https:\/\/elkarhezi.eus\/es\/dbh-3ko-ikasleek-larranako-zehar-egoitza-bisitatu-dute\/\" class=\"entry-featured-image-url\"><img loading=\"lazy\" decoding=\"async\" src=\"https:\/\/elkarhezi.eus\/wp-content\/uploads\/2026\/03\/1772451968311-400x250.jpg\" alt=\"El alumnado de 3\u00ba de ESO visita la residencia ZEHAR en Larra\u00f1a\" class=\"\" srcset=\"https:\/\/elkarhezi.eus\/wp-content\/uploads\/2026\/03\/1772451968311-scaled.jpg 479w, https:\/\/elkarhezi.eus\/wp-content\/uploads\/2026\/03\/1772451968311-400x250.jpg 480w \" sizes=\"(max-width:479px) 479px, 100vw \"  width=\"400\" height=\"250\" \/><\/a><\/div>\n\t\t\t\t\t\t\t\t\t\t\t\t\t\t<h2 class=\"entry-title\">\n\t\t\t\t\t\t\t\t\t\t\t\t\t<a href=\"https:\/\/elkarhezi.eus\/es\/dbh-3ko-ikasleek-larranako-zehar-egoitza-bisitatu-dute\/\">El alumnado de 3\u00ba de ESO visita la residencia ZEHAR en Larra\u00f1a<\/a>\n\t\t\t\t\t\t\t\t\t\t\t<\/h2>\n\t\t\t\t\n\t\t\t\t\t<p class=\"post-meta\"><span class=\"published\">Mar 3, 2026<\/span> | <a href=\"https:\/\/elkarhezi.eus\/es\/category\/newsletter-es\/\" rel=\"tag\">newsletter<\/a>, <a href=\"https:\/\/elkarhezi.eus\/es\/category\/noticia-destacada\/\" rel=\"tag\">noticia destacada<\/a>, <a href=\"https:\/\/elkarhezi.eus\/es\/category\/sin-categorizar\/\" rel=\"tag\">Noticias<\/a><\/p><div class=\"post-content\"><div class=\"post-content-inner\"><\/div><\/div>\t\t\t\n\t\t\t<\/article>\n\t\t\t\t\n\t\t\t<article id=\"post-14183\" class=\"et_pb_post clearfix et_pb_blog_item_0_6 post-14183 post type-post status-publish format-standard has-post-thumbnail hentry category-newsletter-es category-sin-categorizar\">\n\n\t\t\t\t<div class=\"et_pb_image_container\"><a href=\"https:\/\/elkarhezi.eus\/es\/la-magia-del-tacto-los-mas-pequenos-de-educacion-infantil-experimentando-con-papel-mache\/\" class=\"entry-featured-image-url\"><img loading=\"lazy\" decoding=\"async\" src=\"https:\/\/elkarhezi.eus\/wp-content\/uploads\/2026\/02\/1000124064-400x250.jpg\" alt=\"LA MAGIA DEL TACTO: LOS M\u00c1S PEQUE\u00d1OS DE EDUCACI\u00d3N INFANTIL EXPERIMENTANDO CON PAPEL MACH\u00c9\" class=\"\" srcset=\"https:\/\/elkarhezi.eus\/wp-content\/uploads\/2026\/02\/1000124064-scaled.jpg 479w, https:\/\/elkarhezi.eus\/wp-content\/uploads\/2026\/02\/1000124064-400x250.jpg 480w \" sizes=\"(max-width:479px) 479px, 100vw \"  width=\"400\" height=\"250\" \/><\/a><\/div>\n\t\t\t\t\t\t\t\t\t\t\t\t\t\t<h2 class=\"entry-title\">\n\t\t\t\t\t\t\t\t\t\t\t\t\t<a href=\"https:\/\/elkarhezi.eus\/es\/la-magia-del-tacto-los-mas-pequenos-de-educacion-infantil-experimentando-con-papel-mache\/\">LA MAGIA DEL TACTO: LOS M\u00c1S PEQUE\u00d1OS DE EDUCACI\u00d3N INFANTIL EXPERIMENTANDO CON PAPEL MACH\u00c9<\/a>\n\t\t\t\t\t\t\t\t\t\t\t<\/h2>\n\t\t\t\t\n\t\t\t\t\t<p class=\"post-meta\"><span class=\"published\">Mar 2, 2026<\/span> | <a href=\"https:\/\/elkarhezi.eus\/es\/category\/newsletter-es\/\" rel=\"tag\">newsletter<\/a>, <a href=\"https:\/\/elkarhezi.eus\/es\/category\/sin-categorizar\/\" rel=\"tag\">Noticias<\/a><\/p><div class=\"post-content\"><div class=\"post-content-inner\"><\/div><\/div>\t\t\t\n\t\t\t<\/article>\n\t\t\t\t\n\t\t\t<article id=\"post-14139\" class=\"et_pb_post clearfix et_pb_blog_item_0_7 post-14139 post type-post status-publish format-standard has-post-thumbnail hentry category-newsletter-es category-noticia-destacada category-sin-categorizar\">\n\n\t\t\t\t<div class=\"et_pb_image_container\"><a href=\"https:\/\/elkarhezi.eus\/es\/onatiko-txokolatearen-historia-hurbiletik-ezagutzeko-aukera-izan-dute-lh-4-mailako-ikasleek\/\" class=\"entry-featured-image-url\"><img loading=\"lazy\" decoding=\"async\" src=\"https:\/\/elkarhezi.eus\/wp-content\/uploads\/2026\/02\/IMG_20260220_103818-1-400x250.jpg\" alt=\"LOS ALUMNOS DE 4\u00ba DE PRIMARIA HAN TENIDO LA OPORTUNIDAD DE CONOCER DE CERCA LA HISTORIA DEL CHOCOLATE DE O\u00d1ATI\" class=\"\" srcset=\"https:\/\/elkarhezi.eus\/wp-content\/uploads\/2026\/02\/IMG_20260220_103818-1-scaled.jpg 479w, https:\/\/elkarhezi.eus\/wp-content\/uploads\/2026\/02\/IMG_20260220_103818-1-400x250.jpg 480w \" sizes=\"(max-width:479px) 479px, 100vw \"  width=\"400\" height=\"250\" \/><\/a><\/div>\n\t\t\t\t\t\t\t\t\t\t\t\t\t\t<h2 class=\"entry-title\">\n\t\t\t\t\t\t\t\t\t\t\t\t\t<a href=\"https:\/\/elkarhezi.eus\/es\/onatiko-txokolatearen-historia-hurbiletik-ezagutzeko-aukera-izan-dute-lh-4-mailako-ikasleek\/\">LOS ALUMNOS DE 4\u00ba DE PRIMARIA HAN TENIDO LA OPORTUNIDAD DE CONOCER DE CERCA LA HISTORIA DEL CHOCOLATE DE O\u00d1ATI<\/a>\n\t\t\t\t\t\t\t\t\t\t\t<\/h2>\n\t\t\t\t\n\t\t\t\t\t<p class=\"post-meta\"><span class=\"published\">Feb 26, 2026<\/span> | <a href=\"https:\/\/elkarhezi.eus\/es\/category\/newsletter-es\/\" rel=\"tag\">newsletter<\/a>, <a href=\"https:\/\/elkarhezi.eus\/es\/category\/noticia-destacada\/\" rel=\"tag\">noticia destacada<\/a>, <a href=\"https:\/\/elkarhezi.eus\/es\/category\/sin-categorizar\/\" rel=\"tag\">Noticias<\/a><\/p><div class=\"post-content\"><div class=\"post-content-inner\"><\/div><\/div>\t\t\t\n\t\t\t<\/article>\n\t\t\t\t\n\t\t\t<article id=\"post-14127\" class=\"et_pb_post clearfix et_pb_blog_item_0_8 post-14127 post type-post status-publish format-standard has-post-thumbnail hentry category-newsletter-es category-noticia-destacada category-sin-categorizar\">\n\n\t\t\t\t<div class=\"et_pb_image_container\"><a href=\"https:\/\/elkarhezi.eus\/es\/artista-txikiak-kolore-handiak-kandinsky-gure-gelan\/\" class=\"entry-featured-image-url\"><img loading=\"lazy\" decoding=\"async\" src=\"https:\/\/elkarhezi.eus\/wp-content\/uploads\/2026\/02\/20260223_113725-2-400x250.jpg\" alt=\"\u00a1Peque\u00f1os artistas, grandes colores: Kandinsky en nuestra clase!\" class=\"\" srcset=\"https:\/\/elkarhezi.eus\/wp-content\/uploads\/2026\/02\/20260223_113725-2-scaled.jpg 479w, https:\/\/elkarhezi.eus\/wp-content\/uploads\/2026\/02\/20260223_113725-2-400x250.jpg 480w \" sizes=\"(max-width:479px) 479px, 100vw \"  width=\"400\" height=\"250\" \/><\/a><\/div>\n\t\t\t\t\t\t\t\t\t\t\t\t\t\t<h2 class=\"entry-title\">\n\t\t\t\t\t\t\t\t\t\t\t\t\t<a href=\"https:\/\/elkarhezi.eus\/es\/artista-txikiak-kolore-handiak-kandinsky-gure-gelan\/\">\u00a1Peque\u00f1os artistas, grandes colores: Kandinsky en nuestra clase!<\/a>\n\t\t\t\t\t\t\t\t\t\t\t<\/h2>\n\t\t\t\t\n\t\t\t\t\t<p class=\"post-meta\"><span class=\"published\">Feb 23, 2026<\/span> | <a href=\"https:\/\/elkarhezi.eus\/es\/category\/newsletter-es\/\" rel=\"tag\">newsletter<\/a>, <a href=\"https:\/\/elkarhezi.eus\/es\/category\/noticia-destacada\/\" rel=\"tag\">noticia destacada<\/a>, <a href=\"https:\/\/elkarhezi.eus\/es\/category\/sin-categorizar\/\" rel=\"tag\">Noticias<\/a><\/p><div class=\"post-content\"><div class=\"post-content-inner\"><\/div><\/div>\t\t\t\n\t\t\t<\/article>\n\t\t\t\t\n\t\t\t<article id=\"post-14098\" class=\"et_pb_post clearfix et_pb_blog_item_0_9 post-14098 post type-post status-publish format-standard has-post-thumbnail hentry category-newsletter-es category-sin-categorizar\">\n\n\t\t\t\t<div class=\"et_pb_image_container\"><a href=\"https:\/\/elkarhezi.eus\/es\/erratzak-gora-eta-euria-lagun-haur-hezkuntzako-akelarrea\/\" class=\"entry-featured-image-url\"><img loading=\"lazy\" decoding=\"async\" src=\"https:\/\/elkarhezi.eus\/wp-content\/uploads\/2026\/02\/IMG_6945-400x250.jpeg\" alt=\"\u00a1Escobas en alto y la lluvia como compa\u00f1era: el AKELARRE de Educaci\u00f3n Infantil!\" class=\"\" srcset=\"https:\/\/elkarhezi.eus\/wp-content\/uploads\/2026\/02\/IMG_6945.jpeg 479w, https:\/\/elkarhezi.eus\/wp-content\/uploads\/2026\/02\/IMG_6945-400x250.jpeg 480w \" sizes=\"(max-width:479px) 479px, 100vw \"  width=\"400\" height=\"250\" \/><\/a><\/div>\n\t\t\t\t\t\t\t\t\t\t\t\t\t\t<h2 class=\"entry-title\">\n\t\t\t\t\t\t\t\t\t\t\t\t\t<a href=\"https:\/\/elkarhezi.eus\/es\/erratzak-gora-eta-euria-lagun-haur-hezkuntzako-akelarrea\/\">\u00a1Escobas en alto y la lluvia como compa\u00f1era: el AKELARRE de Educaci\u00f3n Infantil!<\/a>\n\t\t\t\t\t\t\t\t\t\t\t<\/h2>\n\t\t\t\t\n\t\t\t\t\t<p class=\"post-meta\"><span class=\"published\">Feb 18, 2026<\/span> | <a href=\"https:\/\/elkarhezi.eus\/es\/category\/newsletter-es\/\" rel=\"tag\">newsletter<\/a>, <a href=\"https:\/\/elkarhezi.eus\/es\/category\/sin-categorizar\/\" rel=\"tag\">Noticias<\/a><\/p><div class=\"post-content\"><div class=\"post-content-inner\"><\/div><\/div>\t\t\t\n\t\t\t<\/article>\n\t\t\t\t<\/div>\n\t\t\t\t\t<\/div>\n\t\t\t\t\t<\/div> \n\t\t\t\t<\/div>\n\t\t\t<\/div>\n\t\t\t\t\n\t\t\t\t\n\t\t\t\t\n\t\t\t\t\n\t\t\t<\/div><div class=\"et_d4_element et_pb_row et_pb_row_2  et_pb_css_mix_blend_mode et_block_row\">\n\t\t\t\t<div class=\"et_d4_element et_pb_column_1_3 et_pb_column et_pb_column_4  et_pb_css_mix_blend_mode et_block_column\">\n\t\t\t\t\n\t\t\t\t\n\t\t\t\t\n\t\t\t\t\n\t\t\t\t<div class=\"et_pb_module et_d4_element et_pb_image et_pb_image_0 ikurrak\">\n\t\t\t\t\n\t\t\t\t\n\t\t\t\t\n\t\t\t\t\n\t\t\t\t<a href=\"https:\/\/elkarhezi.eus\/es\/fotografias\/\"><span class=\"et_pb_image_wrap \"><img loading=\"lazy\" decoding=\"async\" width=\"150\" height=\"150\" src=\"https:\/\/elkarhezi.eus\/wp-content\/uploads\/2018\/11\/Argazkiak_Elkar-Hezi.png\" alt=\"\" title=\"\" class=\"wp-image-3488\" \/><\/span><\/a>\n\t\t\t<\/div><div class=\"et_pb_module et_d4_element et_pb_text et_pb_text_0  et_pb_text_align_left et_pb_bg_layout_light\">\n\t\t\t\t\n\t\t\t\t\n\t\t\t\t\n\t\t\t\t\n\t\t\t\t<div class=\"et_pb_text_inner\"><h1 style=\"text-align: center;\"><a href=\"https:\/\/elkarhezi.eus\/es\/fotografias\/\"><span style=\"color: #c7444a;\">Fotograf\u00edas<\/span><\/a><\/h1><\/div>\n\t\t\t<\/div>\n\t\t\t<\/div><div class=\"et_d4_element et_pb_column_1_3 et_pb_column et_pb_column_5  et_pb_css_mix_blend_mode et_block_column\">\n\t\t\t\t\n\t\t\t\t\n\t\t\t\t\n\t\t\t\t\n\t\t\t\t<div class=\"et_pb_module et_d4_element et_pb_image et_pb_image_1 ikurrak\">\n\t\t\t\t\n\t\t\t\t\n\t\t\t\t\n\t\t\t\t\n\t\t\t\t<a href=\"https:\/\/elkarhezi.eus\/es\/videos\/\"><span class=\"et_pb_image_wrap \"><img loading=\"lazy\" decoding=\"async\" width=\"150\" height=\"150\" src=\"https:\/\/elkarhezi.eus\/wp-content\/uploads\/2018\/11\/Bideoak_Elkar-Hezi.png\" alt=\"\" title=\"\" class=\"wp-image-3490\" \/><\/span><\/a>\n\t\t\t<\/div><div class=\"et_pb_module et_d4_element et_pb_text et_pb_text_1  et_pb_text_align_left et_pb_bg_layout_light\">\n\t\t\t\t\n\t\t\t\t\n\t\t\t\t\n\t\t\t\t\n\t\t\t\t<div class=\"et_pb_text_inner\"><h1 style=\"text-align: center;\"><a href=\"https:\/\/elkarhezi.eus\/es\/videos\/\"><span style=\"color: #c7444a;\">V\u00eddeos<\/span><\/a><\/h1><\/div>\n\t\t\t<\/div>\n\t\t\t<\/div><div class=\"et_d4_element et_pb_column_1_3 et_pb_column et_pb_column_6  et_pb_css_mix_blend_mode et-last-child et_block_column\">\n\t\t\t\t\n\t\t\t\t\n\t\t\t\t\n\t\t\t\t\n\t\t\t\t<div class=\"et_pb_module et_d4_element et_pb_image et_pb_image_2 ikurrak\">\n\t\t\t\t\n\t\t\t\t\n\t\t\t\t\n\t\t\t\t\n\t\t\t\t<a href=\"https:\/\/elkarhezi.eus\/es\/blogosfera\/\"><span class=\"et_pb_image_wrap \"><img loading=\"lazy\" decoding=\"async\" width=\"150\" height=\"150\" src=\"https:\/\/elkarhezi.eus\/wp-content\/uploads\/2018\/11\/Blogak_Elkar-Hezi.png\" alt=\"\" title=\"\" class=\"wp-image-3491\" \/><\/span><\/a>\n\t\t\t<\/div><div class=\"et_pb_module et_d4_element et_pb_text et_pb_text_2  et_pb_text_align_left et_pb_bg_layout_light\">\n\t\t\t\t\n\t\t\t\t\n\t\t\t\t\n\t\t\t\t\n\t\t\t\t<div class=\"et_pb_text_inner\"><h1 style=\"text-align: center;\"><a href=\"https:\/\/elkarhezi.eus\/es\/blogosfera\/\"><span style=\"color: #c7444a;\">Blogosfera<\/span><\/a><\/h1><\/div>\n\t\t\t<\/div>\n\t\t\t<\/div>\n\t\t\t\t\n\t\t\t\t\n\t\t\t\t\n\t\t\t\t\n\t\t\t<\/div>\n\t\t\t\t\n\t\t\t\t\n\t\t\t<\/div>\n","protected":false},"excerpt":{"rendered":"","protected":false},"author":1,"featured_media":5347,"parent":0,"menu_order":0,"comment_status":"closed","ping_status":"closed","template":"template-orokorra-fullwidth.php","meta":{"_et_pb_use_builder":"on","_et_pb_old_content":"","_et_gb_content_width":"","footnotes":""},"class_list":["post-4389","page","type-page","status-publish","has-post-thumbnail","hentry"],"_links":{"self":[{"href":"https:\/\/elkarhezi.eus\/es\/wp-json\/wp\/v2\/pages\/4389","targetHints":{"allow":["GET"]}}],"collection":[{"href":"https:\/\/elkarhezi.eus\/es\/wp-json\/wp\/v2\/pages"}],"about":[{"href":"https:\/\/elkarhezi.eus\/es\/wp-json\/wp\/v2\/types\/page"}],"author":[{"embeddable":true,"href":"https:\/\/elkarhezi.eus\/es\/wp-json\/wp\/v2\/users\/1"}],"replies":[{"embeddable":true,"href":"https:\/\/elkarhezi.eus\/es\/wp-json\/wp\/v2\/comments?post=4389"}],"version-history":[{"count":5,"href":"https:\/\/elkarhezi.eus\/es\/wp-json\/wp\/v2\/pages\/4389\/revisions"}],"predecessor-version":[{"id":6013,"href":"https:\/\/elkarhezi.eus\/es\/wp-json\/wp\/v2\/pages\/4389\/revisions\/6013"}],"wp:featuredmedia":[{"embeddable":true,"href":"https:\/\/elkarhezi.eus\/es\/wp-json\/wp\/v2\/media\/5347"}],"wp:attachment":[{"href":"https:\/\/elkarhezi.eus\/es\/wp-json\/wp\/v2\/media?parent=4389"}],"curies":[{"name":"wp","href":"https:\/\/api.w.org\/{rel}","templated":true}]}}