{"id":4383,"date":"2019-02-25T16:29:21","date_gmt":"2019-02-25T15:29:21","guid":{"rendered":"https:\/\/elkarhezi.eus\/comedor\/"},"modified":"2026-04-08T08:32:31","modified_gmt":"2026-04-08T06:32:31","slug":"comedor","status":"publish","type":"page","link":"https:\/\/elkarhezi.eus\/es\/servicios\/comedor\/","title":{"rendered":"Comedor"},"content":{"rendered":"<div class=\"et_pb_section_0 et_pb_section et_section_regular et_block_section\">\r\n<div class=\"et_pb_row_0 et_pb_row et_block_row\">\r\n<div class=\"et_pb_column_0 et_pb_column et_pb_column_4_4 et-last-child et_block_column et_pb_css_mix_blend_mode_passthrough\">\r\n<div class=\"et_pb_testimonial_0 et_pb_testimonial et_pb_testimonial_no_image et_pb_bg_layout_dark et_pb_text_align_center et_pb_module et_block_module\"><div class=\"et_pb_testimonial_inner\"><div class=\"et_pb_testimonial_description\"><div class=\"et_pb_testimonial_description_inner\"><div class=\"et_pb_testimonial_content\"><p style=\"text-align: center;\"><span style=\"color: #000000;\"><em>En el centro de ensa\u00f1anza ELKAR HEZI tenemos una cocina totalmente equipada y cocinero profesional.<br \/>Contamos a su vez, con el soporte t\u00e9cnico y log\u00edstico de GASCA.<\/em><\/span><\/p>\n<\/div><\/div><div class=\"et_pb_testimonial_meta\"><\/div><\/div><\/div><\/div>\r\n<\/div>\r\n<\/div>\r\n\r\n<div class=\"et_pb_row_1 et_pb_row et_block_row\">\r\n<div class=\"et_pb_column_1 et_pb_column et_pb_column_1_2 et_block_column et_pb_css_mix_blend_mode_passthrough\">\r\n<div class=\"et_pb_text_0 et_pb_text et_pb_bg_layout_light et_pb_module et_block_module preset--module--divi-text--default\"><div class=\"et_pb_text_inner\"><p style=\"text-align: justify;\"><span style=\"font-weight: 400;\">El servicio de comedor de Elkar Hezi lo gestiona Gasca. La comida se elabora diariamente en el Colegio, se sirven men\u00fas saludables y equilibrados dise\u00f1ados por una dietista,adaptados a las necesidades de nuestro alumnos. Damos especial importancia a utilizar productos locales y de temporada.<\/span><\/p>\n<p style=\"text-align: justify;\"><span style=\"font-weight: 400;\">Tenemos 5 personas encargadas del correcto funcionamiento del comedor, y se presta especial atenci\u00f3n a los m\u00e1s peque\u00f1os. A los ni\u00f1os de 2 y 3 a\u00f1os se les ofrece el servicio de siesta y reposo. Hay una monitora espec\u00edfica encargada de este servicio.<\/span><\/p>\n<p><span style=\"font-weight: 400;\">Gracias a la organizaci\u00f3n de los turnos del comedor, nuestros alumnos pueden realizar actividades extraescolares durante los mediod\u00edas.<\/span><\/p>\n<p style=\"text-align: justify;\"><span style=\"font-weight: 400;\">Ofertamos el servicio de comedor durante todo el a\u00f1o, desde principios de septiembre hasta finales de julio, todos los d\u00edas de apertura del centro.<\/span><\/p>\n<p style=\"text-align: justify;\"><span style=\"font-weight: 400;\">La ropa que se ensucia en la Guarder\u00eda (incluidas batas), se lava y prepara en el centro para el d\u00eda siguiente.<\/span><\/p>\n<p style=\"text-align: justify;\"><span style=\"font-weight: 400;\">Los ni\u00f1os de Guarder\u00eda emplean una agenda donde se informa diariamente a los padres de c\u00f3mo han comido, dormido y pasado la jornada.<\/span><\/p>\n<\/div><\/div>\r\n<\/div>\r\n\r\n<div class=\"et_pb_column_2 et_pb_column et_pb_column_1_2 et-last-child et_block_column et_pb_css_mix_blend_mode_passthrough\">\r\n<div class=\"et_pb_image_0 et_pb_image et_pb_module et_block_module\"><span class=\"et_pb_image_wrap\"><img loading=\"lazy\" decoding=\"async\" src=\"https:\/\/elkarhezi.eus\/wp-content\/uploads\/2018\/12\/Jangela_Menuak.jpg\" width=\"1500\" height=\"1000\" srcset=\"https:\/\/elkarhezi.eus\/wp-content\/uploads\/2018\/12\/Jangela_Menuak.jpg 1500w, https:\/\/elkarhezi.eus\/wp-content\/uploads\/2018\/12\/Jangela_Menuak-300x200.jpg 300w, https:\/\/elkarhezi.eus\/wp-content\/uploads\/2018\/12\/Jangela_Menuak-768x512.jpg 768w, https:\/\/elkarhezi.eus\/wp-content\/uploads\/2018\/12\/Jangela_Menuak-1024x683.jpg 1024w, https:\/\/elkarhezi.eus\/wp-content\/uploads\/2018\/12\/Jangela_Menuak-1080x720.jpg 1080w\" sizes=\"(max-width: 1500px) 100vw, 1500px\" class=\"wp-image-3206\" \/><\/span><\/div>\r\n<\/div>\r\n<\/div>\r\n\r\n<div class=\"et_pb_row_2 et_pb_row et_pb_row_1-4_1-2_1-4 et_block_row et_block_row_1-4_1-2_1-4\">\r\n<div class=\"et_pb_column_3 et_pb_column et_pb_column_1_4 et_block_column et_pb_column_empty et_pb_css_mix_blend_mode_passthrough\"><\/div>\r\n\r\n<div class=\"et_pb_column_4 et_pb_column et_pb_column_1_2 et_block_column et_pb_css_mix_blend_mode_passthrough\">\r\n<div class=\"et_pb_cta_0 et_pb_promo et_pb_bg_layout_dark et_pb_module et_block_module\"><div class=\"et_pb_promo_description\"><div class=\"et_pb_promo_content\"><p><span style=\"color: rgba(0,0,0,0);\">&amp;nbsp;<\/span><br \/><span style=\"color: rgba(0,0,0,0);\">&amp;nbsp;<\/span><br \/><span style=\"color: rgba(0,0,0,0);\">&amp;nbsp;<\/span><br \/><span style=\"color: rgba(0,0,0,0);\">&amp;nbsp;<\/span><br \/><span style=\"color: rgba(0,0,0,0);\">&amp;nbsp;<\/span><br \/><span style=\"color: rgba(0,0,0,0);\">&amp;nbsp;<\/span><br \/><span style=\"color: rgba(0,0,0,0);\">&amp;nbsp;<\/span><br \/><span style=\"color: rgba(0,0,0,0);\">&amp;nbsp;<\/span><\/p>\n<\/div><\/div><div class=\"et_pb_button_wrapper\"><a class=\"et_pb_button et_pb_promo_button\" target=\"_blank\" href=\"https:\/\/elkarhezi.eus\/wp-content\/uploads\/2026\/04\/elkarHezi_menuak_apirila_abril.pdf\" rel=\"noreferrer\">VER MEN\u00da MENSUAL<\/a><\/div><\/div>\r\n<\/div>\r\n\r\n<div class=\"et_pb_column_5 et_pb_column et_pb_column_1_4 et-last-child et_block_column et_pb_column_empty et_pb_css_mix_blend_mode_passthrough\"><\/div>\r\n<\/div>\r\n\r\n<div class=\"et_pb_row_3 et_pb_row et_block_row\">\r\n<div class=\"et_pb_column_6 et_pb_column et_pb_column_1_3 et_block_column et_pb_css_mix_blend_mode_passthrough\">\r\n<div class=\"et_pb_image_1 et_pb_image et_pb_module et_block_module ikurrak\"><a href=\"https:\/\/elkarhezi.eus\/es\/actividades-extraescolares\/\"><span class=\"et_pb_image_wrap\"><img loading=\"lazy\" decoding=\"async\" src=\"https:\/\/elkarhezi.eus\/wp-content\/uploads\/2017\/08\/Eskolaz-Kanpokoak_ElkarHezi_.png\" width=\"150\" height=\"150\" sizes=\"(max-width: 150px) 100vw, 150px\" class=\"wp-image-3461\" \/><\/span><\/a><\/div>\r\n\r\n<div class=\"et_pb_text_1 et_pb_text et_pb_bg_layout_light et_pb_module et_block_module preset--module--divi-text--default\"><div class=\"et_pb_text_inner\"><h1 style=\"text-align: center;\"><a href=\"https:\/\/elkarhezi.eus\/es\/servicios\/actividades-extraescolares\/\"><span style=\"color: #c7444a;\">Extraescolares<\/span><\/a><\/h1>\n<\/div><\/div>\r\n<\/div>\r\n\r\n<div class=\"et_pb_column_7 et_pb_column et_pb_column_1_3 et_block_column et_pb_css_mix_blend_mode_passthrough\">\r\n<div class=\"et_pb_image_2 et_pb_image et_pb_module et_block_module ikurrak\"><a href=\"https:\/\/elkarhezi.eus\/es\/uso-de-la-ludoteca\/\"><span class=\"et_pb_image_wrap\"><img loading=\"lazy\" decoding=\"async\" src=\"https:\/\/elkarhezi.eus\/wp-content\/uploads\/2017\/08\/Ludoteca_ElkarHezi_.png\" width=\"150\" height=\"150\" sizes=\"(max-width: 150px) 100vw, 150px\" class=\"wp-image-3463\" \/><\/span><\/a><\/div>\r\n\r\n<div class=\"et_pb_text_2 et_pb_text et_pb_bg_layout_light et_pb_module et_block_module preset--module--divi-text--default\"><div class=\"et_pb_text_inner\"><h1 style=\"text-align: center;\"><a href=\"https:\/\/elkarhezi.eus\/es\/servicios\/uso-de-la-ludoteca\/\"><span style=\"color: #c7444a;\">Ludoteca<\/span><\/a><\/h1>\n<\/div><\/div>\r\n<\/div>\r\n\r\n<div class=\"et_pb_column_8 et_pb_column et_pb_column_1_3 et-last-child et_block_column et_pb_css_mix_blend_mode_passthrough\">\r\n<div class=\"et_pb_image_3 et_pb_image et_pb_module et_block_module ikurrak\"><a href=\"https:\/\/elkarhezi.eus\/es\/transporte\/\"><span class=\"et_pb_image_wrap\"><img loading=\"lazy\" decoding=\"async\" src=\"https:\/\/elkarhezi.eus\/wp-content\/uploads\/2018\/11\/Garraioa_ElkarHezi.png\" width=\"150\" height=\"150\" sizes=\"(max-width: 150px) 100vw, 150px\" class=\"wp-image-3493\" \/><\/span><\/a><\/div>\r\n\r\n<div class=\"et_pb_text_3 et_pb_text et_pb_bg_layout_light et_pb_module et_block_module preset--module--divi-text--default\"><div class=\"et_pb_text_inner\"><h1 style=\"text-align: center;\"><a href=\"https:\/\/elkarhezi.eus\/es\/servicios\/transporte\/\"><span style=\"color: #c7444a;\">Transporte<\/span><\/a><\/h1>\n<\/div><\/div>\r\n<\/div>\r\n<\/div>\r\n<\/div>","protected":false},"excerpt":{"rendered":"","protected":false},"author":1,"featured_media":5337,"parent":4568,"menu_order":0,"comment_status":"closed","ping_status":"closed","template":"template-orokorra-fullwidth.php","meta":{"footnotes":""},"class_list":["post-4383","page","type-page","status-publish","has-post-thumbnail","hentry"],"_links":{"self":[{"href":"https:\/\/elkarhezi.eus\/es\/wp-json\/wp\/v2\/pages\/4383","targetHints":{"allow":["GET"]}}],"collection":[{"href":"https:\/\/elkarhezi.eus\/es\/wp-json\/wp\/v2\/pages"}],"about":[{"href":"https:\/\/elkarhezi.eus\/es\/wp-json\/wp\/v2\/types\/page"}],"author":[{"embeddable":true,"href":"https:\/\/elkarhezi.eus\/es\/wp-json\/wp\/v2\/users\/1"}],"replies":[{"embeddable":true,"href":"https:\/\/elkarhezi.eus\/es\/wp-json\/wp\/v2\/comments?post=4383"}],"version-history":[{"count":30,"href":"https:\/\/elkarhezi.eus\/es\/wp-json\/wp\/v2\/pages\/4383\/revisions"}],"predecessor-version":[{"id":14307,"href":"https:\/\/elkarhezi.eus\/es\/wp-json\/wp\/v2\/pages\/4383\/revisions\/14307"}],"up":[{"embeddable":true,"href":"https:\/\/elkarhezi.eus\/es\/wp-json\/wp\/v2\/pages\/4568"}],"wp:featuredmedia":[{"embeddable":true,"href":"https:\/\/elkarhezi.eus\/es\/wp-json\/wp\/v2\/media\/5337"}],"wp:attachment":[{"href":"https:\/\/elkarhezi.eus\/es\/wp-json\/wp\/v2\/media?parent=4383"}],"curies":[{"name":"wp","href":"https:\/\/api.w.org\/{rel}","templated":true}]}}