{"id":4360,"date":"2019-02-25T15:54:22","date_gmt":"2019-02-25T14:54:22","guid":{"rendered":"https:\/\/elkarhezi.eus\/oferta-academica\/bachillerato\/"},"modified":"2019-12-19T10:42:50","modified_gmt":"2019-12-19T09:42:50","slug":"bachillerato","status":"publish","type":"page","link":"https:\/\/elkarhezi.eus\/es\/oferta-academica\/bachillerato\/","title":{"rendered":"Bachillerato"},"content":{"rendered":"<p><div class=\"et_d4_element et_pb_section et_pb_section_0  et_pb_css_mix_blend_mode et_section_regular et_block_section\" >\n\t\t\t\t\n\t\t\t\t\n\t\t\t\t\n\t\t\t\t\n\t\t\t\t\n\t\t\t\t\n\t\t\t\t<div class=\"et_d4_element et_pb_row et_pb_row_0  et_pb_css_mix_blend_mode et_block_row\">\n\t\t\t\t<div class=\"et_d4_element et_pb_column_1_2 et_pb_column et_pb_column_0  et_pb_css_mix_blend_mode et_block_column\">\n\t\t\t\t\n\t\t\t\t\n\t\t\t\t\n\t\t\t\t\n\t\t\t\t<div class=\"et_pb_with_border et_pb_module et_d4_element et_pb_image et_pb_image_0\">\n\t\t\t\t\n\t\t\t\t\n\t\t\t\t\n\t\t\t\t\n\t\t\t\t<span class=\"et_pb_image_wrap \"><img loading=\"lazy\" decoding=\"async\" width=\"1500\" height=\"999\" src=\"https:\/\/elkarhezi.eus\/wp-content\/uploads\/2018\/11\/ElkarHezi-Baltx.jpg\" alt=\"\" title=\"\" srcset=\"https:\/\/elkarhezi.eus\/wp-content\/uploads\/2018\/11\/ElkarHezi-Baltx.jpg 1500w, https:\/\/elkarhezi.eus\/wp-content\/uploads\/2018\/11\/ElkarHezi-Baltx-300x200.jpg 300w, https:\/\/elkarhezi.eus\/wp-content\/uploads\/2018\/11\/ElkarHezi-Baltx-768x511.jpg 768w, https:\/\/elkarhezi.eus\/wp-content\/uploads\/2018\/11\/ElkarHezi-Baltx-1024x682.jpg 1024w, https:\/\/elkarhezi.eus\/wp-content\/uploads\/2018\/11\/ElkarHezi-Baltx-1080x719.jpg 1080w\" sizes=\"(max-width: 1500px) 100vw, 1500px\" class=\"wp-image-3650\" \/><\/span>\n\t\t\t<\/div><div class=\"et_pb_module et_d4_element et_pb_text et_pb_text_0  et_pb_text_align_left et_pb_bg_layout_light\">\n\t\t\t\t\n\t\t\t\t\n\t\t\t\t\n\t\t\t\t\n\t\t\t\t<div class=\"et_pb_text_inner\"><p style=\"text-align: justify;\">No son estudios obligatorios, el alumno puede elegir esta v\u00eda despu\u00e9s de lograr el t\u00edtulo de la ESO. seguimos trabajando el desarrollo de todas las capacidades de nuestro alumnos, pero hacemos especial \u00e9nfasis en las bases, actitudes y h\u00e1bitos de trabajo necesarios para que puedan realizar estudios superiores.<\/p>\n<p style=\"text-align: justify;\">Durante estos dos cursos el alumnado cursa distintos tipos de asignaturas: las obligatorias, que cursan todos y aseguran una la educaci\u00f3n general; las obligatorias de modalidad, que garantizan en todos la formaci\u00f3n espec\u00edfica de cada modalidad, y las optativas.<\/p>\n<p style=\"text-align: justify;\">De \u00e9sta forma, mediante las asignaturas comunes, se consigue que todos los alumnos logren una base com\u00fan, pero al mismo tiempo hay cabida para la diversidad, para adaptarse a las caracter\u00edsticas e intereses de los alumnos\/as y a las distintas opciones de los estudios posteriores: grados universitarios, ciclos formativos de grado superior o incorporarse al mundo laboral.<\/p>\n<p style=\"text-align: justify;\">En el centro tenemos las siguientes modalidades:  la bio-sanitaria,  la cient\u00edfico-tecnol\u00f3gica y la de ciencias sociales y humanidades<\/p><\/div>\n\t\t\t<\/div><div class=\"et_pb_button_module_wrapper et_pb_button_0_wrapper et_pb_button_alignment_center et_pb_module \">\n\t\t\t\t<a class=\"et_pb_button et_d4_element et_pb_button_0 et_pb_bg_layout_light et_block_module\" href=\"https:\/\/sites.google.com\/a\/elkarhezi.com\/orientasare-elkarhezi\/\" target=\"_blank\">ORIENTACI\u00d3N<\/a>\n\t\t\t<\/div>\n\t\t\t<\/div><div class=\"et_d4_element et_pb_column_1_2 et_pb_column et_pb_column_1  et_pb_css_mix_blend_mode et-last-child et_block_column\">\n\t\t\t\t\n\t\t\t\t\n\t\t\t\t\n\t\t\t\t\n\t\t\t\t<div class=\"et_pb_module et_d4_element et_pb_text et_pb_text_1  et_pb_text_align_left et_pb_bg_layout_light\">\n\t\t\t\t\n\t\t\t\t\n\t\t\t\t\n\t\t\t\t\n\t\t\t\t<div class=\"et_pb_text_inner\"><h2>\u00bfC\u00d3MO?<\/h2>\n<ul>\n<li style=\"text-align: justify;\">Promoviendo las interacciones entre iguales y la coeducaci\u00f3n.<\/li>\n<li style=\"text-align: justify;\">Aprendiendo a relacionarnos de manera adecuada con los dem\u00e1s y con el entorno\u201d 0 violencia desde los 0 a\u00f1os\u201d.<\/li>\n<li style=\"text-align: justify;\">Mediante los TICs.<\/li>\n<li style=\"text-align: justify;\">Libros de texto.<\/li>\n<li style=\"text-align: justify;\">Aprendiendo con los dem\u00e1s mediante grupos interactivos.<\/li>\n<li style=\"text-align: justify;\">Acostumbr\u00e1ndonos a compartir nuestras experiencias, preocupaciones\u2026 mediante tertulias.<\/li>\n<li style=\"text-align: justify;\">Educaci\u00f3n Vial.<\/li>\n<li style=\"text-align: justify;\">Educaci\u00f3n Afectivo Sexual. <a href=\"https:\/\/www.centroarlera.com\/es\/\" target=\"_blank\" rel=\"noopener noreferrer\">Si quieres ponerte en contacto haz click en este enlace<\/a><\/li>\n<li style=\"text-align: justify;\">Salidas: intercambio con Pa\u00edses Bajos y Alemania.<\/li>\n<li style=\"text-align: justify;\">Mediante una evaluaci\u00f3n continua:se recogen datos diariamente, se puede consultar en cada momento c\u00faal es la situaci\u00f3n y la evoluci\u00f3n de cada hija\/o, gracias a la aplicaci\u00f3n on-line Alexia .Cada trimestre reciben un bolet\u00edn con la informaci\u00f3n de cada alumno. Se tienen comunicaciones con los padres tras cada evaluaci\u00f3n y la preevaluaci\u00f3n. Adem\u00e1s de todas las que se consideren necesarias, bien por parte del tutor, profesor o los padres, adaptadas a sus horarios.las comunicaciones telef\u00f3nicas o v\u00eda email entre tutor\/profesor y padres son habituales en le d\u00eda a d\u00eda.<\/li>\n<li style=\"text-align: justify;\">La &nbsp;<strong>Orientaci\u00f3n<\/strong> tiene como objetivo ayudarles &nbsp;a tomar las decisiones adecuadas de cara al futuro y les ayude a desarrollar sus capacidades de forma aut\u00f3n; en funci\u00f3n del curso se trabajan contenidos diferentes:<\/li>\n<li style=\"text-align: justify;\">Se trabajan sistem\u00e1ticamente respecto a estudios posteriores y desarrollo profesional:<\/li>\n<li style=\"text-align: justify;\">* 1\u00ba de BACHILLERATO: ayudarles en la elecci\u00f3n &nbsp;de asignaturas de modalidad y optativas m\u00e1s adecuada, mediante entrevistas individuales necesarias.<\/li>\n<li style=\"text-align: justify;\">* 2\u00ba de BACHILLERATO: &nbsp;darles toda la informaci\u00f3n necesaria para ayudarles en la elecci\u00f3n posterior, informarles y facilitarles las visitas a distintos centros y universidades y todas las entrevistas individuales con la orientadora necesarias.&nbsp;<\/li>\n<\/ul><\/div>\n\t\t\t<\/div>\n\t\t\t<\/div>\n\t\t\t\t\n\t\t\t\t\n\t\t\t\t\n\t\t\t\t\n\t\t\t<\/div><div class=\"et_d4_element et_pb_row et_pb_row_1  et_pb_css_mix_blend_mode et_block_row\">\n\t\t\t\t<div class=\"et_d4_element et_pb_column_4_4 et_pb_column et_pb_column_2  et_pb_css_mix_blend_mode et-last-child et_block_column\">\n\t\t\t\t\n\t\t\t\t\n\t\t\t\t\n\t\t\t\t\n\t\t\t\t<div class=\"et_pb_module et_d4_element et_pb_text et_pb_text_2  et_pb_text_align_left et_pb_bg_layout_light\">\n\t\t\t\t\n\t\t\t\t\n\t\t\t\t\n\t\t\t\t\n\t\t\t\t<div class=\"et_pb_text_inner\"><h2 style=\"text-align: center;\">Proyectos<\/h2><\/div>\n\t\t\t<\/div><div class=\"et_pb_module et_d4_element et_pb_accordion et_pb_accordion_0\">\n\t\t\t\t\n\t\t\t\t\n\t\t\t\t\n\t\t\t\t\n\t\t\t\t<div class=\"et_pb_toggle et_pb_module et_d4_element et_pb_accordion_item et_pb_accordion_item_0  et_pb_toggle_open\">\n\t\t\t\t\n\t\t\t\t\n\t\t\t\t\n\t\t\t\t\n\t\t\t\t<h5 class=\"et_pb_toggle_title\">Ikaskom<\/h5>\n\t\t\t\t<div class=\"et_pb_toggle_content clearfix\"><p style=\"text-align: justify;\">Este es el eje central de nuestro Proyecto Educativo. Nuestro centro, siendo una Comunidad de Aprendizaje, tiene como objetivo que todos nuestros alumnos desarrollan al m\u00e1ximo sus capacidades, en un entorno de buena convivencia.<\/p>\n<p style=\"text-align: justify;\">Para ello, hemos puesto en pr\u00e1ctica las Actuaciones Educativas de \u00c9xito, actuaciones universales que dan buenos resultados en todos los centros educativos en los que se ponen en pr\u00e1ctica, independientemente de sus caracter\u00edsticas, actuaciones avaladas por la comunidad cient\u00edfica internacional. entre ellas, 0 Violencia desde los 0 a\u00f1os, &nbsp;Grupos Interactivos, Tertulias Dial\u00f3gicas( literarias, curriculares, pedag\u00f3gicas\u2026) y la participaci\u00f3n de toda la comunidad educativa mediante las Comisiones Mixtas.<\/p><\/div>\n\t\t\t<\/div><div class=\"et_pb_toggle et_pb_module et_d4_element et_pb_accordion_item et_pb_accordion_item_1  et_pb_toggle_close\">\n\t\t\t\t\n\t\t\t\t\n\t\t\t\t\n\t\t\t\t\n\t\t\t\t<h5 class=\"et_pb_toggle_title\">Educaci\u00f3n Triling\u00fce<\/h5>\n\t\t\t\t<div class=\"et_pb_toggle_content clearfix\"><p style=\"text-align: justify;\">Nuestro centro se inscribe dentro del marco de educaci\u00f3n Triling\u00fce.Pod\u00e9is acceder AQU\u00ed a nuestro proyecto educativo.<\/p>\n<h4>&nbsp;<\/h4>\n<ul>\n<li style=\"text-align: justify;\">\n<h4>EUSKARA:<\/h4>\n<p>Es nuestra lengua vehicular en el d\u00eda a d\u00eda. Tomamos parte en el programa Ulibarri. Trabajamos Bertsolaritza en 5\u00ba y 6\u00ba de Primaria y 1\u00ba de la ESO.<br \/>\nEl objetivo es que cuando terminen el Bachillerato tengan nivel C1 (EGA).<\/li>\n<\/ul>\n<h4>&nbsp;<\/h4>\n<ul>\n<li style=\"text-align: justify;\">\n<h4>ESPA\u00d1OL:<\/h4>\n<p>Empiezan a trabajar la misma sistem\u00e1ticamente con 6 a\u00f1os. Se logran todas las competencias en dicha lengua, como queda comprobado en las evaluaciones externas que se han realizado<\/li>\n<\/ul>\n<h4>&nbsp;<\/h4>\n<ul>\n<li style=\"text-align: justify;\">\n<h4>INGL\u00c9S:<\/h4>\n<ul>\n<li>Empiezan a trabajarla con 3 a\u00f1os. A partir de 3\u00ba de Primaria trabajan la asignatura de Science en ingl\u00e9s y el ESO se imparte la asignatura de Geograf\u00eda e Historia en dicha lengua.<\/li>\n<li>El objetivo es que al finalizar Bachillerato tengan un nivel B2 (First).<\/li>\n<li>En 1\u00ba de Bachillerato se hace un intercambio con Alemania y Pa\u00edses Bajos.<\/li>\n<li>Tenemos un convenio con La Universidad Cambridge para realizar sus ex\u00e1menes oficiales en el centro.<\/li>\n<li>Desde el curso 2017-18 nuestro alumnos tienen la opci\u00f3n de cursar el Bachillerato Dual, mediante el cual logran tambi\u00e9n el t\u00edtulo de Bachillerato Americano.<\/li>\n<\/ul>\n<\/li>\n<\/ul><\/div>\n\t\t\t<\/div><div class=\"et_pb_toggle et_pb_module et_d4_element et_pb_accordion_item et_pb_accordion_item_2  et_pb_toggle_close\">\n\t\t\t\t\n\t\t\t\t\n\t\t\t\t\n\t\t\t\t\n\t\t\t\t<h5 class=\"et_pb_toggle_title\">Mindfulness<\/h5>\n\t\t\t\t<div class=\"et_pb_toggle_content clearfix\"><div class=\"et_pb_toggle_content clearfix\">\n<p style=\"text-align: justify;\">A veces no somos conscientes de que nuestra mente no para, de que no disfrutamos del presente porque sensaciones desagradables del pasado nos limitan, porque juzgamos sin necesidad o porque la incertidumbre del futuro nos agobia. Gracias a la pr\u00e1ctica de Mindfulness conseguiremos trasladar al presente nuestra atenci\u00f3n, con una sola condici\u00f3n, aceptar lo que nos ocurre con una actitud abierta, sin juzgar.<\/p>\n<p style=\"text-align: justify;\">Redirigir la mirada a nuestro interior, m\u00e1s a\u00fan, redescubrir nuestra dimensi\u00f3n interna, cuidarla y trabajarla, quiz\u00e1s hoy en d\u00eda m\u00e1s que nunca, puede llegar a a ser un gran regalo.<\/p>\n<p style=\"text-align: justify;\">Lo practican desde el aula de 3 a\u00f1os hasta 2\u00ba de bachillerato.<\/p>\n<\/div>\n<p>Redirigir la mirada a nuestro interior, m\u00e1s a\u00fan, redescubrir nuestra dimensi\u00f3n interna, cuidarla y trabajarla, quiz\u00e1s hoy en d\u00eda m\u00e1s que nunca, puede llegar a a ser un gran regalo.<\/p>\n<p>Lo practican desde el aula de 3 a\u00f1os hasta 2\u00ba de bachillerato.<\/p><\/div>\n\t\t\t<\/div><div class=\"et_pb_toggle et_pb_module et_d4_element et_pb_accordion_item et_pb_accordion_item_3  et_pb_toggle_close\">\n\t\t\t\t\n\t\t\t\t\n\t\t\t\t\n\t\t\t\t\n\t\t\t\t<h5 class=\"et_pb_toggle_title\">Elkarhezinet<\/h5>\n\t\t\t\t<div class=\"et_pb_toggle_content clearfix\"><p style=\"text-align: justify;\">Debido a que una de las competencias a desarrollar en el alumnado es la digital, para que nuestros alumnos puedan contar con las mejores herramientas para la implantaci\u00f3n de las <strong>T<\/strong>ecnolog\u00edas de la <strong>I<\/strong>nformaci\u00f3n, <strong>C<\/strong>omunicaci\u00f3n y <strong>C<\/strong>onocimiento, nuestros alumnos comienzan a utilizar los ordenadores personales del colegio en 5\u00ba de primaria, los alumnos de ESO y Bachillerato participan en el proyecto ELKARHEZINET, implantado desde el curso 2014-15, como consecuencia del mismo cada alumno tiene su propio ordenador personal. Ello permite un cambio metodol\u00f3gico, potenciando el trabajo din\u00e1mico, cooperativo, participativo y activo en red, desapareciendo en gran medida los llamados libros de texto.<\/p><\/div>\n\t\t\t<\/div><div class=\"et_pb_toggle et_pb_module et_d4_element et_pb_accordion_item et_pb_accordion_item_4  et_pb_toggle_close\">\n\t\t\t\t\n\t\t\t\t\n\t\t\t\t\n\t\t\t\t\n\t\t\t\t<h5 class=\"et_pb_toggle_title\">Bachillerato Dual<\/h5>\n\t\t\t\t<div class=\"et_pb_toggle_content clearfix\"><p style=\"text-align: justify;\">Con el objetivo de ayudar a nuestros alumnos en el desarrollo de sus capacidades mediante diversas v\u00edas,desde el curso 2017-18 los alumnos de 3\u00ba y4\u00ba de la ESO y bachillerato pueden tomar parte en este proyecto. Los alumnos que participan en el mismo, trabajan <b>el ingl\u00e9s oral y escrito, la utilizaci\u00f3n de TIC-s , la autonom\u00eda personal y la organizaci\u00f3n a la hora de los estudios<\/b>, al mismo tiempo que logran <b>dos t\u00edtulos de bachillerato al mismo tiempo<\/b>: el del Estado Espa\u00f1ol y el de los &nbsp;Estados Unidos de Am\u00e9rica.<\/p>\n<p style=\"text-align: justify;\">Con este f\u00edn, trabajan 6 asignaturas del curriculum del Bachillerato Americano durante 3 o 4 a\u00f1os, en ingl\u00e9s y on-line. , con la ayuda de un profesor del colegio y uno de all\u00ed. Los alumnos deben enviar peri\u00f3dicamente trabajos al profesor estadounidense y deben tomar parte en videoconferencias con el profesor de all\u00ed y otros alumnos, en sesiones de debate.<\/p>\n<p style=\"text-align: justify;\">Tiene relaci\u00f3n semanal con el profesor estadounidense v\u00eda email y por videoconferencia.El profesor de aqu\u00ed hace un seguimiento del trabajo del alumno, est\u00e1 en contacto con el alumno, la familia y el profesor de all\u00ed, para brindar la ayuda que sea necesaria.<\/p>\n<p style=\"text-align: justify;\">M\u00e1s informaci\u00f3n en el siguiente enlace <a href=\"http:\/\/www.academica.school\/\"><span style=\"color: #9abd68;\">https:\/\/ www.academica.school\/<\/span><\/a><\/p><\/div>\n\t\t\t<\/div>\n\t\t\t<\/div>\n\t\t\t<\/div>\n\t\t\t\t\n\t\t\t\t\n\t\t\t\t\n\t\t\t\t\n\t\t\t<\/div>\n\t\t\t\t\n\t\t\t\t\n\t\t\t<\/div><div class=\"et_d4_element et_pb_section et_pb_section_1 oinaurrekoimgtrans  et_pb_css_mix_blend_mode et_section_regular et_block_section\" >\n\t\t\t\t\n\t\t\t\t\n\t\t\t\t\n\t\t\t\t\n\t\t\t\t\n\t\t\t\t\n\t\t\t\t<div class=\"et_d4_element et_pb_row et_pb_row_2 oinaurrekoa et_pb_row_fullwidth et_pb_equal_columns  et_pb_css_mix_blend_mode et_block_row\">\n\t\t\t\t<div class=\"et_d4_element et_pb_column_1_3 et_pb_column et_pb_column_3  et_pb_css_mix_blend_mode et_block_column\">\n\t\t\t\t\n\t\t\t\t\n\t\t\t\t\n\t\t\t\t\n\t\t\t\t<div class=\"et_pb_with_border et_pb_module et_d4_element et_pb_cta_0 oinaurrekoimgtrans et_pb_promo  et_pb_text_align_center et_pb_bg_layout_dark\">\n\t\t\t\t\n\t\t\t\t\n\t\t\t\t\n\t\t\t\t\n\t\t\t\t<div class=\"et_pb_promo_description\"><div><p>\n&nbsp;<\/p>\n<p>&nbsp;<\/p>\n<p>&nbsp;<\/p>\n<p>&nbsp;<\/p>\n<p>&nbsp;<\/p><\/div><\/div>\n\t\t\t\t<div class=\"et_pb_button_wrapper\"><a class=\"et_pb_button et_pb_promo_button\" href=\"https:\/\/elkarhezi.eus\/es\/oferta-academica\/educacion-infantil\/\">EDUCACI\u00d3N INFANTIL<\/a><\/div>\n\t\t\t<\/div>\n\t\t\t<\/div><div class=\"et_d4_element et_pb_column_1_3 et_pb_column et_pb_column_4  et_pb_css_mix_blend_mode et_block_column\">\n\t\t\t\t\n\t\t\t\t\n\t\t\t\t\n\t\t\t\t\n\t\t\t\t<div class=\"et_pb_with_border et_pb_module et_d4_element et_pb_cta_1 oinaurrekoimgtrans et_pb_promo  et_pb_text_align_center et_pb_bg_layout_dark\">\n\t\t\t\t\n\t\t\t\t\n\t\t\t\t\n\t\t\t\t\n\t\t\t\t<div class=\"et_pb_promo_description\"><div><p>\n&nbsp;<\/p>\n<p>&nbsp;<\/p>\n<p>&nbsp;<\/p>\n<p>&nbsp;<\/p>\n<p>&nbsp;<\/p><\/div><\/div>\n\t\t\t\t<div class=\"et_pb_button_wrapper\"><a class=\"et_pb_button et_pb_promo_button\" href=\"https:\/\/elkarhezi.eus\/es\/oferta-academica\/educacion-primaria\/\">EDUCACI\u00d3N PRIMARIA<\/a><\/div>\n\t\t\t<\/div>\n\t\t\t<\/div><div class=\"et_d4_element et_pb_column_1_3 et_pb_column et_pb_column_5  et_pb_css_mix_blend_mode et-last-child et_block_column\">\n\t\t\t\t\n\t\t\t\t\n\t\t\t\t\n\t\t\t\t\n\t\t\t\t<div class=\"et_pb_with_border et_pb_module et_d4_element et_pb_cta_2 oinaurrekoimgtrans et_pb_promo  et_pb_text_align_center et_pb_bg_layout_dark\">\n\t\t\t\t\n\t\t\t\t\n\t\t\t\t\n\t\t\t\t\n\t\t\t\t<div class=\"et_pb_promo_description\"><div><p>\n&nbsp;<\/p>\n<p>&nbsp;<\/p>\n<p>&nbsp;<\/p>\n<p>&nbsp;<\/p>\n<p>&nbsp;<\/p><\/div><\/div>\n\t\t\t\t<div class=\"et_pb_button_wrapper\"><a class=\"et_pb_button et_pb_promo_button\" href=\"https:\/\/elkarhezi.eus\/es\/oferta-academica\/educacion-secundaria-obligatoria\/\">ESO<\/a><\/div>\n\t\t\t<\/div>\n\t\t\t<\/div>\n\t\t\t\t\n\t\t\t\t\n\t\t\t\t\n\t\t\t\t\n\t\t\t<\/div>\n\t\t\t\t\n\t\t\t\t\n\t\t\t<\/div><\/p>\n","protected":false},"excerpt":{"rendered":"","protected":false},"author":1,"featured_media":5359,"parent":4323,"menu_order":0,"comment_status":"closed","ping_status":"closed","template":"template-orokorra-fullwidth.php","meta":{"_et_pb_use_builder":"on","_et_pb_old_content":"","_et_gb_content_width":"","footnotes":""},"class_list":["post-4360","page","type-page","status-publish","has-post-thumbnail","hentry"],"_links":{"self":[{"href":"https:\/\/elkarhezi.eus\/es\/wp-json\/wp\/v2\/pages\/4360","targetHints":{"allow":["GET"]}}],"collection":[{"href":"https:\/\/elkarhezi.eus\/es\/wp-json\/wp\/v2\/pages"}],"about":[{"href":"https:\/\/elkarhezi.eus\/es\/wp-json\/wp\/v2\/types\/page"}],"author":[{"embeddable":true,"href":"https:\/\/elkarhezi.eus\/es\/wp-json\/wp\/v2\/users\/1"}],"replies":[{"embeddable":true,"href":"https:\/\/elkarhezi.eus\/es\/wp-json\/wp\/v2\/comments?post=4360"}],"version-history":[{"count":6,"href":"https:\/\/elkarhezi.eus\/es\/wp-json\/wp\/v2\/pages\/4360\/revisions"}],"predecessor-version":[{"id":4992,"href":"https:\/\/elkarhezi.eus\/es\/wp-json\/wp\/v2\/pages\/4360\/revisions\/4992"}],"up":[{"embeddable":true,"href":"https:\/\/elkarhezi.eus\/es\/wp-json\/wp\/v2\/pages\/4323"}],"wp:featuredmedia":[{"embeddable":true,"href":"https:\/\/elkarhezi.eus\/es\/wp-json\/wp\/v2\/media\/5359"}],"wp:attachment":[{"href":"https:\/\/elkarhezi.eus\/es\/wp-json\/wp\/v2\/media?parent=4360"}],"curies":[{"name":"wp","href":"https:\/\/api.w.org\/{rel}","templated":true}]}}