{"id":4343,"date":"2019-02-25T14:12:39","date_gmt":"2019-02-25T13:12:39","guid":{"rendered":"https:\/\/elkarhezi.eus\/oferta-academica\/educacion-primaria\/"},"modified":"2019-12-19T10:23:46","modified_gmt":"2019-12-19T09:23:46","slug":"educacion-primaria","status":"publish","type":"page","link":"https:\/\/elkarhezi.eus\/es\/oferta-academica\/educacion-primaria\/","title":{"rendered":"Educaci\u00f3n Primaria"},"content":{"rendered":"<p><div class=\"et_d4_element et_pb_section et_pb_section_0  et_pb_css_mix_blend_mode et_section_regular et_block_section\" >\n\t\t\t\t\n\t\t\t\t\n\t\t\t\t\n\t\t\t\t\n\t\t\t\t\n\t\t\t\t\n\t\t\t\t<div class=\"et_d4_element et_pb_row et_pb_row_0  et_pb_css_mix_blend_mode et_block_row\">\n\t\t\t\t<div class=\"et_d4_element et_pb_column_1_2 et_pb_column et_pb_column_0  et_pb_css_mix_blend_mode et_block_column\">\n\t\t\t\t\n\t\t\t\t\n\t\t\t\t\n\t\t\t\t\n\t\t\t\t<div class=\"et_pb_with_border et_pb_module et_d4_element et_pb_image et_pb_image_0\">\n\t\t\t\t\n\t\t\t\t\n\t\t\t\t\n\t\t\t\t\n\t\t\t\t<span class=\"et_pb_image_wrap \"><img loading=\"lazy\" decoding=\"async\" width=\"1500\" height=\"1000\" src=\"https:\/\/elkarhezi.eus\/wp-content\/uploads\/2018\/11\/LehenHezkuntza.jpg\" alt=\"\" title=\"\" srcset=\"https:\/\/elkarhezi.eus\/wp-content\/uploads\/2018\/11\/LehenHezkuntza.jpg 1500w, https:\/\/elkarhezi.eus\/wp-content\/uploads\/2018\/11\/LehenHezkuntza-300x200.jpg 300w, https:\/\/elkarhezi.eus\/wp-content\/uploads\/2018\/11\/LehenHezkuntza-768x512.jpg 768w, https:\/\/elkarhezi.eus\/wp-content\/uploads\/2018\/11\/LehenHezkuntza-1024x683.jpg 1024w, https:\/\/elkarhezi.eus\/wp-content\/uploads\/2018\/11\/LehenHezkuntza-1080x720.jpg 1080w\" sizes=\"(max-width: 1500px) 100vw, 1500px\" class=\"wp-image-2913\" \/><\/span>\n\t\t\t<\/div><div class=\"et_pb_module et_d4_element et_pb_text et_pb_text_0  et_pb_text_align_left et_pb_bg_layout_light\">\n\t\t\t\t\n\t\t\t\t\n\t\t\t\t\n\t\t\t\t\n\t\t\t\t<div class=\"et_pb_text_inner\"><p style=\"text-align: justify;\">En la etapa de Educaci\u00f3n Primaria, (6- 12 a\u00f1os) \u00a0cada alumna\/alumno desarrolla su aspecto f\u00edsico, motor, cognitivo , ling\u00fc\u00edstico, afectivo y social. Nuestro objetivo general es garantizar el bienestar del escolar para que adquiera las estrategias adecuadas y sea \u00a0cada vez m\u00e1s aut\u00f3nomo, libre y participativo en la sociedad.<\/p>\n<p style=\"text-align: justify;\">Garantizamos una educaci\u00f3n Inclusiva y significativa \u00a0adapt\u00e1ndonos a las necesidades educativas de cada ni\u00f1o o ni\u00f1a. La profesora o el profesor de la materia y la Pedagoga Terap\u00e9utica del centro, son los acompa\u00f1antes a lo largo del aprendizaje del alumnado. De hecho, en los contenidos que desarrollamos en el d\u00eda a d\u00eda, trabajamos todas las competencia b\u00e1sicas. Para fomentar el desarrollo integral del alumnado favorecemos la relaci\u00f3n entre familia y escuela.<\/p><\/div>\n\t\t\t<\/div>\n\t\t\t<\/div><div class=\"et_d4_element et_pb_column_1_2 et_pb_column et_pb_column_1  et_pb_css_mix_blend_mode et-last-child et_block_column\">\n\t\t\t\t\n\t\t\t\t\n\t\t\t\t\n\t\t\t\t\n\t\t\t\t<div class=\"et_pb_module et_d4_element et_pb_text et_pb_text_1  et_pb_text_align_left et_pb_bg_layout_light\">\n\t\t\t\t\n\t\t\t\t\n\t\t\t\t\n\t\t\t\t\n\t\t\t\t<div class=\"et_pb_text_inner\"><h2>\u00bfC\u00d3MO?<\/h2>\n<ul>\n<li style=\"text-align: justify;\">Promoviendo las interacciones entre iguales y la coeducaci\u00f3n.<\/li>\n<li style=\"text-align: justify;\">Conociendo nuestro patrimonio y la identidad cultural.<\/li>\n<li style=\"text-align: justify;\">Aprendiendo a relacionarnos de manera adecuada con los dem\u00e1s y con el entorno\u201d 0 violencia desde los 0 a\u00f1os\u201d.<\/li>\n<li style=\"text-align: left;\">Mediante los TICs.<\/li>\n<li style=\"text-align: left;\">Libros de texto.<\/li>\n<li style=\"text-align: justify;\">Aprendiendo con los dem\u00e1s mediante grupos interactivos.<\/li>\n<li style=\"text-align: justify;\">Acostumbr\u00e1ndonos a compartir nuestras experiencias, preocupaciones\u2026 mediante tertulias literarias.<\/li>\n<li style=\"text-align: left;\">Marco educaci\u00f3n triling\u00fce.<\/li>\n<li style=\"text-align: justify;\">Participando en el &nbsp;proyecto Agenda 21.<\/li>\n<li style=\"text-align: left;\">Psicomotricidad.<\/li>\n<li style=\"text-align: left;\">Educaci\u00f3n Vial.<\/li>\n<li style=\"text-align: left;\">Educaci\u00f3n Afectivo Sexual. <a href=\"https:\/\/www.centroarlera.com\/es\/\" target=\"_blank\" rel=\"noopener noreferrer\">Haz click en este enlace para ponerte en contacto<\/a><\/li>\n<li style=\"text-align: justify;\">Salidas: dentro y fuera del pueblo (Natur Eskola, Librer\u00eda municipal, Arantzazu, astronom\u00eda, conocer diferentes profesiones, &nbsp;salidas de dos o tres d\u00edas a distintos albergues del Pa\u00eds Vasco).<\/li>\n<\/ul><\/div>\n\t\t\t<\/div>\n\t\t\t<\/div>\n\t\t\t\t\n\t\t\t\t\n\t\t\t\t\n\t\t\t\t\n\t\t\t<\/div><div class=\"et_d4_element et_pb_row et_pb_row_1  et_pb_css_mix_blend_mode et_block_row\">\n\t\t\t\t<div class=\"et_d4_element et_pb_column_4_4 et_pb_column et_pb_column_2  et_pb_css_mix_blend_mode et-last-child et_block_column\">\n\t\t\t\t\n\t\t\t\t\n\t\t\t\t\n\t\t\t\t\n\t\t\t\t<div class=\"et_pb_module et_d4_element et_pb_text et_pb_text_2  et_pb_text_align_left et_pb_bg_layout_light\">\n\t\t\t\t\n\t\t\t\t\n\t\t\t\t\n\t\t\t\t\n\t\t\t\t<div class=\"et_pb_text_inner\"><h2 style=\"text-align: center;\">PROYECTOS<\/h2><\/div>\n\t\t\t<\/div><div class=\"et_pb_module et_d4_element et_pb_accordion et_pb_accordion_0 itxita\">\n\t\t\t\t\n\t\t\t\t\n\t\t\t\t\n\t\t\t\t\n\t\t\t\t<div class=\"et_pb_toggle et_pb_module et_d4_element et_pb_accordion_item et_pb_accordion_item_0  et_pb_toggle_open\">\n\t\t\t\t\n\t\t\t\t\n\t\t\t\t\n\t\t\t\t\n\t\t\t\t<h5 class=\"et_pb_toggle_title\">Ikaskom<\/h5>\n\t\t\t\t<div class=\"et_pb_toggle_content clearfix\"><p style=\"text-align: justify;\">Este es el eje central de nuestro Proyecto Educativo. Nuestro centro, siendo una Comunidad de Aprendizaje, tiene como objetivo que todos nuestros alumnos desarrollan al m\u00e1ximo sus capacidades, en un entorno de buena convivencia.<\/p>\n<p style=\"text-align: justify;\">Para ello, hemos puesto en pr\u00e1ctica las Actuaciones Educativas de \u00c9xito, actuaciones universales que dan buenos resultados en todos los centros educativos en los que se ponen en pr\u00e1ctica, independientemente de sus caracter\u00edsticas, actuaciones avaladas por la comunidad cient\u00edfica internacional. entre ellas, 0 Violencia desde los 0 a\u00f1os, \u00a0Grupos Interactivos, Tertulias Dial\u00f3gicas( literarias, curriculares, pedag\u00f3gicas\u2026) y la participaci\u00f3n de toda la comunidad educativa mediante las Comisiones Mixtas.<\/p><\/div>\n\t\t\t<\/div><div class=\"et_pb_toggle et_pb_module et_d4_element et_pb_accordion_item et_pb_accordion_item_1  et_pb_toggle_close\">\n\t\t\t\t\n\t\t\t\t\n\t\t\t\t\n\t\t\t\t\n\t\t\t\t<h5 class=\"et_pb_toggle_title\">Educaci\u00f3n triling\u00fce<\/h5>\n\t\t\t\t<div class=\"et_pb_toggle_content clearfix\"><p style=\"text-align: justify;\">Nuestro centro se inscribe dentro del marco de educaci\u00f3n Triling\u00fce.Pod\u00e9is acceder  AQU\u00ed a nuestro proyecto educativo.<\/p>\n<h4><\/h4>\n<ul>\n<li style=\"text-align: justify;\">\n<h4>EUSKARA:<\/h4>\n<p>Es nuestra lengua vehicular en el d\u00eda a d\u00eda. Tomamos parte en el programa Ulibarri. Trabajamos Bertsolaritza en 5\u00ba y 6\u00ba de Primaria y 1\u00ba de la ESO.<br \/>\nEl objetivo es que cuando terminen el Bachillerato tengan nivel C1 (EGA).\n<\/li>\n<\/ul>\n<h4><\/h4>\n<ul>\n<li style=\"text-align: justify;\">\n<h4>ESPA\u00d1OL:<\/h4>\n<p>Empiezan a trabajar la misma sistem\u00e1ticamente con 6 a\u00f1os. Se logran todas las competencias en dicha lengua, como queda comprobado en las evaluaciones externas que se han realizado<\/li>\n<\/ul>\n<h4><\/h4>\n<ul>\n<li style=\"text-align: justify;\">\n<h4>INGL\u00c9S:<\/h4>\n<ul>\n<li>Empiezan a trabajarla con 3 a\u00f1os. A partir de 3\u00ba de Primaria trabajan la asignatura de Science en ingl\u00e9s y el ESO se imparte la asignatura de Geograf\u00eda e Historia en dicha lengua.<\/li>\n<li>El objetivo es que al finalizar Bachillerato tengan un nivel B2 (First).<\/li>\n<li>En 1\u00ba de Bachillerato se hace un intercambio con  Alemania y Pa\u00edses Bajos.<\/li>\n<li>Tenemos un convenio con La Universidad Cambridge  para realizar sus ex\u00e1menes oficiales en el centro.<\/li>\n<li>Desde el curso 2017-18 nuestro alumnos tienen la opci\u00f3n de cursar el Bachillerato Dual, mediante el cual logran tambi\u00e9n el t\u00edtulo de Bachillerato Americano.\n<\/li>\n<\/ul>\n<\/li>\n<\/ul><\/div>\n\t\t\t<\/div><div class=\"et_pb_toggle et_pb_module et_d4_element et_pb_accordion_item et_pb_accordion_item_2  et_pb_toggle_close\">\n\t\t\t\t\n\t\t\t\t\n\t\t\t\t\n\t\t\t\t\n\t\t\t\t<h5 class=\"et_pb_toggle_title\">Mindfulness<\/h5>\n\t\t\t\t<div class=\"et_pb_toggle_content clearfix\"><div class=\"et_pb_toggle_content clearfix\">\n<p style=\"text-align: justify;\">A veces no somos conscientes de que nuestra mente no para, de que no disfrutamos del presente porque sensaciones desagradables del pasado nos limitan, porque juzgamos sin necesidad o porque la incertidumbre del futuro nos agobia. Gracias a la pr\u00e1ctica de Mindfulness conseguiremos trasladar al presente nuestra atenci\u00f3n, con una sola condici\u00f3n, aceptar lo que nos ocurre con una actitud abierta, sin juzgar.<\/p>\n<p style=\"text-align: justify;\">Redirigir la mirada a nuestro interior, m\u00e1s a\u00fan, redescubrir nuestra dimensi\u00f3n interna, cuidarla y trabajarla, quiz\u00e1s hoy en d\u00eda m\u00e1s que nunca, puede llegar a a ser un gran regalo.<\/p>\n<p style=\"text-align: justify;\">Lo practican desde el aula de 3 a\u00f1os hasta 2\u00ba de bachillerato.<\/p>\n<\/div><\/div>\n\t\t\t<\/div>\n\t\t\t<\/div>\n\t\t\t<\/div>\n\t\t\t\t\n\t\t\t\t\n\t\t\t\t\n\t\t\t\t\n\t\t\t<\/div>\n\t\t\t\t\n\t\t\t\t\n\t\t\t<\/div><div class=\"et_d4_element et_pb_section et_pb_section_1 oinaurrekoimgtrans  et_pb_css_mix_blend_mode et_section_regular et_block_section\" >\n\t\t\t\t\n\t\t\t\t\n\t\t\t\t\n\t\t\t\t\n\t\t\t\t\n\t\t\t\t\n\t\t\t\t<div class=\"et_d4_element et_pb_row et_pb_row_2 oinaurrekoa et_pb_row_fullwidth et_pb_equal_columns  et_pb_css_mix_blend_mode et_block_row\">\n\t\t\t\t<div class=\"et_d4_element et_pb_column_1_3 et_pb_column et_pb_column_3  et_pb_css_mix_blend_mode et_block_column\">\n\t\t\t\t\n\t\t\t\t\n\t\t\t\t\n\t\t\t\t\n\t\t\t\t<div class=\"et_pb_with_border et_pb_module et_d4_element et_pb_cta_0 oinaurrekoimgtrans et_pb_promo  et_pb_text_align_center et_pb_bg_layout_dark\">\n\t\t\t\t\n\t\t\t\t\n\t\t\t\t\n\t\t\t\t\n\t\t\t\t<div class=\"et_pb_promo_description\"><div><p>\n&nbsp;<\/p>\n<p>&nbsp;<\/p>\n<p>&nbsp;<\/p>\n<p>&nbsp;<\/p>\n<p>&nbsp;<\/p><\/div><\/div>\n\t\t\t\t<div class=\"et_pb_button_wrapper\"><a class=\"et_pb_button et_pb_promo_button\" href=\"https:\/\/elkarhezi.eus\/es\/oferta-academica\/educacion-infantil\/\">EDUCACI\u00d3N INFANTIL<\/a><\/div>\n\t\t\t<\/div>\n\t\t\t<\/div><div class=\"et_d4_element et_pb_column_1_3 et_pb_column et_pb_column_4  et_pb_css_mix_blend_mode et_block_column\">\n\t\t\t\t\n\t\t\t\t\n\t\t\t\t\n\t\t\t\t\n\t\t\t\t<div class=\"et_pb_with_border et_pb_module et_d4_element et_pb_cta_1 oinaurrekoimgtrans et_pb_promo  et_pb_text_align_center et_pb_bg_layout_dark\">\n\t\t\t\t\n\t\t\t\t\n\t\t\t\t\n\t\t\t\t\n\t\t\t\t<div class=\"et_pb_promo_description\"><div><p>\n&nbsp;<\/p>\n<p>&nbsp;<\/p>\n<p>&nbsp;<\/p>\n<p>&nbsp;<\/p>\n<p>&nbsp;<\/p><\/div><\/div>\n\t\t\t\t<div class=\"et_pb_button_wrapper\"><a class=\"et_pb_button et_pb_promo_button\" href=\"https:\/\/elkarhezi.eus\/es\/oferta-academica\/educacion-secundaria-obligatoria\/\">ESO<\/a><\/div>\n\t\t\t<\/div>\n\t\t\t<\/div><div class=\"et_d4_element et_pb_column_1_3 et_pb_column et_pb_column_5  et_pb_css_mix_blend_mode et-last-child et_block_column\">\n\t\t\t\t\n\t\t\t\t\n\t\t\t\t\n\t\t\t\t\n\t\t\t\t<div class=\"et_pb_with_border et_pb_module et_d4_element et_pb_cta_2 oinaurrekoimgtrans et_pb_promo  et_pb_text_align_center et_pb_bg_layout_dark\">\n\t\t\t\t\n\t\t\t\t\n\t\t\t\t\n\t\t\t\t\n\t\t\t\t<div class=\"et_pb_promo_description\"><div><p>\n&nbsp;<\/p>\n<p>&nbsp;<\/p>\n<p>&nbsp;<\/p>\n<p>&nbsp;<\/p>\n<p>&nbsp;<\/p><\/div><\/div>\n\t\t\t\t<div class=\"et_pb_button_wrapper\"><a class=\"et_pb_button et_pb_promo_button\" href=\"https:\/\/elkarhezi.eus\/es\/oferta-academica\/bachillerato\/\">BACHILLERATO<\/a><\/div>\n\t\t\t<\/div>\n\t\t\t<\/div>\n\t\t\t\t\n\t\t\t\t\n\t\t\t\t\n\t\t\t\t\n\t\t\t<\/div>\n\t\t\t\t\n\t\t\t\t\n\t\t\t<\/div><\/p>\n","protected":false},"excerpt":{"rendered":"","protected":false},"author":1,"featured_media":5351,"parent":4323,"menu_order":0,"comment_status":"closed","ping_status":"closed","template":"template-orokorra-fullwidth.php","meta":{"_et_pb_use_builder":"on","_et_pb_old_content":"","_et_gb_content_width":"","footnotes":""},"class_list":["post-4343","page","type-page","status-publish","has-post-thumbnail","hentry"],"_links":{"self":[{"href":"https:\/\/elkarhezi.eus\/es\/wp-json\/wp\/v2\/pages\/4343","targetHints":{"allow":["GET"]}}],"collection":[{"href":"https:\/\/elkarhezi.eus\/es\/wp-json\/wp\/v2\/pages"}],"about":[{"href":"https:\/\/elkarhezi.eus\/es\/wp-json\/wp\/v2\/types\/page"}],"author":[{"embeddable":true,"href":"https:\/\/elkarhezi.eus\/es\/wp-json\/wp\/v2\/users\/1"}],"replies":[{"embeddable":true,"href":"https:\/\/elkarhezi.eus\/es\/wp-json\/wp\/v2\/comments?post=4343"}],"version-history":[{"count":5,"href":"https:\/\/elkarhezi.eus\/es\/wp-json\/wp\/v2\/pages\/4343\/revisions"}],"predecessor-version":[{"id":5353,"href":"https:\/\/elkarhezi.eus\/es\/wp-json\/wp\/v2\/pages\/4343\/revisions\/5353"}],"up":[{"embeddable":true,"href":"https:\/\/elkarhezi.eus\/es\/wp-json\/wp\/v2\/pages\/4323"}],"wp:featuredmedia":[{"embeddable":true,"href":"https:\/\/elkarhezi.eus\/es\/wp-json\/wp\/v2\/media\/5351"}],"wp:attachment":[{"href":"https:\/\/elkarhezi.eus\/es\/wp-json\/wp\/v2\/media?parent=4343"}],"curies":[{"name":"wp","href":"https:\/\/api.w.org\/{rel}","templated":true}]}}