{"id":4306,"date":"2019-02-19T16:24:27","date_gmt":"2019-02-19T15:24:27","guid":{"rendered":"https:\/\/elkarhezi.eus\/nortasun-ezaugarriak\/"},"modified":"2019-03-13T12:35:38","modified_gmt":"2019-03-13T11:35:38","slug":"senas-de-identidad","status":"publish","type":"page","link":"https:\/\/elkarhezi.eus\/es\/senas-de-identidad\/","title":{"rendered":"Se\u00f1as de identidad"},"content":{"rendered":"<div class=\"et_d4_element et_pb_section et_pb_section_0  et_pb_css_mix_blend_mode et_section_regular et_block_section\" >\n\t\t\t\t\n\t\t\t\t\n\t\t\t\t\n\t\t\t\t\n\t\t\t\t\n\t\t\t\t\n\t\t\t\t<div class=\"et_d4_element et_pb_row et_pb_row_0  et_pb_css_mix_blend_mode et_block_row\">\n\t\t\t\t<div class=\"et_d4_element et_pb_column_1_2 et_pb_column et_pb_column_0  et_pb_css_mix_blend_mode et_block_column\">\n\t\t\t\t\n\t\t\t\t\n\t\t\t\t\n\t\t\t\t\n\t\t\t\t<div class=\"et_pb_module et_d4_element et_pb_text et_pb_text_0  et_pb_text_align_left et_pb_bg_layout_light\">\n\t\t\t\t\n\t\t\t\t\n\t\t\t\t\n\t\t\t\t\n\t\t\t\t<div class=\"et_pb_text_inner\"><h2 style=\"text-align: justify;\">\u00bfEs obligatoria la \u201cReligi\u00f3n\u201d?<\/h2>\n<ul style=\"text-align: justify;\">\n<li>En el marco de nuestro proyecto educativo,&nbsp;<a href=\"https:\/\/docs.google.com\/presentation\/d\/1WmT0olrz7OJ8t-M8ok_jhl8uxBeJUyYZOUNVLWCRyLY\/edit?usp=sharing\" target=\"_blank\" rel=\"noopener noreferrer\">BIZIKIDEA<\/a>, no desarrollamos la asignatura de \u201creligi\u00f3n cat\u00f3lica\u201d sino <strong>Visiones del mundo: valores culturales, sociales, \u00e9ticos y religiones<\/strong>. He aqu\u00ed el v\u00ednculo de acceso a su <a href=\"https:\/\/docs.google.com\/a\/elkarhezi.com\/document\/d\/1Huas6nWwPmBWaKPkqNtvwP8mz-978uXbmvyKyIBBn1A\/edit?usp=sharing\" target=\"_blank\" rel=\"noopener noreferrer\">curriculum<\/a>.<\/li>\n<li>Est\u00e1 basado en el Curriculm Vasco y es coherente con el Marco Pedag\u00f3gico de HEZIBERRI 2020; esto es, su objetivo fundamental es el \u00f3ptimo desarrollo en todas las alumnas y los alumnos de <strong>todas las competencias<\/strong> necesarias (tanto transversales como disciplinares) para una vida plena, accediendo as\u00ed a una <strong>educaci\u00f3n integral<\/strong> de calidad. Est\u00e1 disciplina en concreto realiza una aportaci\u00f3n inestimable e ineludible a esa educaci\u00f3n integral, como as\u00ed se puede apreciar en su curriculum.<\/li>\n<\/ul><\/div>\n\t\t\t<\/div>\n\t\t\t<\/div><div class=\"et_d4_element et_pb_column_1_2 et_pb_column et_pb_column_1  et_pb_css_mix_blend_mode et-last-child et_block_column\">\n\t\t\t\t\n\t\t\t\t\n\t\t\t\t\n\t\t\t\t\n\t\t\t\t<div class=\"et_pb_with_border et_pb_module et_d4_element et_pb_text et_pb_text_1  et_pb_text_align_left et_pb_bg_layout_light\">\n\t\t\t\t\n\t\t\t\t\n\t\t\t\t\n\t\t\t\t\n\t\t\t\t<div class=\"et_pb_text_inner\"><p>\n<iframe loading=\"lazy\" src=\"https:\/\/www.youtube.com\/embed\/R_0JupQoOnM\" allowfullscreen=\"allowfullscreen\" width=\"560\" height=\"315\" frameborder=\"1\"><\/iframe><\/p><\/div>\n\t\t\t<\/div>\n\t\t\t<\/div>\n\t\t\t\t\n\t\t\t\t\n\t\t\t\t\n\t\t\t\t\n\t\t\t<\/div><div class=\"et_d4_element et_pb_row et_pb_row_1  et_pb_css_mix_blend_mode et_block_row\">\n\t\t\t\t<div class=\"et_d4_element et_pb_column_4_4 et_pb_column et_pb_column_2  et_pb_css_mix_blend_mode et-last-child et_block_column\">\n\t\t\t\t\n\t\t\t\t\n\t\t\t\t\n\t\t\t\t\n\t\t\t\t<div class=\"et_pb_module et_d4_element et_pb_text et_pb_text_2 2sekzioa  et_pb_text_align_left et_pb_bg_layout_light\">\n\t\t\t\t\n\t\t\t\t\n\t\t\t\t\n\t\t\t\t\n\t\t\t\t<div class=\"et_pb_text_inner\"><ul>\n<li style=\"text-align: justify;\">Por lo tanto, como <strong>no<\/strong> podr\u00eda ser de otro modo, esta disciplina tiene la misma categor\u00eda curricular que cualquier otra, y en ella no cabe ning\u00fan tipo de <strong>adoctrinamiento<\/strong> ni de <strong>catequesis<\/strong> \u201cen favor\u201d de ninguna fe o confesi\u00f3n particular concreta, es decir, es eminentemente aconfesional, con una perspectiva eminentemente cr\u00edtica y acad\u00e9mica.<\/li>\n<li style=\"text-align: justify;\">Junto a ello, siempre como oferta fuera del horario lectivo y curricular formal y para las familias que as\u00ed lo decidieran, en colaboraci\u00f3n con otras instituciones y en otros espacios, se ofertar\u00e1n actividades voluntarias para la profundizaci\u00f3n en la <strong>fe y el proyecto de vida de Jes\u00fas de Nazaret<\/strong>, posibilitando de este modo que <strong>cada persona vaya construyendo en total libertad su propio proyecto personal de vida.<\/strong><\/li>\n<li style=\"text-align: justify;\">Asimismo, ponemos de manifiesto, que en nuestro quehacer educativo diario, ser\u00e1n una referencia fundamental siempre presente los <strong>comportamientos y valores claves de Jes\u00fas de Nazaret.<\/strong> Esto es, Elkar Hezi adopta los valores fundamentales de Jes\u00fas de Nazaret como referencia laica a la hora de comprender y tratar a la persona en su labor educativa. Entre otros, como prioritarios, los siguientes: amor, perd\u00f3n, respeto, opci\u00f3n preferencial por los m\u00e1s d\u00e9biles y necesitados, esperanza, alegr\u00eda, libertad, compromiso, dignidad, justicia, solidaridad\u2026 Como se manifiesta m\u00e1s arriba, Elkar Hezi no es una escuela confesional, cerrada, sino todo lo contrario, totalmente abierta, y en su comunidad educativa, estando de acuerdo con los valores mencionados, a nadie se le piden explicaciones acerca de sus creencias religiosas, opciones de conciencia\u2026; un indicador de esto es la diversidad actual de nuestras familias al respecto: ateas, agn\u00f3sticas, cristianas, musulmanas, en b\u00fasqueda\u2026<\/li>\n<li style=\"text-align: justify;\">Para terminar con este apartado, adem\u00e1s de por pura coherencia con su ideario y propia opci\u00f3n, en la medida en que es un centro educativo concertado por el Gobierno Vasco, Elkar Hezi cumple sin duda con los t\u00e9rminos de la susodicha concertaci\u00f3n, uno de los cuales es la no discriminaci\u00f3n por ning\u00fan motivo en los procesos de admisi\u00f3n de alumnos.<\/li>\n<\/ul>\n<h2 style=\"text-align: justify;\">\u00bfRezos y otras actividades lit\u00fargicas?<\/h2>\n<ul>\n<li style=\"text-align: justify;\"><strong>Dentro del horario escolar, curricular y lectivo, no<\/strong> se realiza ning\u00fan tipo de actividad liturgia de ninguna confesi\u00f3n particular. Fuera del horario y curriculum escolar, y para aquellas familias que as\u00ed lo quieran, atendiendo a nuestro contexto socio-cultural mayoritario, desde el centro o en colaboraci\u00f3n con otras instituciones, se ofrecer\u00e1n actividades de <strong>profundizaci\u00f3n y maduraci\u00f3n espiritual en la persona y proyecto de Jes\u00fas de Nazaret,<\/strong> como oportunidad para ayudar en la <strong>construcci\u00f3n libre y responsable del proyecto vital de cada persona.<\/strong><\/li>\n<\/ul>\n<h2>Presencia de iconos y\/o s\u00edmbolos de origen religioso? (Como alguna cruz en el paisaje o una escultura de Maria)<\/h2>\n<ul>\n<li style=\"text-align: justify;\">En coherencia con lo expuesto hasta ahora, as\u00ed los entendemos:<\/li>\n<li style=\"text-align: justify;\">Por una parte, como <strong>iconos axiol\u00f3gicos<\/strong>, es decir, en referencia a los valores antes mencionados y <strong>enraizados en el humanismo cristiano.<\/strong><\/li>\n<li style=\"text-align: justify;\">Por otro lado, como <strong>patrimonio cultural<\/strong> del Pa\u00eds Vasco. Lo mismo dir\u00edamos de otro tipo de manifestaciones culturales cuyo origen est\u00e1 en la tradici\u00f3n religiosa del pueblo vasco: Arantzazu, Olentzero\u2026<\/li>\n<li style=\"text-align: justify;\">Junto a ello, existe <strong>total libertad para tanto de modo privado como p\u00fablicamente utilizar cualquier otra iconograf\u00eda personal,<\/strong> tambi\u00e9n religiosa, siempre y cuando <strong>no se vulneren la igualdad y misma dignidad de todas las personas<\/strong> (cualquiera que sea su g\u00e9nero, raza, cultura, religi\u00f3n, ideolog\u00eda, orientaci\u00f3n sexual\u2026), y no supongan un obst\u00e1culo manifiesto y objetivo para el <strong>adecuado desarrollo de la actividades educativas.<\/strong><\/li>\n<\/ul><\/div>\n\t\t\t<\/div><div class=\"et_pb_module et_d4_element et_pb_cta_0 et_pb_promo  et_pb_text_align_center et_pb_bg_layout_dark\">\n\t\t\t\t\n\t\t\t\t\n\t\t\t\t\n\t\t\t\t\n\t\t\t\t<div class=\"et_pb_promo_description\"><h2 class=\"et_pb_module_header\">Se\u00f1as de identidad<\/h2><\/div>\n\t\t\t\t<div class=\"et_pb_button_wrapper\"><a class=\"et_pb_button et_pb_promo_button\" href=\"https:\/\/elkarhezi.eus\/wp-content\/uploads\/2019\/03\/Se%C3%B1as-de-identidad.pdf\" target=\"_blank\">VER DOCUMENTO<\/a><\/div>\n\t\t\t<\/div>\n\t\t\t<\/div>\n\t\t\t\t\n\t\t\t\t\n\t\t\t\t\n\t\t\t\t\n\t\t\t<\/div>\n\t\t\t\t\n\t\t\t\t\n\t\t\t<\/div>\n","protected":false},"excerpt":{"rendered":"","protected":false},"author":1,"featured_media":5318,"parent":0,"menu_order":0,"comment_status":"closed","ping_status":"closed","template":"template-orokorra-fullwidth.php","meta":{"_et_pb_use_builder":"on","_et_pb_old_content":"","_et_gb_content_width":"","footnotes":""},"class_list":["post-4306","page","type-page","status-publish","has-post-thumbnail","hentry"],"_links":{"self":[{"href":"https:\/\/elkarhezi.eus\/es\/wp-json\/wp\/v2\/pages\/4306","targetHints":{"allow":["GET"]}}],"collection":[{"href":"https:\/\/elkarhezi.eus\/es\/wp-json\/wp\/v2\/pages"}],"about":[{"href":"https:\/\/elkarhezi.eus\/es\/wp-json\/wp\/v2\/types\/page"}],"author":[{"embeddable":true,"href":"https:\/\/elkarhezi.eus\/es\/wp-json\/wp\/v2\/users\/1"}],"replies":[{"embeddable":true,"href":"https:\/\/elkarhezi.eus\/es\/wp-json\/wp\/v2\/comments?post=4306"}],"version-history":[{"count":5,"href":"https:\/\/elkarhezi.eus\/es\/wp-json\/wp\/v2\/pages\/4306\/revisions"}],"predecessor-version":[{"id":4492,"href":"https:\/\/elkarhezi.eus\/es\/wp-json\/wp\/v2\/pages\/4306\/revisions\/4492"}],"wp:featuredmedia":[{"embeddable":true,"href":"https:\/\/elkarhezi.eus\/es\/wp-json\/wp\/v2\/media\/5318"}],"wp:attachment":[{"href":"https:\/\/elkarhezi.eus\/es\/wp-json\/wp\/v2\/media?parent=4306"}],"curies":[{"name":"wp","href":"https:\/\/api.w.org\/{rel}","templated":true}]}}