{"id":4303,"date":"2019-02-19T16:22:58","date_gmt":"2019-02-19T15:22:58","guid":{"rendered":"https:\/\/elkarhezi.eus\/quienes-somos\/"},"modified":"2022-01-10T10:35:17","modified_gmt":"2022-01-10T09:35:17","slug":"quienes-somos","status":"publish","type":"page","link":"https:\/\/elkarhezi.eus\/es\/quienes-somos\/","title":{"rendered":"Quienes somos"},"content":{"rendered":"<p><div class=\"et_d4_element et_pb_section et_pb_section_0  et_pb_css_mix_blend_mode et_section_regular et_block_section\" >\n\t\t\t\t\n\t\t\t\t\n\t\t\t\t\n\t\t\t\t\n\t\t\t\t\n\t\t\t\t\n\t\t\t\t<div class=\"et_d4_element et_pb_row et_pb_row_0  et_pb_css_mix_blend_mode et_block_row\">\n\t\t\t\t<div class=\"et_d4_element et_pb_column_4_4 et_pb_column et_pb_column_0  et_pb_css_mix_blend_mode et-last-child et_block_column\">\n\t\t\t\t\n\t\t\t\t\n\t\t\t\t\n\t\t\t\t\n\t\t\t\t<div class=\"et_pb_module et_d4_element et_pb_code et_pb_code_0\">\n\t\t\t\t\n\t\t\t\t\n\t\t\t\t\n\t\t\t\t\n\t\t\t\t<div class=\"et_pb_code_inner\"><iframe loading=\"lazy\" width=\"560\" height=\"315\" src=\"https:\/\/www.youtube.com\/embed\/RrcZTpzLI24\" title=\"YouTube video player\" frameborder=\"0\" allow=\"accelerometer; autoplay; clipboard-write; encrypted-media; gyroscope; picture-in-picture\" allowfullscreen><\/iframe><\/div>\n\t\t\t<\/div><div class=\"et_pb_module et_d4_element et_pb_divider et_pb_divider_0 et_pb_space\"><div class=\"et_pb_divider_internal\"><\/div><\/div>\n\t\t\t<\/div>\n\t\t\t\t\n\t\t\t\t\n\t\t\t\t\n\t\t\t\t\n\t\t\t<\/div><div class=\"et_d4_element et_pb_row et_pb_row_1  et_pb_css_mix_blend_mode et_block_row\">\n\t\t\t\t<div class=\"et_d4_element et_pb_column_4_4 et_pb_column et_pb_column_1  et_pb_css_mix_blend_mode et-last-child et_block_column\">\n\t\t\t\t\n\t\t\t\t\n\t\t\t\t\n\t\t\t\t\n\t\t\t\t<div class=\"et_pb_module et_d4_element et_pb_code et_pb_code_1\">\n\t\t\t\t\n\t\t\t\t\n\t\t\t\t\n\t\t\t\t\n\t\t\t\t<div class=\"et_pb_code_inner\"><div style=\"width: 100%;\"><div style=\"position: relative; padding-bottom: 56.25%; padding-top: 0; height: 0;\"><iframe loading=\"lazy\" frameborder=\"0\" width=\"1200\" height=\"675\" style=\"position: absolute; top: 0; left: 0; width: 100%; height: 100%;\" src=\"https:\/\/view.genial.ly\/5fd9c3d937663f0d6c04d086\" type=\"text\/html\" allowscriptaccess=\"always\" allowfullscreen=\"true\" scrolling=\"yes\" allownetworking=\"all\"><\/iframe> <\/div><\/div><\/div>\n\t\t\t<\/div>\n\t\t\t<\/div>\n\t\t\t\t\n\t\t\t\t\n\t\t\t\t\n\t\t\t\t\n\t\t\t<\/div><div class=\"et_d4_element et_pb_row et_pb_row_2  et_pb_css_mix_blend_mode et_block_row\">\n\t\t\t\t<div class=\"et_d4_element et_pb_column_1_2 et_pb_column et_pb_column_2  et_pb_css_mix_blend_mode et_block_column\">\n\t\t\t\t\n\t\t\t\t\n\t\t\t\t\n\t\t\t\t\n\t\t\t\t<div class=\"et_pb_module et_d4_element et_pb_text et_pb_text_0  et_pb_text_align_left et_pb_bg_layout_light\">\n\t\t\t\t\n\t\t\t\t\n\t\t\t\t\n\t\t\t\t\n\t\t\t\t<div class=\"et_pb_text_inner\"><h1><b>Txikitasunean Handi<\/b><\/h1>\n<p><span style=\"font-weight: 400;\">Como todas las cosas, proyectos grandes o peque\u00f1as historias, todo empieza con algo tan simple o et\u00e9reo como un sue\u00f1o. Algo que parece que se va a escapar entre los dedos de las manos pero que a su vez esa misma condici\u00f3n se convierte en una de sus fortalezas, \u00bfde qu\u00e9 sirve toda la tecnolog\u00eda o recursos del mundo si no persiguen un sue\u00f1o?<\/span><\/p>\n<p><span style=\"font-weight: 400;\">En nuestro caso, nuestro sue\u00f1o, el de las personas que formamos<\/span><b> ELKAR HEZI <\/b><span style=\"font-weight: 400;\">&nbsp;no es otro que el de poder contribuir a la formaci\u00f3n integral de las personas, es decir, a&nbsp; que consigan el mejor de los niveles en todas las disciplinas y competencias,&nbsp; tambi\u00e9n a que&nbsp; sean felices y sepan so\u00f1ar, trazar los bordes de una utop\u00eda factible que imagina una sociedad m\u00e1s equitativa, cercana y solidaria, aut\u00e9ntica <\/span><i><span style=\"font-weight: 400;\">Buena Noticia<\/span><\/i><span style=\"font-weight: 400;\"> para todas y todos, especialmente desde y en pos de la inclusi\u00f3n de los que m\u00e1s lo necesitan.&nbsp;<\/span><\/p>\n<p><span style=\"font-weight: 400;\">Es cierto que nos alejamos de algunas tendencias actuales que imponen modelos mastod\u00f3nticos, encorsetados, en los que el tama\u00f1o parece ser lo m\u00e1s importante, el baile constante de n\u00fameros, cifras que seg\u00fan aumentan nos sumergen en un estado de autocomplacencia. Nosotros m\u00e1s que en n\u00fameros preferimos pensar en personas, en ni\u00f1as, j\u00f3venes a los que no queremos ni dividir, ni multiplicar, ni restar, simplemente les queremos acompa\u00f1ar en este proceso de aprendizaje, en la construcci\u00f3n de ese sue\u00f1o.<\/span><\/p>\n<p><span style=\"font-weight: 400;\">Partimos de un modelo peque\u00f1o, tal vez porque lo llevamos impreso en nuestro ADN, Euskal Herria un peque\u00f1o punto en el mundo, en el que se habla tambi\u00e9n una lengua peque\u00f1a, que se articula en torno a una cultura cercana, con unos valores y tradiciones bien delimitados, un territorio simb\u00f3lico impregnado de auzolan y cooperaci\u00f3n que nos hacen m\u00e1s fuertes a la hora de abrirnos al mundo. Tampoco nos olvidamos que interactuamos con personas peque\u00f1as, pero no por ello les tenemos que tratar con condescendencia porque como bien dir\u00eda<\/span><b> LAZKAO<\/b> <b>TXIKI \u201c<\/b><span style=\"font-weight: 400;\"> umeei gerritik behera lurreraino heltzen zaizkie hankak, eta jakin badakite, nola eta norantz mugitu\u201d.<\/span><\/p>\n<p><span style=\"font-weight: 400;\">Es por todo ello que hemos optado de forma natural por <\/span><b>LAS COMUNIDADES DE<\/b> <b>APRENDIZAJE<\/b><span style=\"font-weight: 400;\"> una metodolog\u00eda basada en evidencias cient\u00edficas contrastadas. Una corriente pedag\u00f3gica alejada&nbsp; de jerarqu\u00edas y estructuras desfasadas, apoyada en innovaci\u00f3n educativa con rigor cient\u00edfico.<\/span><\/p>\n<p><span style=\"font-weight: 400;\">Apostamos por un modelo basado en el di\u00e1logo entre iguales, y en el que nuestras alumnas\/os desde peque\u00f1os leen y reflexionan en grupo sobre obras de<\/span><b> Virginia Woolf, Kafka,<\/b><span style=\"font-weight: 400;\"> los<\/span><b> hermanos Grimm<\/b><span style=\"font-weight: 400;\"> o <\/span><b>Albert<\/b> <b>Camus,&nbsp; <\/b><span style=\"font-weight: 400;\">pero tambi\u00e9n nos arropa la m\u00fasica de <\/span><b>Ruper Ordorika<\/b><span style=\"font-weight: 400;\">, <\/span><b>Mursego <\/b><span style=\"font-weight: 400;\">o la literatura de <\/span><b>Harkaitz Cano<\/b><span style=\"font-weight: 400;\">, los versos de <\/span><b>Maialen Lujanbio <\/b><span style=\"font-weight: 400;\">o los art\u00edculos de <\/span><b>Xabi Paya.<\/b><\/p>\n<p><span style=\"font-weight: 400;\">Nos ayudamos en <\/span><b>grupos interactivos<\/b><span style=\"font-weight: 400;\"> y podemos&nbsp; reforzar nuestro&nbsp; proceso de aprendizaje en las <\/span><b>bibliotecas tutorizadas<\/b><span style=\"font-weight: 400;\">. Desde peque\u00f1os apostamos por la<\/span><b> estimulaci\u00f3n temprana <\/b><span style=\"font-weight: 400;\">y todos los d\u00edas le dedicamos un espacio a la meditaci\u00f3n consciente, <\/span><b>Mindfulnes<\/b><span style=\"font-weight: 400;\">. Los problemas que surgen en el d\u00eda a d\u00eda los solucionamos a trav\u00e9s del di\u00e1logo entre iguales bajo el programa de <\/span><b>violencia 0 desde los 0 a\u00f1os.<\/b><\/p>\n<p><span style=\"font-weight: 400;\">En definitiva una escuela abierta, multidireccional, que cree en la formaci\u00f3n de las personas y tambi\u00e9n en la felicidad como herramienta natural para crear un mundo mejor.&nbsp;&nbsp;&nbsp;&nbsp;&nbsp;&nbsp;&nbsp;&nbsp;&nbsp;&nbsp;&nbsp;&nbsp;&nbsp;&nbsp;&nbsp;&nbsp;&nbsp;&nbsp;&nbsp;&nbsp;&nbsp;&nbsp;&nbsp;&nbsp;&nbsp;&nbsp;&nbsp;&nbsp;<\/span><\/p>\n<p><b>\u00bfSo\u00f1amos juntas\/os?<\/b><\/p>\n<p>&nbsp;<\/p><\/div>\n\t\t\t<\/div>\n\t\t\t<\/div><div class=\"et_d4_element et_pb_column_1_2 et_pb_column et_pb_column_3  et_pb_css_mix_blend_mode et-last-child et_block_column\">\n\t\t\t\t\n\t\t\t\t\n\t\t\t\t\n\t\t\t\t\n\t\t\t\t<div class=\"et_pb_module et_d4_element et_pb_text et_pb_text_1  et_pb_text_align_left et_pb_bg_layout_light\">\n\t\t\t\t\n\t\t\t\t\n\t\t\t\t\n\t\t\t\t\n\t\t\t\t<div class=\"et_pb_text_inner\"><p><iframe loading=\"lazy\" src=\"https:\/\/www.youtube.com\/embed\/W7LRKKy4X7I\" width=\"560\" height=\"315\" frameborder=\"0\" allowfullscreen=\"allowfullscreen\"><\/iframe><\/p><\/div>\n\t\t\t<\/div><div id=\"nortzukg\" class=\"et_pb_module et_d4_element et_pb_cta_0 et_pb_promo  et_pb_text_align_center et_pb_bg_layout_dark\">\n\t\t\t\t\n\t\t\t\t\n\t\t\t\t\n\t\t\t\t\n\t\t\t\t<div class=\"et_pb_promo_description\"><h2 class=\"et_pb_module_header\">EH Misi\u00f3n-Visi\u00f3n-Valores<\/h2><\/div>\n\t\t\t\t<div class=\"et_pb_button_wrapper\"><a class=\"et_pb_button et_pb_promo_button\" href=\"https:\/\/docs.google.com\/presentation\/d\/19havazGWFwt712z72dG88xrs2M7rBFxAP5U73Ax07mE\/edit\" target=\"_blank\">Ver documento<\/a><\/div>\n\t\t\t<\/div><div class=\"et_pb_module et_d4_element et_pb_cta_1 antolaketa et_pb_promo  et_pb_text_align_center et_pb_bg_layout_dark\">\n\t\t\t\t\n\t\t\t\t\n\t\t\t\t\n\t\t\t\t\n\t\t\t\t<div class=\"et_pb_promo_description\"><h2 class=\"et_pb_module_header\">Modelo organizativo<\/h2><\/div>\n\t\t\t\t<div class=\"et_pb_button_wrapper\"><a class=\"et_pb_button et_pb_promo_button\" href=\"https:\/\/elkarhezi.eus\/wp-content\/uploads\/2019\/01\/Antolaketa-eredua.pdf\" target=\"_blank\">Ver documento<\/a><\/div>\n\t\t\t<\/div><div class=\"et_pb_module et_d4_element et_pb_text et_pb_text_2  et_pb_text_align_left et_pb_bg_layout_light\">\n\t\t\t\t\n\t\t\t\t\n\t\t\t\t\n\t\t\t\t\n\t\t\t\t<div class=\"et_pb_text_inner\"><h2 style=\"text-align: justify;\">VALORES<\/h2>\n<p><span style=\"font-weight: 400;\">Nuestros valores son el fundamento y el reflejo de nuestra forma de ser, <\/span><span style=\"font-weight: 400;\">parte integrada de nuestra \u201ccultura interna\u201d y claves para la consecuci\u00f3n de nuestra Visi\u00f3n, coherentes a su vez con &nbsp;nuestro modelo educativo<\/span><\/p>\n<ul>\n<li>Corrresponsabilidad<\/li>\n<li>Visi\u00f3n estrat\u00e9gica<\/li>\n<li>Actitud innovadora<\/li>\n<li>Solidaridad<\/li>\n<li>Audacia<\/li>\n<li>Compartir<\/li>\n<li>Fidelidad<\/li>\n<li>Confianza<\/li>\n<li>Ser comunidad<\/li>\n<\/ul><\/div>\n\t\t\t<\/div>\n\t\t\t<\/div>\n\t\t\t\t\n\t\t\t\t\n\t\t\t\t\n\t\t\t\t\n\t\t\t<\/div>\n\t\t\t\t\n\t\t\t\t\n\t\t\t<\/div><div class=\"et_d4_element et_pb_section et_pb_section_1  et_pb_css_mix_blend_mode et_section_regular et_block_section\" >\n\t\t\t\t\n\t\t\t\t\n\t\t\t\t\n\t\t\t\t\n\t\t\t\t\n\t\t\t\t\n\t\t\t\t<div class=\"et_d4_element et_pb_row et_pb_row_3 testukolorea et_pb_row_fullwidth  et_pb_css_mix_blend_mode et_block_row\">\n\t\t\t\t<div class=\"et_d4_element et_pb_column_1_4 et_pb_column et_pb_column_4  et_pb_css_mix_blend_mode et_block_column et_pb_column_empty\">\n\t\t\t\t\n\t\t\t\t\n\t\t\t\t\n\t\t\t\t\n\t\t\t\t\n\t\t\t<\/div><div class=\"et_d4_element et_pb_column_1_2 et_pb_column et_pb_column_5  et_pb_css_mix_blend_mode et_block_column\">\n\t\t\t\t\n\t\t\t\t\n\t\t\t\t\n\t\t\t\t\n\t\t\t\t<div class=\"et_pb_module et_d4_element et_pb_text et_pb_text_3 ngeginbide  et_pb_text_align_left et_pb_bg_layout_light\">\n\t\t\t\t\n\t\t\t\t\n\t\t\t\t\n\t\t\t\t\n\t\t\t\t<div class=\"et_pb_text_inner\"><h2 style=\"text-align: justify;\"><span style=\"color: #ffffff;\">MISI\u00d3N<\/span><\/h2>\n<p style=\"text-align: justify;\"><span style=\"color: #ffffff;\">ELKAR HEZI es una Comunidad Educativa: alumnas y alumnos, educadoras\/es, exalumnas\/os, instituciones titulares y entidades colaboradoras en torno a un proyecto com\u00fan y compartido. Su reflejo jur\u00eddico lo tenemos en la Fundaci\u00f3n Ereiten, entidad titular del Centro.<\/span><\/p>\n<p style=\"text-align: justify;\"><span style=\"color: #ffffff;\">El objetivo de nuestro proyecto educativo es ayudar a nuestras alumnas y  nuestros alumnos a desarrollarse como personas de modo integral, desde los cimientos (valores) hasta los conocimientos, haci\u00e9ndoles competentes para ser agentes de mejora y transformaci\u00f3n activos en la sociedad, desde su entorno m\u00e1s cercano y hacia el mundo.<\/span><\/p>\n<p style=\"text-align: justify;\"><span style=\"color: #ffffff;\">Ofrecemos en el valle de Deba una educaci\u00f3n de gran calidad atestiguada por nuestros resultados, desde el regazo hasta la Universidad (0-18 a\u00f1os)<\/span><\/p><\/div>\n\t\t\t<\/div>\n\t\t\t<\/div><div class=\"et_d4_element et_pb_column_1_4 et_pb_column et_pb_column_6  et_pb_css_mix_blend_mode et-last-child et_block_column et_pb_column_empty\">\n\t\t\t\t\n\t\t\t\t\n\t\t\t\t\n\t\t\t\t\n\t\t\t\t\n\t\t\t<\/div>\n\t\t\t\t\n\t\t\t\t\n\t\t\t\t\n\t\t\t\t\n\t\t\t<\/div>\n\t\t\t\t\n\t\t\t\t\n\t\t\t<\/div><div class=\"et_d4_element et_pb_section et_pb_section_2  et_pb_css_mix_blend_mode et_section_regular et_block_section\" >\n\t\t\t\t\n\t\t\t\t\n\t\t\t\t\n\t\t\t\t\n\t\t\t\t\n\t\t\t\t\n\t\t\t\t<div class=\"et_d4_element et_pb_row et_pb_row_4 ngikusmira et_pb_row_fullwidth  et_pb_css_mix_blend_mode et_block_row\">\n\t\t\t\t<div class=\"et_d4_element et_pb_column_3_5 et_pb_column et_pb_column_7  et_pb_css_mix_blend_mode et_block_column\">\n\t\t\t\t\n\t\t\t\t\n\t\t\t\t\n\t\t\t\t\n\t\t\t\t<div class=\"et_pb_module et_d4_element et_pb_text et_pb_text_4 ngikusmira  et_pb_text_align_left et_pb_bg_layout_light\">\n\t\t\t\t\n\t\t\t\t\n\t\t\t\t\n\t\t\t\t\n\t\t\t\t<div class=\"et_pb_text_inner\"><h2 style=\"text-align: justify;\"><span style=\"color: #ffffff;\">VISI\u00d3N<\/span><\/h2>\n<p style=\"text-align: justify;\"><span style=\"color: #ffffff;\">Elkar Hezi quiere ser un proyecto referente, vigoroso y con proyecci\u00f3n social y en el tiempo.<\/span><\/p>\n<ul>\n<li><span style=\"color: #ffffff;\"> Un proyecto educativo con personalidad propia, innovador y transformador <\/span>\n<ul>\n<li><span style=\"color: #ffffff;\">signo de identidad y orgullo es la sobresaliente preparaci\u00f3n competencial de sus alumnos, con coherencia y con sentido.<\/span><\/li>\n<li><span style=\"color: #ffffff;\">siendo innovador: \u00b7 en sus propuestas y pr\u00e1cticas pedag\u00f3gicas, basadas en evidencias cient\u00edficas.  \u00b7 en su manera de releer la cosmovisi\u00f3n cristiana, de re-interpretar y socializar de modo actualizado sus valores y propuestas, con actitud de di\u00e1logo y colaboraci\u00f3n abiertos, permeables y permanentes con la ciencia, la(s) cultura(s) y la sociedad actual.<\/span><\/li>\n<\/ul>\n<\/li>\n<li><span style=\"color: #ffffff;\">Un proyecto compartido, re-conocido, abierto, agente activo y ejemplar. <\/span><\/li>\n<li><span style=\"color: #ffffff;\">Y todo ello <strong>Con-formando<\/strong> la <strong>Comunidad<\/strong> Elkar Hezi en sentido fuerte.<\/span><\/li>\n<\/ul>\n<p style=\"text-align: justify;\"><span style=\"color: #ffffff;\">Por estas nuestras se\u00f1as de identidad, queremos ser una referencia preferencial clara y diferente en O\u00f1ati, en todo el valle de Deba y en el Pa\u00eds Vasco.<\/span><\/p><\/div>\n\t\t\t<\/div>\n\t\t\t<\/div><div class=\"et_d4_element et_pb_column_2_5 et_pb_column et_pb_column_8  et_pb_css_mix_blend_mode et-last-child et_block_column et_pb_column_empty\">\n\t\t\t\t\n\t\t\t\t\n\t\t\t\t\n\t\t\t\t\n\t\t\t\t\n\t\t\t<\/div>\n\t\t\t\t\n\t\t\t\t\n\t\t\t\t\n\t\t\t\t\n\t\t\t<\/div>\n\t\t\t\t\n\t\t\t\t\n\t\t\t<\/div><\/p>\n","protected":false},"excerpt":{"rendered":"","protected":false},"author":1,"featured_media":5945,"parent":0,"menu_order":0,"comment_status":"closed","ping_status":"closed","template":"template-orokorra-fullwidth.php","meta":{"_et_pb_use_builder":"on","_et_pb_old_content":"","_et_gb_content_width":"","footnotes":""},"class_list":["post-4303","page","type-page","status-publish","has-post-thumbnail","hentry"],"_links":{"self":[{"href":"https:\/\/elkarhezi.eus\/es\/wp-json\/wp\/v2\/pages\/4303","targetHints":{"allow":["GET"]}}],"collection":[{"href":"https:\/\/elkarhezi.eus\/es\/wp-json\/wp\/v2\/pages"}],"about":[{"href":"https:\/\/elkarhezi.eus\/es\/wp-json\/wp\/v2\/types\/page"}],"author":[{"embeddable":true,"href":"https:\/\/elkarhezi.eus\/es\/wp-json\/wp\/v2\/users\/1"}],"replies":[{"embeddable":true,"href":"https:\/\/elkarhezi.eus\/es\/wp-json\/wp\/v2\/comments?post=4303"}],"version-history":[{"count":7,"href":"https:\/\/elkarhezi.eus\/es\/wp-json\/wp\/v2\/pages\/4303\/revisions"}],"predecessor-version":[{"id":7779,"href":"https:\/\/elkarhezi.eus\/es\/wp-json\/wp\/v2\/pages\/4303\/revisions\/7779"}],"wp:featuredmedia":[{"embeddable":true,"href":"https:\/\/elkarhezi.eus\/es\/wp-json\/wp\/v2\/media\/5945"}],"wp:attachment":[{"href":"https:\/\/elkarhezi.eus\/es\/wp-json\/wp\/v2\/media?parent=4303"}],"curies":[{"name":"wp","href":"https:\/\/api.w.org\/{rel}","templated":true}]}}