{"id":12021,"date":"2024-04-22T16:40:12","date_gmt":"2024-04-22T14:40:12","guid":{"rendered":"https:\/\/elkarhezi.eus\/escuela-infantil-a-tu-medida\/"},"modified":"2024-04-23T10:47:22","modified_gmt":"2024-04-23T08:47:22","slug":"escuela-infantil-a-tu-medida","status":"publish","type":"page","link":"https:\/\/elkarhezi.eus\/es\/escuela-infantil-a-tu-medida\/","title":{"rendered":"Escuela Infantil a tu medida"},"content":{"rendered":"<p><div class=\"et_d4_element et_pb_section et_pb_section_0  et_pb_css_mix_blend_mode et_section_regular et_block_section\" >\n\t\t\t\t\n\t\t\t\t\n\t\t\t\t\n\t\t\t\t\n\t\t\t\t\n\t\t\t\t\n\t\t\t\t<div class=\"et_d4_element et_pb_row et_pb_row_0  et_pb_css_mix_blend_mode et_block_row\">\n\t\t\t\t<div class=\"et_d4_element et_pb_column_4_4 et_pb_column et_pb_column_0  et_pb_css_mix_blend_mode et-last-child et_block_column\">\n\t\t\t\t\n\t\t\t\t\n\t\t\t\t\n\t\t\t\t\n\t\t\t\t<div class=\"et_pb_module et_d4_element et_pb_text et_pb_text_0  et_pb_text_align_left et_pb_bg_layout_light\">\n\t\t\t\t\n\t\t\t\t\n\t\t\t\t\n\t\t\t\t\n\t\t\t\t<div class=\"et_pb_text_inner\"><h2 style=\"text-align: left;\">A SU LADO DESDE LOS PRIMEROS PASOS<\/h2>\n<p>Llevamos a\u00f1os dando lo mejor de nosotras a los\/las m\u00e1s peque\u00f1os\/as y a sus familias.<\/p>\n<p>En la Escuela Infantil, los acompa\u00f1amos desde los primeros pasos, nos convertimos en refugio de llantos los primeros d\u00edas, testigos de carcajadas los siguientes . Cada d\u00eda ponemos nuestro granito de arena en el crecimiento y la educaci\u00f3n de los ni\u00f1os y ni\u00f1as, ayud\u00e1ndoles a conocer el mundo;\u00a0 ofreci\u00e9ndoles oportunidades para un desarrollo optimo; ense\u00f1andoles a caer y, sobre todo, a levantarse; experimentando una convivencia basada en el cuidado mutuo; disfrutando de la vida juntos.<\/p>\n<p>El af\u00e1n de superaci\u00f3n constante y de responder a las necesidades sociales nos ha llevado a dar un paso m\u00e1s: a partir del curso 2024-2025, la <span style=\"color: #008000;\"><strong>ESCUELA INFANTIL de Elkar Hezi ser\u00e1 GRATUITA.<\/strong><\/span><\/p>\n<p>El pasado curso, siendo la creaci\u00f3n del Servicio P\u00fablico de Educaci\u00f3n Vasca tambi\u00e9n nuestro objetivo, nos comprometimos a dar los primeros pasos para que el proyecto ELKAR HEZI fuera a\u00fan m\u00e1s accesible para todas las familias de O\u00f1ati (aula de 2 a\u00f1os gratis y reduciendo costes en la Escuela Infantil). Hoy reafirmamos este compromiso apostando por la gratuidad.<\/p>\n<p>&nbsp;<\/p><\/div>\n\t\t\t<\/div><div class=\"et_pb_button_module_wrapper et_pb_button_0_wrapper et_pb_button_alignment_center et_pb_module \">\n\t\t\t\t<a class=\"et_pb_button et_d4_element et_pb_button_0 et_pb_bg_layout_light et_block_module\" href=\"https:\/\/docs.google.com\/forms\/d\/e\/1FAIpQLScq0rBVv_DwbFgN1qpRJjKMsf7a9HtKb5sBlujD1EcSNHZBWQ\/viewform\" target=\"_blank\">ESCOGE TU CITA PARA VISITARNOS<\/a>\n\t\t\t<\/div><div class=\"et_pb_module et_d4_element et_pb_code et_pb_code_0\">\n\t\t\t\t\n\t\t\t\t\n\t\t\t\t\n\t\t\t\t\n\t\t\t\t<div class=\"et_pb_code_inner\"><div style=\"width: 100%;\"><div style=\"position: relative; padding-bottom: 100%; padding-top: 0; height: 0;\"><iframe loading=\"lazy\" style=\"position: absolute; top: 0; left: 0; width: 100%; height: 100%;\" title=\"haur eskola 24-gaz\" src=\"https:\/\/view.genial.ly\/66269be08135030014594fd7\" width=\"1200\" height=\"1200\" frameborder=\"0\" scrolling=\"yes\" allowfullscreen=\"allowfullscreen\"><\/iframe><\/div><\/div><\/div>\n\t\t\t<\/div>\n\t\t\t<\/div>\n\t\t\t\t\n\t\t\t\t\n\t\t\t\t\n\t\t\t\t\n\t\t\t<\/div><div class=\"et_d4_element et_pb_row et_pb_row_1  et_pb_css_mix_blend_mode et_block_row\">\n\t\t\t\t<div class=\"et_d4_element et_pb_column_4_4 et_pb_column et_pb_column_1  et_pb_css_mix_blend_mode et-last-child et_block_column\">\n\t\t\t\t\n\t\t\t\t\n\t\t\t\t\n\t\t\t\t\n\t\t\t\t<div class=\"et_pb_module et_d4_element et_pb_text et_pb_text_1  et_pb_text_align_left et_pb_bg_layout_light\">\n\t\t\t\t\n\t\t\t\t\n\t\t\t\t\n\t\t\t\t\n\t\t\t\t<div class=\"et_pb_text_inner\"><h2 style=\"text-align: center;\">NUESTROS MOMENTOS DE LA ESCUELA INFANTIL EN IM\u00c1GENES<\/h2><\/div>\n\t\t\t<\/div>\n\t\t\t<\/div>\n\t\t\t\t\n\t\t\t\t\n\t\t\t\t\n\t\t\t\t\n\t\t\t<\/div><div class=\"et_d4_element et_pb_row et_pb_row_2  et_pb_css_mix_blend_mode et_block_row\">\n\t\t\t\t<div class=\"et_d4_element et_pb_column_1_3 et_pb_column et_pb_column_2  et_pb_css_mix_blend_mode et_block_column\">\n\t\t\t\t\n\t\t\t\t\n\t\t\t\t\n\t\t\t\t\n\t\t\t\t<div class=\"et_pb_module et_d4_element et_pb_image et_pb_image_0\">\n\t\t\t\t\n\t\t\t\t\n\t\t\t\t\n\t\t\t\t\n\t\t\t\t<a href=\"https:\/\/elkarhezi.eus\/wp-content\/uploads\/2024\/04\/24-8-scaled.jpg\" class=\"et_pb_lightbox_image\" title=\"\"><span class=\"et_pb_image_wrap \"><img loading=\"lazy\" decoding=\"async\" width=\"1707\" height=\"2560\" src=\"https:\/\/elkarhezi.eus\/wp-content\/uploads\/2024\/04\/24-8-scaled.jpg\" alt=\"\" title=\"24-8\" srcset=\"https:\/\/elkarhezi.eus\/wp-content\/uploads\/2024\/04\/24-8-scaled.jpg 1707w, https:\/\/elkarhezi.eus\/wp-content\/uploads\/2024\/04\/24-8-1280x1920.jpg 1280w, https:\/\/elkarhezi.eus\/wp-content\/uploads\/2024\/04\/24-8-980x1470.jpg 980w, https:\/\/elkarhezi.eus\/wp-content\/uploads\/2024\/04\/24-8-480x720.jpg 480w\" sizes=\"(min-width: 0px) and (max-width: 480px) 480px, (min-width: 481px) and (max-width: 980px) 980px, (min-width: 981px) and (max-width: 1280px) 1280px, (min-width: 1281px) 1707px, 100vw\" class=\"wp-image-11973\" \/><\/span><\/a>\n\t\t\t<\/div><div class=\"et_pb_module et_d4_element et_pb_image et_pb_image_1\">\n\t\t\t\t\n\t\t\t\t\n\t\t\t\t\n\t\t\t\t\n\t\t\t\t<a href=\"https:\/\/elkarhezi.eus\/wp-content\/uploads\/2024\/04\/24-14-scaled.jpg\" class=\"et_pb_lightbox_image\" title=\"\"><span class=\"et_pb_image_wrap \"><img loading=\"lazy\" decoding=\"async\" width=\"2560\" height=\"1707\" src=\"https:\/\/elkarhezi.eus\/wp-content\/uploads\/2024\/04\/24-14-scaled.jpg\" alt=\"\" title=\"24-14\" srcset=\"https:\/\/elkarhezi.eus\/wp-content\/uploads\/2024\/04\/24-14-scaled.jpg 2560w, https:\/\/elkarhezi.eus\/wp-content\/uploads\/2024\/04\/24-14-1280x854.jpg 1280w, https:\/\/elkarhezi.eus\/wp-content\/uploads\/2024\/04\/24-14-980x653.jpg 980w, https:\/\/elkarhezi.eus\/wp-content\/uploads\/2024\/04\/24-14-480x320.jpg 480w\" sizes=\"(min-width: 0px) and (max-width: 480px) 480px, (min-width: 481px) and (max-width: 980px) 980px, (min-width: 981px) and (max-width: 1280px) 1280px, (min-width: 1281px) 2560px, 100vw\" class=\"wp-image-11988\" \/><\/span><\/a>\n\t\t\t<\/div><div class=\"et_pb_module et_d4_element et_pb_image et_pb_image_2\">\n\t\t\t\t\n\t\t\t\t\n\t\t\t\t\n\t\t\t\t\n\t\t\t\t<a href=\"https:\/\/elkarhezi.eus\/wp-content\/uploads\/2024\/04\/IMG_1824-scaled.jpg\" class=\"et_pb_lightbox_image\" title=\"\"><span class=\"et_pb_image_wrap \"><img loading=\"lazy\" decoding=\"async\" width=\"2076\" height=\"2560\" src=\"https:\/\/elkarhezi.eus\/wp-content\/uploads\/2024\/04\/IMG_1824-scaled.jpg\" alt=\"\" title=\"IMG_1824\" srcset=\"https:\/\/elkarhezi.eus\/wp-content\/uploads\/2024\/04\/IMG_1824-scaled.jpg 2076w, https:\/\/elkarhezi.eus\/wp-content\/uploads\/2024\/04\/IMG_1824-1280x1578.jpg 1280w, https:\/\/elkarhezi.eus\/wp-content\/uploads\/2024\/04\/IMG_1824-980x1208.jpg 980w, https:\/\/elkarhezi.eus\/wp-content\/uploads\/2024\/04\/IMG_1824-480x592.jpg 480w\" sizes=\"(min-width: 0px) and (max-width: 480px) 480px, (min-width: 481px) and (max-width: 980px) 980px, (min-width: 981px) and (max-width: 1280px) 1280px, (min-width: 1281px) 2076px, 100vw\" class=\"wp-image-11984\" \/><\/span><\/a>\n\t\t\t<\/div><div class=\"et_pb_module et_d4_element et_pb_image et_pb_image_3\">\n\t\t\t\t\n\t\t\t\t\n\t\t\t\t\n\t\t\t\t\n\t\t\t\t<a href=\"https:\/\/elkarhezi.eus\/wp-content\/uploads\/2024\/04\/HAUR-ESKOLA.png\" class=\"et_pb_lightbox_image\" title=\"\"><span class=\"et_pb_image_wrap \"><img loading=\"lazy\" decoding=\"async\" width=\"695\" height=\"518\" src=\"https:\/\/elkarhezi.eus\/wp-content\/uploads\/2024\/04\/HAUR-ESKOLA.png\" alt=\"\" title=\"HAUR ESKOLA\" srcset=\"https:\/\/elkarhezi.eus\/wp-content\/uploads\/2024\/04\/HAUR-ESKOLA.png 695w, https:\/\/elkarhezi.eus\/wp-content\/uploads\/2024\/04\/HAUR-ESKOLA-480x358.png 480w\" sizes=\"(min-width: 0px) and (max-width: 480px) 480px, (min-width: 481px) 695px, 100vw\" class=\"wp-image-11996\" \/><\/span><\/a>\n\t\t\t<\/div>\n\t\t\t<\/div><div class=\"et_d4_element et_pb_column_1_3 et_pb_column et_pb_column_3  et_pb_css_mix_blend_mode et_block_column\">\n\t\t\t\t\n\t\t\t\t\n\t\t\t\t\n\t\t\t\t\n\t\t\t\t<div class=\"et_pb_module et_d4_element et_pb_image et_pb_image_4\">\n\t\t\t\t\n\t\t\t\t\n\t\t\t\t\n\t\t\t\t\n\t\t\t\t<a href=\"https:\/\/elkarhezi.eus\/wp-content\/uploads\/2024\/04\/IMG_1700-scaled.jpg\" class=\"et_pb_lightbox_image\" title=\"\"><span class=\"et_pb_image_wrap \"><img loading=\"lazy\" decoding=\"async\" width=\"2560\" height=\"1707\" src=\"https:\/\/elkarhezi.eus\/wp-content\/uploads\/2024\/04\/IMG_1700-scaled.jpg\" alt=\"\" title=\"IMG_1700\" srcset=\"https:\/\/elkarhezi.eus\/wp-content\/uploads\/2024\/04\/IMG_1700-scaled.jpg 2560w, https:\/\/elkarhezi.eus\/wp-content\/uploads\/2024\/04\/IMG_1700-1280x854.jpg 1280w, https:\/\/elkarhezi.eus\/wp-content\/uploads\/2024\/04\/IMG_1700-980x653.jpg 980w, https:\/\/elkarhezi.eus\/wp-content\/uploads\/2024\/04\/IMG_1700-480x320.jpg 480w\" sizes=\"(min-width: 0px) and (max-width: 480px) 480px, (min-width: 481px) and (max-width: 980px) 980px, (min-width: 981px) and (max-width: 1280px) 1280px, (min-width: 1281px) 2560px, 100vw\" class=\"wp-image-11977\" \/><\/span><\/a>\n\t\t\t<\/div><div class=\"et_pb_module et_d4_element et_pb_image et_pb_image_5\">\n\t\t\t\t\n\t\t\t\t\n\t\t\t\t\n\t\t\t\t\n\t\t\t\t<a href=\"https:\/\/elkarhezi.eus\/wp-content\/uploads\/2024\/04\/haurtzaindegia-20-scaled.jpg\" class=\"et_pb_lightbox_image\" title=\"\"><span class=\"et_pb_image_wrap \"><img loading=\"lazy\" decoding=\"async\" width=\"1701\" height=\"2560\" src=\"https:\/\/elkarhezi.eus\/wp-content\/uploads\/2024\/04\/haurtzaindegia-20-scaled.jpg\" alt=\"\" title=\"haurtzaindegia-20\" srcset=\"https:\/\/elkarhezi.eus\/wp-content\/uploads\/2024\/04\/haurtzaindegia-20-scaled.jpg 1701w, https:\/\/elkarhezi.eus\/wp-content\/uploads\/2024\/04\/haurtzaindegia-20-1280x1926.jpg 1280w, https:\/\/elkarhezi.eus\/wp-content\/uploads\/2024\/04\/haurtzaindegia-20-980x1475.jpg 980w, https:\/\/elkarhezi.eus\/wp-content\/uploads\/2024\/04\/haurtzaindegia-20-480x722.jpg 480w\" sizes=\"(min-width: 0px) and (max-width: 480px) 480px, (min-width: 481px) and (max-width: 980px) 980px, (min-width: 981px) and (max-width: 1280px) 1280px, (min-width: 1281px) 1701px, 100vw\" class=\"wp-image-11979\" \/><\/span><\/a>\n\t\t\t<\/div><div class=\"et_pb_module et_d4_element et_pb_image et_pb_image_6\">\n\t\t\t\t\n\t\t\t\t\n\t\t\t\t\n\t\t\t\t\n\t\t\t\t<a href=\"https:\/\/elkarhezi.eus\/wp-content\/uploads\/2024\/04\/IMG_9648-scaled.jpg\" class=\"et_pb_lightbox_image\" title=\"\"><span class=\"et_pb_image_wrap \"><img loading=\"lazy\" decoding=\"async\" width=\"2560\" height=\"1707\" src=\"https:\/\/elkarhezi.eus\/wp-content\/uploads\/2024\/04\/IMG_9648-scaled.jpg\" alt=\"\" title=\"IMG_9648\" srcset=\"https:\/\/elkarhezi.eus\/wp-content\/uploads\/2024\/04\/IMG_9648-scaled.jpg 2560w, https:\/\/elkarhezi.eus\/wp-content\/uploads\/2024\/04\/IMG_9648-1280x854.jpg 1280w, https:\/\/elkarhezi.eus\/wp-content\/uploads\/2024\/04\/IMG_9648-980x653.jpg 980w, https:\/\/elkarhezi.eus\/wp-content\/uploads\/2024\/04\/IMG_9648-480x320.jpg 480w\" sizes=\"(min-width: 0px) and (max-width: 480px) 480px, (min-width: 481px) and (max-width: 980px) 980px, (min-width: 981px) and (max-width: 1280px) 1280px, (min-width: 1281px) 2560px, 100vw\" class=\"wp-image-11990\" \/><\/span><\/a>\n\t\t\t<\/div><div class=\"et_pb_module et_d4_element et_pb_image et_pb_image_7\">\n\t\t\t\t\n\t\t\t\t\n\t\t\t\t\n\t\t\t\t\n\t\t\t\t<a href=\"https:\/\/elkarhezi.eus\/wp-content\/uploads\/2024\/04\/elkarhezi-24-scaled.jpg\" class=\"et_pb_lightbox_image\" title=\"\"><span class=\"et_pb_image_wrap \"><img loading=\"lazy\" decoding=\"async\" width=\"1790\" height=\"2560\" src=\"https:\/\/elkarhezi.eus\/wp-content\/uploads\/2024\/04\/elkarhezi-24-scaled.jpg\" alt=\"\" title=\"elkarhezi-24\" srcset=\"https:\/\/elkarhezi.eus\/wp-content\/uploads\/2024\/04\/elkarhezi-24-scaled.jpg 1790w, https:\/\/elkarhezi.eus\/wp-content\/uploads\/2024\/04\/elkarhezi-24-1280x1831.jpg 1280w, https:\/\/elkarhezi.eus\/wp-content\/uploads\/2024\/04\/elkarhezi-24-980x1402.jpg 980w, https:\/\/elkarhezi.eus\/wp-content\/uploads\/2024\/04\/elkarhezi-24-480x686.jpg 480w\" sizes=\"(min-width: 0px) and (max-width: 480px) 480px, (min-width: 481px) and (max-width: 980px) 980px, (min-width: 981px) and (max-width: 1280px) 1280px, (min-width: 1281px) 1790px, 100vw\" class=\"wp-image-11986\" \/><\/span><\/a>\n\t\t\t<\/div>\n\t\t\t<\/div><div class=\"et_d4_element et_pb_column_1_3 et_pb_column et_pb_column_4  et_pb_css_mix_blend_mode et-last-child et_block_column\">\n\t\t\t\t\n\t\t\t\t\n\t\t\t\t\n\t\t\t\t\n\t\t\t\t<div class=\"et_pb_module et_d4_element et_pb_image et_pb_image_8\">\n\t\t\t\t\n\t\t\t\t\n\t\t\t\t\n\t\t\t\t\n\t\t\t\t<a href=\"https:\/\/elkarhezi.eus\/wp-content\/uploads\/2024\/04\/EstimulazioGoiztiarraTailerra2023Azaroa-38-scaled.jpg\" class=\"et_pb_lightbox_image\" title=\"\"><span class=\"et_pb_image_wrap \"><img loading=\"lazy\" decoding=\"async\" width=\"1906\" height=\"2560\" src=\"https:\/\/elkarhezi.eus\/wp-content\/uploads\/2024\/04\/EstimulazioGoiztiarraTailerra2023Azaroa-38-scaled.jpg\" alt=\"\" title=\"EstimulazioGoiztiarraTailerra2023Azaroa-38\" srcset=\"https:\/\/elkarhezi.eus\/wp-content\/uploads\/2024\/04\/EstimulazioGoiztiarraTailerra2023Azaroa-38-scaled.jpg 1906w, https:\/\/elkarhezi.eus\/wp-content\/uploads\/2024\/04\/EstimulazioGoiztiarraTailerra2023Azaroa-38-1280x1719.jpg 1280w, https:\/\/elkarhezi.eus\/wp-content\/uploads\/2024\/04\/EstimulazioGoiztiarraTailerra2023Azaroa-38-980x1316.jpg 980w, https:\/\/elkarhezi.eus\/wp-content\/uploads\/2024\/04\/EstimulazioGoiztiarraTailerra2023Azaroa-38-480x645.jpg 480w\" sizes=\"(min-width: 0px) and (max-width: 480px) 480px, (min-width: 481px) and (max-width: 980px) 980px, (min-width: 981px) and (max-width: 1280px) 1280px, (min-width: 1281px) 1906px, 100vw\" class=\"wp-image-11981\" \/><\/span><\/a>\n\t\t\t<\/div><div class=\"et_pb_module et_d4_element et_pb_image et_pb_image_9\">\n\t\t\t\t\n\t\t\t\t\n\t\t\t\t\n\t\t\t\t\n\t\t\t\t<a href=\"https:\/\/elkarhezi.eus\/wp-content\/uploads\/2024\/04\/IMG_9831-scaled.jpg\" class=\"et_pb_lightbox_image\" title=\"\"><span class=\"et_pb_image_wrap \"><img loading=\"lazy\" decoding=\"async\" width=\"2560\" height=\"1707\" src=\"https:\/\/elkarhezi.eus\/wp-content\/uploads\/2024\/04\/IMG_9831-scaled.jpg\" alt=\"\" title=\"IMG_9831\" srcset=\"https:\/\/elkarhezi.eus\/wp-content\/uploads\/2024\/04\/IMG_9831-scaled.jpg 2560w, https:\/\/elkarhezi.eus\/wp-content\/uploads\/2024\/04\/IMG_9831-1280x854.jpg 1280w, https:\/\/elkarhezi.eus\/wp-content\/uploads\/2024\/04\/IMG_9831-980x653.jpg 980w, https:\/\/elkarhezi.eus\/wp-content\/uploads\/2024\/04\/IMG_9831-480x320.jpg 480w\" sizes=\"(min-width: 0px) and (max-width: 480px) 480px, (min-width: 481px) and (max-width: 980px) 980px, (min-width: 981px) and (max-width: 1280px) 1280px, (min-width: 1281px) 2560px, 100vw\" class=\"wp-image-11994\" \/><\/span><\/a>\n\t\t\t<\/div><div class=\"et_pb_module et_d4_element et_pb_image et_pb_image_10\">\n\t\t\t\t\n\t\t\t\t\n\t\t\t\t\n\t\t\t\t\n\t\t\t\t<a href=\"https:\/\/elkarhezi.eus\/wp-content\/uploads\/2024\/04\/IMG_20200226_101719-scaled.jpg\" class=\"et_pb_lightbox_image\" title=\"\"><span class=\"et_pb_image_wrap \"><img loading=\"lazy\" decoding=\"async\" width=\"1920\" height=\"2560\" src=\"https:\/\/elkarhezi.eus\/wp-content\/uploads\/2024\/04\/IMG_20200226_101719-scaled.jpg\" alt=\"\" title=\"IMG_20200226_101719\" srcset=\"https:\/\/elkarhezi.eus\/wp-content\/uploads\/2024\/04\/IMG_20200226_101719-scaled.jpg 1920w, https:\/\/elkarhezi.eus\/wp-content\/uploads\/2024\/04\/IMG_20200226_101719-1280x1707.jpg 1280w, https:\/\/elkarhezi.eus\/wp-content\/uploads\/2024\/04\/IMG_20200226_101719-980x1307.jpg 980w, https:\/\/elkarhezi.eus\/wp-content\/uploads\/2024\/04\/IMG_20200226_101719-480x640.jpg 480w\" sizes=\"(min-width: 0px) and (max-width: 480px) 480px, (min-width: 481px) and (max-width: 980px) 980px, (min-width: 981px) and (max-width: 1280px) 1280px, (min-width: 1281px) 1920px, 100vw\" class=\"wp-image-11975\" \/><\/span><\/a>\n\t\t\t<\/div><div class=\"et_pb_module et_d4_element et_pb_image et_pb_image_11\">\n\t\t\t\t\n\t\t\t\t\n\t\t\t\t\n\t\t\t\t\n\t\t\t\t<a href=\"https:\/\/elkarhezi.eus\/wp-content\/uploads\/2024\/04\/IMG_9725-scaled.jpg\" class=\"et_pb_lightbox_image\" title=\"\"><span class=\"et_pb_image_wrap \"><img loading=\"lazy\" decoding=\"async\" width=\"2560\" height=\"1707\" src=\"https:\/\/elkarhezi.eus\/wp-content\/uploads\/2024\/04\/IMG_9725-scaled.jpg\" alt=\"\" title=\"IMG_9725\" srcset=\"https:\/\/elkarhezi.eus\/wp-content\/uploads\/2024\/04\/IMG_9725-scaled.jpg 2560w, https:\/\/elkarhezi.eus\/wp-content\/uploads\/2024\/04\/IMG_9725-1280x854.jpg 1280w, https:\/\/elkarhezi.eus\/wp-content\/uploads\/2024\/04\/IMG_9725-980x653.jpg 980w, https:\/\/elkarhezi.eus\/wp-content\/uploads\/2024\/04\/IMG_9725-480x320.jpg 480w\" sizes=\"(min-width: 0px) and (max-width: 480px) 480px, (min-width: 481px) and (max-width: 980px) 980px, (min-width: 981px) and (max-width: 1280px) 1280px, (min-width: 1281px) 2560px, 100vw\" class=\"wp-image-11992\" \/><\/span><\/a>\n\t\t\t<\/div>\n\t\t\t<\/div>\n\t\t\t\t\n\t\t\t\t\n\t\t\t\t\n\t\t\t\t\n\t\t\t<\/div>\n\t\t\t\t\n\t\t\t\t\n\t\t\t<\/div><div class=\"et_d4_element et_pb_section et_pb_section_1  et_pb_css_mix_blend_mode et_section_regular et_block_section\" >\n\t\t\t\t\n\t\t\t\t\n\t\t\t\t\n\t\t\t\t\n\t\t\t\t\n\t\t\t\t\n\t\t\t\t\n\t\t\t\t\n\t\t\t\t\n\t\t\t<\/div><\/p>\n","protected":false},"excerpt":{"rendered":"","protected":false},"author":3,"featured_media":5350,"parent":0,"menu_order":0,"comment_status":"closed","ping_status":"closed","template":"template-orokorra-fullwidth.php","meta":{"_et_pb_use_builder":"on","_et_pb_old_content":"","_et_gb_content_width":"","footnotes":""},"class_list":["post-12021","page","type-page","status-publish","has-post-thumbnail","hentry"],"_links":{"self":[{"href":"https:\/\/elkarhezi.eus\/es\/wp-json\/wp\/v2\/pages\/12021","targetHints":{"allow":["GET"]}}],"collection":[{"href":"https:\/\/elkarhezi.eus\/es\/wp-json\/wp\/v2\/pages"}],"about":[{"href":"https:\/\/elkarhezi.eus\/es\/wp-json\/wp\/v2\/types\/page"}],"author":[{"embeddable":true,"href":"https:\/\/elkarhezi.eus\/es\/wp-json\/wp\/v2\/users\/3"}],"replies":[{"embeddable":true,"href":"https:\/\/elkarhezi.eus\/es\/wp-json\/wp\/v2\/comments?post=12021"}],"version-history":[{"count":10,"href":"https:\/\/elkarhezi.eus\/es\/wp-json\/wp\/v2\/pages\/12021\/revisions"}],"predecessor-version":[{"id":12044,"href":"https:\/\/elkarhezi.eus\/es\/wp-json\/wp\/v2\/pages\/12021\/revisions\/12044"}],"wp:featuredmedia":[{"embeddable":true,"href":"https:\/\/elkarhezi.eus\/es\/wp-json\/wp\/v2\/media\/5350"}],"wp:attachment":[{"href":"https:\/\/elkarhezi.eus\/es\/wp-json\/wp\/v2\/media?parent=12021"}],"curies":[{"name":"wp","href":"https:\/\/api.w.org\/{rel}","templated":true}]}}